{"id":38752,"date":"2025-07-28T12:28:01","date_gmt":"2025-07-28T10:28:01","guid":{"rendered":"https:\/\/zooprekes24.lt\/?post_type=product&#038;p=38752"},"modified":"2025-07-28T18:14:01","modified_gmt":"2025-07-28T16:14:01","slug":"trixie-led-tamsoje-svieciantis-antkaklis-sunims-iv-spalvu-reguliuojamo-dydzio-silikoninis","status":"publish","type":"product","link":"https:\/\/zooprekes24.lt\/et\/produktas\/trixie-led-tamsoje-svieciantis-antkaklis-sunims-iv-spalvu-reguliuojamo-dydzio-silikoninis\/","title":{"rendered":"Trixie LED tamsoje \u0161vie\u010diantis antkaklis \u0161unims, \u012fv. spalv\u0173, reguliuojamo dyd\u017eio, silikoninis"},"content":{"rendered":"","protected":false},"excerpt":{"rendered":"","protected":false},"featured_media":38759,"comment_status":"closed","ping_status":"closed","template":"","meta":{"_acf_changed":false,"slim_seo":{"title":"Trixie LED tamsoje \u0161vie\u010diantis antkaklis \u0161unims, \u012fv. spalv\u0173, reguliuojamo dyd\u017eio, silikoninis - Zooprekes24","description":""},"iawp_total_views":41},"product_brand":[],"product_cat":[9221,32,9074,8999,31,9219],"product_tag":[],"class_list":{"0":"post-38752","1":"product","2":"type-product","3":"status-publish","4":"has-post-thumbnail","6":"product_cat-kelioniu-ir-isvyku-prekes-sunims","7":"product_cat-kitos-sunu-prekes","8":"product_cat-pavadeliai-antsnukiai-petnesos","9":"product_cat-sunims","10":"product_cat-sunu-prekiu-gamintojai","11":"product_cat-trixie-sunims","12":"pa_prekiu-zenklai-trixie","13":"pa_veisles-dydis-didelems-veislems","14":"pa_veisles-dydis-mazoms-veislems","15":"pa_veisles-dydis-vidutinems-veislems","16":"pa_veisles-dydis-visu-dydziu-veislems","18":"first","19":"instock","20":"featured","21":"taxable","22":"shipping-taxable","23":"purchasable","24":"product-type-variable"},"acf":[],"_links":{"self":[{"href":"https:\/\/zooprekes24.lt\/et\/wp-json\/wp\/v2\/product\/38752","targetHints":{"allow":["GET"]}}],"collection":[{"href":"https:\/\/zooprekes24.lt\/et\/wp-json\/wp\/v2\/product"}],"about":[{"href":"https:\/\/zooprekes24.lt\/et\/wp-json\/wp\/v2\/types\/product"}],"replies":[{"embeddable":true,"href":"https:\/\/zooprekes24.lt\/et\/wp-json\/wp\/v2\/comments?post=38752"}],"wp:featuredmedia":[{"embeddable":true,"href":"https:\/\/zooprekes24.lt\/et\/wp-json\/wp\/v2\/media\/38759"}],"wp:attachment":[{"href":"https:\/\/zooprekes24.lt\/et\/wp-json\/wp\/v2\/media?parent=38752"}],"wp:term":[{"taxonomy":"product_brand","embeddable":true,"href":"https:\/\/zooprekes24.lt\/et\/wp-json\/wp\/v2\/product_brand?post=38752"},{"taxonomy":"product_cat","embeddable":true,"href":"https:\/\/zooprekes24.lt\/et\/wp-json\/wp\/v2\/product_cat?post=38752"},{"taxonomy":"product_tag","embeddable":true,"href":"https:\/\/zooprekes24.lt\/et\/wp-json\/wp\/v2\/product_tag?post=38752"}],"curies":[{"name":"wp","href":"https:\/\/api.w.org\/{rel}","templated":true}]}}