{"id":38731,"date":"2025-07-28T10:10:46","date_gmt":"2025-07-28T08:10:46","guid":{"rendered":"https:\/\/zooprekes24.lt\/?post_type=product&#038;p=38731"},"modified":"2025-07-29T14:53:05","modified_gmt":"2025-07-29T12:53:05","slug":"trixie-ismatu-maiseliu-deklas-su-2-rulonais-iv-spalvu-plastikinis","status":"publish","type":"product","link":"https:\/\/zooprekes24.lt\/et\/produktas\/trixie-ismatu-maiseliu-deklas-su-2-rulonais-iv-spalvu-plastikinis\/","title":{"rendered":"Trixie i\u0161mat\u0173 mai\u0161eli\u0173 d\u0117klas su 2 rulonais, \u012fv. spalv\u0173, plastikinis"},"content":{"rendered":"","protected":false},"excerpt":{"rendered":"","protected":false},"featured_media":38733,"comment_status":"closed","ping_status":"closed","template":"","meta":{"_acf_changed":false,"slim_seo":{"title":"Trixie i\u0161mat\u0173 mai\u0161eli\u0173 d\u0117klas su 2 rulonais, \u012fv. spalv\u0173, plastikinis - Zooprekes24","description":""},"iawp_total_views":20},"product_brand":[],"product_cat":[9005,32,8999,31,9219],"product_tag":[],"class_list":{"0":"post-38731","1":"product","2":"type-product","3":"status-publish","4":"has-post-thumbnail","6":"product_cat-higienos-ir-valymo-priemones","7":"product_cat-kitos-sunu-prekes","8":"product_cat-sunims","9":"product_cat-sunu-prekiu-gamintojai","10":"product_cat-trixie-sunims","11":"pa_prekiu-zenklai-trixie","13":"first","14":"instock","15":"featured","16":"taxable","17":"shipping-taxable","18":"purchasable","19":"product-type-simple"},"acf":[],"_links":{"self":[{"href":"https:\/\/zooprekes24.lt\/et\/wp-json\/wp\/v2\/product\/38731","targetHints":{"allow":["GET"]}}],"collection":[{"href":"https:\/\/zooprekes24.lt\/et\/wp-json\/wp\/v2\/product"}],"about":[{"href":"https:\/\/zooprekes24.lt\/et\/wp-json\/wp\/v2\/types\/product"}],"replies":[{"embeddable":true,"href":"https:\/\/zooprekes24.lt\/et\/wp-json\/wp\/v2\/comments?post=38731"}],"wp:featuredmedia":[{"embeddable":true,"href":"https:\/\/zooprekes24.lt\/et\/wp-json\/wp\/v2\/media\/38733"}],"wp:attachment":[{"href":"https:\/\/zooprekes24.lt\/et\/wp-json\/wp\/v2\/media?parent=38731"}],"wp:term":[{"taxonomy":"product_brand","embeddable":true,"href":"https:\/\/zooprekes24.lt\/et\/wp-json\/wp\/v2\/product_brand?post=38731"},{"taxonomy":"product_cat","embeddable":true,"href":"https:\/\/zooprekes24.lt\/et\/wp-json\/wp\/v2\/product_cat?post=38731"},{"taxonomy":"product_tag","embeddable":true,"href":"https:\/\/zooprekes24.lt\/et\/wp-json\/wp\/v2\/product_tag?post=38731"}],"curies":[{"name":"wp","href":"https:\/\/api.w.org\/{rel}","templated":true}]}}