{"id":38609,"date":"2025-07-23T11:19:35","date_gmt":"2025-07-23T09:19:35","guid":{"rendered":"https:\/\/zooprekes24.lt\/?post_type=product&#038;p=38609"},"modified":"2026-01-20T13:43:05","modified_gmt":"2026-01-20T11:43:05","slug":"trixie-skudo-iata-transportavimo-boksas-deze-augintiniams-tinkamas-i-lektuva-iv-dydziu-kreminis-su-rudu","status":"publish","type":"product","link":"https:\/\/zooprekes24.lt\/et\/produktas\/trixie-skudo-iata-transportavimo-boksas-deze-augintiniams-tinkamas-i-lektuva-iv-dydziu-kreminis-su-rudu\/","title":{"rendered":"Trixie Skudo IATA transportavimo boksas-d\u0117\u017e\u0117 augintiniams, tinkamas \u012f l\u0117ktuv\u0105, \u012fv. dyd\u017ei\u0173, kreminis su rudu"},"content":{"rendered":"<p>Boks\u0173 i\u0161matavimai:<\/p>\n<ul>\n<li><strong>XS:<\/strong> 30 x 32 x 49 cm (iki 12 kg),<\/li>\n<li><strong>XS-S:<\/strong> 35 x 36 x 55 cm (iki 18 kg),<\/li>\n<li><strong>S:<\/strong> 40 x 39 x 60 cm (iki 24 kg),<\/li>\n<li><strong>S-M:<\/strong> 48 x 51 x 68 cm (iki 30 kg),<\/li>\n<li><strong>M:<\/strong> 59 x 65 x 79 cm (iki 35 kg),<\/li>\n<li><strong>M-L:<\/strong> 63 x 70 x 92 cm (iki 40 kg),<\/li>\n<li><strong>L:<\/strong> 73 x 76 x 105 cm (iki 45 kg).<\/li>\n<\/ul>","protected":false},"excerpt":{"rendered":"<p>Boks\u0173 i\u0161matavimai: XS: 30 x 32 x 49 cm (iki 12 kg), XS-S: 35 x 36 x 55 cm (iki 18 kg), S: 40 x 39 x 60 cm (iki 24 kg), S-M: 48 x 51 x 68 cm (iki 30 kg), M: 59 x 65 x 79 cm (iki 35 kg), M-L: 63 x&#8230;<\/p>","protected":false},"featured_media":38617,"comment_status":"closed","ping_status":"closed","template":"","meta":{"_acf_changed":false,"slim_seo":{"title":"Trixie Skudo IATA transportavimo boksas-d\u0117\u017e\u0117 augintiniams, tinkamas \u012f l\u0117ktuv\u0105, \u012fv. dyd\u017ei\u0173, kreminis su rudu - Zooprekes24","description":"Boks\u0173 i\u0161matavimai: XS: 30 x 32 x 49 cm (iki 12 kg), XS-S: 35 x 36 x 55 cm (iki 18 kg), S: 40 x 39 x 60 cm (iki 24 kg), S-M: 48 x 51 x 68 cm (iki 30 kg), M: 59 x"},"iawp_total_views":180},"product_brand":[],"product_cat":[9223,9078,83,25,9225,9221,104,32,8999,31,9219,9222],"product_tag":[],"class_list":{"0":"post-38609","1":"product","2":"type-product","3":"status-publish","4":"has-post-thumbnail","6":"product_cat-guoliai-patiesimai-transportavimo-priemones-katems","7":"product_cat-guoliai-patiesimai-transportavimo-priemones-sunims","8":"product_cat-kaciu-prekiu-gamintojai","9":"product_cat-katems","10":"product_cat-kelioniu-ir-isvyku-prekes-katems","11":"product_cat-kelioniu-ir-isvyku-prekes-sunims","12":"product_cat-kitos-kaciu-prekes","13":"product_cat-kitos-sunu-prekes","14":"product_cat-sunims","15":"product_cat-sunu-prekiu-gamintojai","16":"product_cat-trixie-sunims","17":"product_cat-trixie-katems","18":"pa_prekiu-zenklai-trixie","19":"pa_veisles-dydis-didelems-veislems","20":"pa_veisles-dydis-mazoms-veislems","21":"pa_veisles-dydis-vidutinems-veislems","22":"pa_veisles-dydis-visu-dydziu-veislems","24":"first","25":"instock","26":"featured","27":"taxable","28":"shipping-taxable","29":"purchasable","30":"product-type-variable"},"acf":[],"_links":{"self":[{"href":"https:\/\/zooprekes24.lt\/et\/wp-json\/wp\/v2\/product\/38609","targetHints":{"allow":["GET"]}}],"collection":[{"href":"https:\/\/zooprekes24.lt\/et\/wp-json\/wp\/v2\/product"}],"about":[{"href":"https:\/\/zooprekes24.lt\/et\/wp-json\/wp\/v2\/types\/product"}],"replies":[{"embeddable":true,"href":"https:\/\/zooprekes24.lt\/et\/wp-json\/wp\/v2\/comments?post=38609"}],"wp:featuredmedia":[{"embeddable":true,"href":"https:\/\/zooprekes24.lt\/et\/wp-json\/wp\/v2\/media\/38617"}],"wp:attachment":[{"href":"https:\/\/zooprekes24.lt\/et\/wp-json\/wp\/v2\/media?parent=38609"}],"wp:term":[{"taxonomy":"product_brand","embeddable":true,"href":"https:\/\/zooprekes24.lt\/et\/wp-json\/wp\/v2\/product_brand?post=38609"},{"taxonomy":"product_cat","embeddable":true,"href":"https:\/\/zooprekes24.lt\/et\/wp-json\/wp\/v2\/product_cat?post=38609"},{"taxonomy":"product_tag","embeddable":true,"href":"https:\/\/zooprekes24.lt\/et\/wp-json\/wp\/v2\/product_tag?post=38609"}],"curies":[{"name":"wp","href":"https:\/\/api.w.org\/{rel}","templated":true}]}}