{"id":38574,"date":"2025-07-22T12:30:40","date_gmt":"2025-07-22T10:30:40","guid":{"rendered":"https:\/\/zooprekes24.lt\/?post_type=product&#038;p=38574"},"modified":"2025-07-28T14:57:33","modified_gmt":"2025-07-28T12:57:33","slug":"expertus-tofu-kaciu-kraikas-zaliosios-arbatos-kvapo","status":"publish","type":"product","link":"https:\/\/zooprekes24.lt\/et\/produktas\/expertus-tofu-kaciu-kraikas-zaliosios-arbatos-kvapo\/","title":{"rendered":"Expertus Tofu ka\u010di\u0173 kraikas, \u017daliosios arbatos kvapo"},"content":{"rendered":"<h3><span data-contrast=\"auto\">Expertus Tofu &#8211; tai viena<\/span><span data-contrast=\"auto\">s<\/span><span data-contrast=\"auto\"> uusimad looduslikud allapanu sordid kassidele. Valmistatud 100% looduslikust hernestest <\/span><span data-contrast=\"auto\">kiud<\/span><span data-contrast=\"auto\">, <\/span><span data-contrast=\"auto\">olla<\/span><span data-contrast=\"auto\">\u00a0<\/span><span data-contrast=\"auto\">mis tahes <\/span><span data-contrast=\"auto\">s\u00fcnteetilised lisaained ja v\u00e4rvained<\/span><span data-contrast=\"auto\">. <a href=\"https:\/\/zooprekes24.lt\/et\/?s=Kraikas&amp;post_type=product&amp;product_cat=0\" target=\"_blank\" rel=\"noopener noreferrer\">Kassipesu<\/a> imab kiiresti niiskust ja neutraliseerib ebameeldivaid l\u00f5hnu. Samuti on see eriti \u00f5rn <\/span><span data-contrast=\"auto\">tundlike kasside jalgade jaoks.<\/span><span data-contrast=\"auto\">\u00a0<\/span><span data-contrast=\"auto\">Kui allapanu saab niiskust, siis h\u00fcppab see sisse\u00a0<\/span><span data-contrast=\"auto\">k\u00f5vad t\u00fckkideks,\u00a0<\/span><span data-contrast=\"auto\">Autor <\/span><span data-contrast=\"auto\">eemaldada kassi pesakastist <\/span><span data-contrast=\"auto\">lihtsalt ja kiiresti.<\/span><\/h3>\n<ul>\n<li>Meeldiv rohelise tee l\u00f5hn, mis neutraliseerib suurep\u00e4raselt ebameeldivaid l\u00f5hnu.<\/li>\n<li>Teie lemmiklooma jalad j\u00e4\u00e4vad alati puhtaks, ei j\u00e4ta j\u00e4lgi ja teie kodu on t\u00e4iesti puhas.<\/li>\n<li>Loodusliku koostise t\u00f5ttu on allapanu biolagunev ja vees lahustuv. V\u00f5ib ohutult WC-st alla loputada.<\/li>\n<li>Pr\u00fcgi on t\u00e4iesti keskkonnas\u00f5bralik. Toode on biolagunev ning seda saab kompostida ja kasutada loodusliku v\u00e4etisena.<\/li>\n<li>Pagrindin\u0117 Expertus kraiko sudedamoji dalis &#8211; \u017eirni\u0173 l\u0105steliena. Jo sud\u0117tyje n\u0117ra joki\u0173 sintetini\u0173\u202fpried\u0173 ir da\u017eikli\u0173, tod\u0117l jis yra netoksi\u0161kas ir 100% saugus kat\u0117ms.<\/li>\n<li>Tofupesu valmistamiseks ei kasutata puitu, seega ei raiuta puid, kaitstes seega keskkonda. T\u00e4nu unikaalsetele koostisosadele ei sulata allapanu, seega on see ohutu nii lemmikloomadele kui ka nende omanikele.<\/li>\n<\/ul>","protected":false},"excerpt":{"rendered":"<p>Expertus Tofu &#8211; tai vienas naujausi\u0173 nat\u016brali\u0173 kraik\u0173 r\u016b\u0161i\u0173, skirt\u0173 kat\u0117ms. Pagamintas i\u0161 100% nat\u016bralios \u017eirni\u0173 l\u0105stelienos, be\u00a0joki\u0173 sintetini\u0173 pried\u0173 ir da\u017eikli\u0173. Ka\u010di\u0173 kraikas greitai sugeria dr\u0117gm\u0119 ir neutralizuoja nemalonius kvapus. Be to, jis ypa\u010d \u0161velnus jautrioms kat\u0117s p\u0117dut\u0117ms.\u00a0Gav\u0119s dr\u0117gm\u0117s \u0161is kraikas su\u0161oka \u012f\u00a0kietus grumstelius,\u00a0kuriuos i\u0161 kat\u0117s tualeto pa\u0161alinsite lengvai ir greitai. Malonaus \u017ealiosios arbatos&#8230;<\/p>","protected":false},"featured_media":38577,"comment_status":"closed","ping_status":"closed","template":"","meta":{"_acf_changed":false,"slim_seo":{"title":"Expertus Tofu ka\u010di\u0173 kraikas, \u017daliosios arbatos kvapo - Zooprekes24","description":"Expertus Tofu - tai viena s naujausi\u0173 nat\u016brali\u0173 kraik\u0173 r\u016b\u0161i\u0173, skirt\u0173 kat\u0117ms. Pagamintas i\u0161 100% nat\u016bralios \u017eirni\u0173 l\u0105stelienos , be \u00a0 joki\u0173 sintetini\u0173 pried\u0173 ir"},"iawp_total_views":42},"product_brand":[],"product_cat":[78,25,9009],"product_tag":[],"class_list":{"0":"post-38574","1":"product","2":"type-product","3":"status-publish","4":"has-post-thumbnail","6":"product_cat-higiena-ir-prieziura-katems","7":"product_cat-katems","8":"product_cat-kraikas","9":"pa_kraiko-rusis-tofu","10":"pa_prekiu-zenklai-expertus","12":"first","13":"instock","14":"featured","15":"taxable","16":"shipping-taxable","17":"purchasable","18":"product-type-variable"},"acf":[],"_links":{"self":[{"href":"https:\/\/zooprekes24.lt\/et\/wp-json\/wp\/v2\/product\/38574","targetHints":{"allow":["GET"]}}],"collection":[{"href":"https:\/\/zooprekes24.lt\/et\/wp-json\/wp\/v2\/product"}],"about":[{"href":"https:\/\/zooprekes24.lt\/et\/wp-json\/wp\/v2\/types\/product"}],"replies":[{"embeddable":true,"href":"https:\/\/zooprekes24.lt\/et\/wp-json\/wp\/v2\/comments?post=38574"}],"wp:featuredmedia":[{"embeddable":true,"href":"https:\/\/zooprekes24.lt\/et\/wp-json\/wp\/v2\/media\/38577"}],"wp:attachment":[{"href":"https:\/\/zooprekes24.lt\/et\/wp-json\/wp\/v2\/media?parent=38574"}],"wp:term":[{"taxonomy":"product_brand","embeddable":true,"href":"https:\/\/zooprekes24.lt\/et\/wp-json\/wp\/v2\/product_brand?post=38574"},{"taxonomy":"product_cat","embeddable":true,"href":"https:\/\/zooprekes24.lt\/et\/wp-json\/wp\/v2\/product_cat?post=38574"},{"taxonomy":"product_tag","embeddable":true,"href":"https:\/\/zooprekes24.lt\/et\/wp-json\/wp\/v2\/product_tag?post=38574"}],"curies":[{"name":"wp","href":"https:\/\/api.w.org\/{rel}","templated":true}]}}