{"id":38169,"date":"2025-07-11T12:28:57","date_gmt":"2025-07-11T10:28:57","guid":{"rendered":"https:\/\/zooprekes24.lt\/?post_type=product&#038;p=38169"},"modified":"2025-07-11T14:23:47","modified_gmt":"2025-07-11T12:23:47","slug":"trixie-soft-grass-naturali-zole-katems-ir-kaciukams-su-indeliu-auginimui-100g","status":"publish","type":"product","link":"https:\/\/zooprekes24.lt\/et\/produktas\/trixie-soft-grass-naturali-zole-katems-ir-kaciukams-su-indeliu-auginimui-100g\/","title":{"rendered":"Trixie Soft Grass nat\u016brali \u017eol\u0117 kat\u0117ms ir ka\u010diukams su indeliu auginimui, 100 g"},"content":{"rendered":"","protected":false},"excerpt":{"rendered":"","protected":false},"featured_media":38172,"comment_status":"closed","ping_status":"closed","template":"","meta":{"_acf_changed":false,"slim_seo":{"title":"Trixie Soft Grass nat\u016brali \u017eol\u0117 kat\u0117ms ir ka\u010diukams su indeliu auginimui, 100 g - Zooprekes24","description":""},"iawp_total_views":24},"product_brand":[],"product_cat":[83,25,104,9222,9017],"product_tag":[],"class_list":{"0":"post-38169","1":"product","2":"type-product","3":"status-publish","4":"has-post-thumbnail","6":"product_cat-kaciu-prekiu-gamintojai","7":"product_cat-katems","8":"product_cat-kitos-kaciu-prekes","9":"product_cat-trixie-katems","10":"product_cat-vitaminai-ir-papildai-katems","11":"pa_prekiu-zenklai-trixie","13":"first","14":"instock","15":"featured","16":"taxable","17":"shipping-taxable","18":"purchasable","19":"product-type-simple"},"acf":[],"_links":{"self":[{"href":"https:\/\/zooprekes24.lt\/et\/wp-json\/wp\/v2\/product\/38169","targetHints":{"allow":["GET"]}}],"collection":[{"href":"https:\/\/zooprekes24.lt\/et\/wp-json\/wp\/v2\/product"}],"about":[{"href":"https:\/\/zooprekes24.lt\/et\/wp-json\/wp\/v2\/types\/product"}],"replies":[{"embeddable":true,"href":"https:\/\/zooprekes24.lt\/et\/wp-json\/wp\/v2\/comments?post=38169"}],"wp:featuredmedia":[{"embeddable":true,"href":"https:\/\/zooprekes24.lt\/et\/wp-json\/wp\/v2\/media\/38172"}],"wp:attachment":[{"href":"https:\/\/zooprekes24.lt\/et\/wp-json\/wp\/v2\/media?parent=38169"}],"wp:term":[{"taxonomy":"product_brand","embeddable":true,"href":"https:\/\/zooprekes24.lt\/et\/wp-json\/wp\/v2\/product_brand?post=38169"},{"taxonomy":"product_cat","embeddable":true,"href":"https:\/\/zooprekes24.lt\/et\/wp-json\/wp\/v2\/product_cat?post=38169"},{"taxonomy":"product_tag","embeddable":true,"href":"https:\/\/zooprekes24.lt\/et\/wp-json\/wp\/v2\/product_tag?post=38169"}],"curies":[{"name":"wp","href":"https:\/\/api.w.org\/{rel}","templated":true}]}}