{"id":38163,"date":"2025-07-11T12:10:01","date_gmt":"2025-07-11T10:10:01","guid":{"rendered":"https:\/\/zooprekes24.lt\/?post_type=product&#038;p=38163"},"modified":"2025-07-29T11:30:12","modified_gmt":"2025-07-29T09:30:12","slug":"trixie-nero-guolis-uztiesalas-sunims-apsaugantis-sofa-sviesiai-pilkas","status":"publish","type":"product","link":"https:\/\/zooprekes24.lt\/et\/produktas\/trixie-nero-guolis-uztiesalas-sunims-apsaugantis-sofa-sviesiai-pilkas\/","title":{"rendered":"Trixie Nero guolis\u2013u\u017etiesalas \u0161unims, apsaugantis sof\u0105, \u0161viesiai pilkas"},"content":{"rendered":"","protected":false},"excerpt":{"rendered":"","protected":false},"featured_media":38166,"comment_status":"closed","ping_status":"closed","template":"","meta":{"_acf_changed":false,"slim_seo":{"title":"Trixie Nero guolis\u2013u\u017etiesalas \u0161unims, apsaugantis sof\u0105, \u0161viesiai pilkas - Zooprekes24","description":""},"iawp_total_views":33},"product_brand":[],"product_cat":[9078,9221,32,8999,31,9219],"product_tag":[],"class_list":{"0":"post-38163","1":"product","2":"type-product","3":"status-publish","4":"has-post-thumbnail","6":"product_cat-guoliai-patiesimai-transportavimo-priemones-sunims","7":"product_cat-kelioniu-ir-isvyku-prekes-sunims","8":"product_cat-kitos-sunu-prekes","9":"product_cat-sunims","10":"product_cat-sunu-prekiu-gamintojai","11":"product_cat-trixie-sunims","12":"pa_prekiu-zenklai-trixie","14":"first","15":"instock","16":"featured","17":"taxable","18":"shipping-taxable","19":"purchasable","20":"product-type-variable"},"acf":[],"_links":{"self":[{"href":"https:\/\/zooprekes24.lt\/et\/wp-json\/wp\/v2\/product\/38163","targetHints":{"allow":["GET"]}}],"collection":[{"href":"https:\/\/zooprekes24.lt\/et\/wp-json\/wp\/v2\/product"}],"about":[{"href":"https:\/\/zooprekes24.lt\/et\/wp-json\/wp\/v2\/types\/product"}],"replies":[{"embeddable":true,"href":"https:\/\/zooprekes24.lt\/et\/wp-json\/wp\/v2\/comments?post=38163"}],"wp:featuredmedia":[{"embeddable":true,"href":"https:\/\/zooprekes24.lt\/et\/wp-json\/wp\/v2\/media\/38166"}],"wp:attachment":[{"href":"https:\/\/zooprekes24.lt\/et\/wp-json\/wp\/v2\/media?parent=38163"}],"wp:term":[{"taxonomy":"product_brand","embeddable":true,"href":"https:\/\/zooprekes24.lt\/et\/wp-json\/wp\/v2\/product_brand?post=38163"},{"taxonomy":"product_cat","embeddable":true,"href":"https:\/\/zooprekes24.lt\/et\/wp-json\/wp\/v2\/product_cat?post=38163"},{"taxonomy":"product_tag","embeddable":true,"href":"https:\/\/zooprekes24.lt\/et\/wp-json\/wp\/v2\/product_tag?post=38163"}],"curies":[{"name":"wp","href":"https:\/\/api.w.org\/{rel}","templated":true}]}}