{"id":37805,"date":"2025-07-01T15:56:50","date_gmt":"2025-07-01T13:56:50","guid":{"rendered":"https:\/\/zooprekes24.lt\/?post_type=product&#038;p=37805"},"modified":"2025-07-02T16:48:37","modified_gmt":"2025-07-02T14:48:37","slug":"bioveterinary-stress-control-pasaro-papildas-nervu-sistemai-ir-stresui-mazinti-sunims-ir-katems-n28","status":"publish","type":"product","link":"https:\/\/zooprekes24.lt\/et\/produktas\/bioveterinary-stress-control-pasaro-papildas-nervu-sistemai-ir-stresui-mazinti-sunims-ir-katems-n28\/","title":{"rendered":"BioVeterinary Stress Control pa\u0161aro papildas nerv\u0173 sistemai ir stresui ma\u017einti, \u0161unims ir kat\u0117ms N28"},"content":{"rendered":"<h3>Maisto papildas augintiniams BioVeterinary Stress Control skirtas ma\u017einti auginio patiriam\u0105 stres\u0105. Be da\u017eikli\u0173, konservant\u0173 ar skonio stiprikli\u0173. D\u0117\u017eut\u0117je 28 pakeliai.<\/h3>\n<ul>\n<li>Magnis padeda ma\u017einti patiriam\u0105 stres\u0105, padeda raumen\u0173 funkcijai ir psichologiniai pusiausvyrai.<\/li>\n<li>Valerijonas ramina, atpalaiduoja,\u00a0 padeda geresnei miego kokybei.<\/li>\n<li>B grup\u0117s vitamin\u0173 kompleksas stiprina nerv\u0173 sistem\u0105.<\/li>\n<li>L-triptopanas reikalingas organizmui gaminant serotonin\u0105 (laim\u0117s hormonas).<\/li>\n<li>\u017duv\u0173 taukai papildo naudingomis med\u017eiagomis bei gyv\u016bnui maloniu skoniu.<\/li>\n<\/ul>\n<h3>Tinkamumas:<\/h3>\n<ul>\n<li>Nerv\u0173 sistemai.<\/li>\n<li>Geresniam miegui.<\/li>\n<li>Raminantis ir atpalaiduojantis.<\/li>\n<li>Stresin\u0117ms situacijoms.<\/li>\n<\/ul>","protected":false},"excerpt":{"rendered":"<p>Maisto papildas augintiniams BioVeterinary Stress Control skirtas ma\u017einti auginio patiriam\u0105 stres\u0105. Be da\u017eikli\u0173, konservant\u0173 ar skonio stiprikli\u0173. D\u0117\u017eut\u0117je 28 pakeliai. Magnis padeda ma\u017einti patiriam\u0105 stres\u0105, padeda raumen\u0173 funkcijai ir psichologiniai pusiausvyrai. Valerijonas ramina, atpalaiduoja,\u00a0 padeda geresnei miego kokybei. B grup\u0117s vitamin\u0173 kompleksas stiprina nerv\u0173 sistem\u0105. L-triptopanas reikalingas organizmui gaminant serotonin\u0105 (laim\u0117s hormonas). \u017duv\u0173 taukai papildo&#8230;<\/p>","protected":false},"featured_media":37806,"comment_status":"closed","ping_status":"closed","template":"","meta":{"_acf_changed":false,"slim_seo":{"title":"BioVeterinary Stress Control pa\u0161aro papildas nerv\u0173 sistemai ir stresui ma\u017einti, \u0161unims ir kat\u0117ms N28 - Zooprekes24","description":"Maisto papildas augintiniams BioVeterinary Stress Control skirtas ma\u017einti auginio patiriam\u0105 stres\u0105. Be da\u017eikli\u0173, konservant\u0173 ar skonio stiprikli\u0173. D\u0117\u017eut\u0117je 28 p"},"iawp_total_views":66},"product_brand":[],"product_cat":[25,104,32,8999,9017,9022],"product_tag":[],"class_list":{"0":"post-37805","1":"product","2":"type-product","3":"status-publish","4":"has-post-thumbnail","6":"product_cat-katems","7":"product_cat-kitos-kaciu-prekes","8":"product_cat-kitos-sunu-prekes","9":"product_cat-sunims","10":"product_cat-vitaminai-ir-papildai-katems","11":"product_cat-vitaminai-ir-papildai-sunims","12":"pa_prekiu-zenklai-bioveterinary","13":"pa_suns-amzius-jauniems","14":"pa_suns-amzius-senjorams","15":"pa_suns-amzius-suaugusiems","16":"pa_suns-amzius-visiems-amziams","17":"pa_veisles-dydis-didelems-veislems","18":"pa_veisles-dydis-mazoms-veislems","19":"pa_veisles-dydis-vidutinems-veislems","20":"pa_veisles-dydis-visu-dydziu-veislems","22":"first","23":"instock","24":"featured","25":"taxable","26":"shipping-taxable","27":"purchasable","28":"product-type-simple"},"acf":[],"_links":{"self":[{"href":"https:\/\/zooprekes24.lt\/et\/wp-json\/wp\/v2\/product\/37805","targetHints":{"allow":["GET"]}}],"collection":[{"href":"https:\/\/zooprekes24.lt\/et\/wp-json\/wp\/v2\/product"}],"about":[{"href":"https:\/\/zooprekes24.lt\/et\/wp-json\/wp\/v2\/types\/product"}],"replies":[{"embeddable":true,"href":"https:\/\/zooprekes24.lt\/et\/wp-json\/wp\/v2\/comments?post=37805"}],"wp:featuredmedia":[{"embeddable":true,"href":"https:\/\/zooprekes24.lt\/et\/wp-json\/wp\/v2\/media\/37806"}],"wp:attachment":[{"href":"https:\/\/zooprekes24.lt\/et\/wp-json\/wp\/v2\/media?parent=37805"}],"wp:term":[{"taxonomy":"product_brand","embeddable":true,"href":"https:\/\/zooprekes24.lt\/et\/wp-json\/wp\/v2\/product_brand?post=37805"},{"taxonomy":"product_cat","embeddable":true,"href":"https:\/\/zooprekes24.lt\/et\/wp-json\/wp\/v2\/product_cat?post=37805"},{"taxonomy":"product_tag","embeddable":true,"href":"https:\/\/zooprekes24.lt\/et\/wp-json\/wp\/v2\/product_tag?post=37805"}],"curies":[{"name":"wp","href":"https:\/\/api.w.org\/{rel}","templated":true}]}}