{"id":37803,"date":"2025-07-01T15:39:10","date_gmt":"2025-07-01T13:39:10","guid":{"rendered":"https:\/\/zooprekes24.lt\/?post_type=product&#038;p=37803"},"modified":"2025-07-02T16:44:11","modified_gmt":"2025-07-02T14:44:11","slug":"bioveterinary-hepamax-1000-pasaro-papildas-normaliai-kepenu-veiklai-palaikyti-sunims-ir-katems-n28","status":"publish","type":"product","link":"https:\/\/zooprekes24.lt\/et\/produktas\/bioveterinary-hepamax-1000-pasaro-papildas-normaliai-kepenu-veiklai-palaikyti-sunims-ir-katems-n28\/","title":{"rendered":"BioVeterinary Hepamax 1000 pa\u0161aro papildas normaliai kepen\u0173 veiklai palaikyti, \u0161unims ir kat\u0117ms N28"},"content":{"rendered":"<h3>Maisto papildas augintiniams BioVeterinary Hepamax 1000 skirtas <span> normaliai kepen\u0173 veiklai, regeneracijai bei vir\u0161kinimui.<\/span><span>\u00a0<\/span>Be da\u017eikli\u0173, konservant\u0173 ar skonio stiprikli\u0173. D\u0117\u017eut\u0117je 28 pakeliai.<\/h3>\n<ul>\n<li>B grup\u0117s vitaminai: grup\u0117 vitamin\u0173, kurie dalyvauja daugumoje kepen\u0173 metabolizmo proces\u0173.<\/li>\n<li><em>Silybum Marianum<\/em>\u00a0veiklioji med\u017eiaga yra silimarinas. Jis padeda atstatyti kepen\u0173 l\u0105steles ir detoksikuoja jas. Pagrindiniai silimarino veikimo mechanizmai kepenyse yra antioksidacinis ir prie\u0161u\u017edegiminis poveikis.<\/li>\n<li>Cinkas yra daugelio ferment\u0173 komponentas, palaikantis \u017eaizd\u0173 gijim\u0105, l\u0105steli\u0173 augim\u0105 ir dauginim\u0105si. Kepen\u0173 veiklos sutrikim\u0173 atvejais cinkas riboja vario absorbcij\u0105, taip apsaugodamas nuo toksi\u0161ko kepenims elemento.<\/li>\n<\/ul>\n<h3>Tinkamumas:<\/h3>\n<ul>\n<li>Kepen\u0173 l\u0105steli\u0173 regeneracijai.<\/li>\n<li>Kepen\u0173 detoksikacijai.<\/li>\n<li>Vir\u0161kinimui.<\/li>\n<li>Organizmo valymui.<\/li>\n<\/ul>","protected":false},"excerpt":{"rendered":"<p>Maisto papildas augintiniams BioVeterinary Hepamax 1000 skirtas normaliai kepen\u0173 veiklai, regeneracijai bei vir\u0161kinimui.\u00a0Be da\u017eikli\u0173, konservant\u0173 ar skonio stiprikli\u0173. D\u0117\u017eut\u0117je 28 pakeliai. B grup\u0117s vitaminai: grup\u0117 vitamin\u0173, kurie dalyvauja daugumoje kepen\u0173 metabolizmo proces\u0173. Silybum Marianum\u00a0veiklioji med\u017eiaga yra silimarinas. Jis padeda atstatyti kepen\u0173 l\u0105steles ir detoksikuoja jas. Pagrindiniai silimarino veikimo mechanizmai kepenyse yra antioksidacinis ir prie\u0161u\u017edegiminis poveikis&#8230;.<\/p>","protected":false},"featured_media":37804,"comment_status":"closed","ping_status":"closed","template":"","meta":{"_acf_changed":false,"slim_seo":{"title":"BioVeterinary Hepamax 1000 pa\u0161aro papildas normaliai kepen\u0173 veiklai palaikyti, \u0161unims ir kat\u0117ms N28 - Zooprekes24","description":"Maisto papildas augintiniams BioVeterinary Hepamax 1000 skirtas normaliai kepen\u0173 veiklai, regeneracijai bei vir\u0161kinimui. \u00a0 Be da\u017eikli\u0173, konservant\u0173 ar skonio st"},"iawp_total_views":46},"product_brand":[],"product_cat":[25,104,32,8999,9017,9022],"product_tag":[],"class_list":{"0":"post-37803","1":"product","2":"type-product","3":"status-publish","4":"has-post-thumbnail","6":"product_cat-katems","7":"product_cat-kitos-kaciu-prekes","8":"product_cat-kitos-sunu-prekes","9":"product_cat-sunims","10":"product_cat-vitaminai-ir-papildai-katems","11":"product_cat-vitaminai-ir-papildai-sunims","12":"pa_prekiu-zenklai-bioveterinary","13":"pa_suns-amzius-jauniems","14":"pa_suns-amzius-senjorams","15":"pa_suns-amzius-suaugusiems","16":"pa_suns-amzius-visiems-amziams","17":"pa_veisles-dydis-didelems-veislems","18":"pa_veisles-dydis-mazoms-veislems","19":"pa_veisles-dydis-vidutinems-veislems","20":"pa_veisles-dydis-visu-dydziu-veislems","22":"first","23":"instock","24":"featured","25":"taxable","26":"shipping-taxable","27":"purchasable","28":"product-type-simple"},"acf":[],"_links":{"self":[{"href":"https:\/\/zooprekes24.lt\/et\/wp-json\/wp\/v2\/product\/37803","targetHints":{"allow":["GET"]}}],"collection":[{"href":"https:\/\/zooprekes24.lt\/et\/wp-json\/wp\/v2\/product"}],"about":[{"href":"https:\/\/zooprekes24.lt\/et\/wp-json\/wp\/v2\/types\/product"}],"replies":[{"embeddable":true,"href":"https:\/\/zooprekes24.lt\/et\/wp-json\/wp\/v2\/comments?post=37803"}],"wp:featuredmedia":[{"embeddable":true,"href":"https:\/\/zooprekes24.lt\/et\/wp-json\/wp\/v2\/media\/37804"}],"wp:attachment":[{"href":"https:\/\/zooprekes24.lt\/et\/wp-json\/wp\/v2\/media?parent=37803"}],"wp:term":[{"taxonomy":"product_brand","embeddable":true,"href":"https:\/\/zooprekes24.lt\/et\/wp-json\/wp\/v2\/product_brand?post=37803"},{"taxonomy":"product_cat","embeddable":true,"href":"https:\/\/zooprekes24.lt\/et\/wp-json\/wp\/v2\/product_cat?post=37803"},{"taxonomy":"product_tag","embeddable":true,"href":"https:\/\/zooprekes24.lt\/et\/wp-json\/wp\/v2\/product_tag?post=37803"}],"curies":[{"name":"wp","href":"https:\/\/api.w.org\/{rel}","templated":true}]}}