{"id":37798,"date":"2025-07-01T14:30:42","date_gmt":"2025-07-01T12:30:42","guid":{"rendered":"https:\/\/zooprekes24.lt\/?post_type=product&#038;p=37798"},"modified":"2025-07-02T16:45:35","modified_gmt":"2025-07-02T14:45:35","slug":"bioveterinary-extra-strong-pasaro-papildas-sanariams-ir-kaulams-stiprinti-sunims-ir-katems-n28","status":"publish","type":"product","link":"https:\/\/zooprekes24.lt\/et\/produktas\/bioveterinary-extra-strong-pasaro-papildas-sanariams-ir-kaulams-stiprinti-sunims-ir-katems-n28\/","title":{"rendered":"BioVeterinary Extra Strong pa\u0161aro papildas s\u0105nariams ir kaulams stiprinti, \u0161unims ir kat\u0117ms N28"},"content":{"rendered":"<h3>Maisto papildas augintiniams BioVeterinary Extra Strong su l<span>abai dideliu gliukozamino kiekiu (net 1500 mg viename pakelyje), kuris ypa\u010d svarbus augintini\u0173 s\u0105nariams. <\/span>Be da\u017eikli\u0173, konservant\u0173 ar skonio stiprikli\u0173. D\u0117\u017eut\u0117je 28 pakeliai.<\/h3>\n<ul>\n<li>Kalcis reikalingas normaliai kaul\u0173, dant\u0173 ir raumen\u0173 b\u016bklei palaikyti.<\/li>\n<li>\u017duv\u0173 tauk\u0173 milteliai apr\u016bpina organizm\u0105 svarbiomis omega riebal\u0173 r\u016bg\u0161timis.<\/li>\n<li>Gliukozaminas &#8211; nat\u016bralios kilm\u0117s, i\u0161gautas i\u0161 v\u0117\u017eiagyvi\u0173, net 1500 mg viename pakelyje! Gliukozaminas yra s\u0105nari\u0173 kremzl\u0117s strukt\u016brin\u0117 dalis, jis yra svarbus s\u0105nariams ir jud\u0117jimui.<\/li>\n<\/ul>\n<h3>Tinkamumas:<\/h3>\n<ul>\n<li>S\u0105nari\u0173 lankstumui.<\/li>\n<li>S\u0105nari\u0173 b\u016bklei pagerinti.<\/li>\n<li>Kaul\u0173 stiprinimui.<\/li>\n<li>Aktyviems gyv\u016bnams.<\/li>\n<li>Senesni\u0173 gyv\u016bn\u0173, kurie ken\u010dia nuo s\u0105nari\u0173 problem\u0173, gyvenimo kokybei pagerinti.<\/li>\n<li>Organizmui apsaugoti.<\/li>\n<\/ul>","protected":false},"excerpt":{"rendered":"<p>Maisto papildas augintiniams BioVeterinary Extra Strong su labai dideliu gliukozamino kiekiu (net 1500 mg viename pakelyje), kuris ypa\u010d svarbus augintini\u0173 s\u0105nariams. Be da\u017eikli\u0173, konservant\u0173 ar skonio stiprikli\u0173. D\u0117\u017eut\u0117je 28 pakeliai. Kalcis reikalingas normaliai kaul\u0173, dant\u0173 ir raumen\u0173 b\u016bklei palaikyti. \u017duv\u0173 tauk\u0173 milteliai apr\u016bpina organizm\u0105 svarbiomis omega riebal\u0173 r\u016bg\u0161timis. Gliukozaminas &#8211; nat\u016bralios kilm\u0117s, i\u0161gautas i\u0161 v\u0117\u017eiagyvi\u0173,&#8230;<\/p>","protected":false},"featured_media":37800,"comment_status":"closed","ping_status":"closed","template":"","meta":{"_acf_changed":false,"slim_seo":{"title":"BioVeterinary Extra Strong pa\u0161aro papildas s\u0105nariams ir kaulams stiprinti, \u0161unims ir kat\u0117ms N28 - Zooprekes24","description":"Maisto papildas augintiniams BioVeterinary Extra Strong su l abai dideliu gliukozamino kiekiu (net 1500 mg viename pakelyje), kuris ypa\u010d svarbus augintini\u0173 s\u0105na"},"iawp_total_views":50},"product_brand":[],"product_cat":[25,104,32,8999,9017,9022],"product_tag":[],"class_list":{"0":"post-37798","1":"product","2":"type-product","3":"status-publish","4":"has-post-thumbnail","6":"product_cat-katems","7":"product_cat-kitos-kaciu-prekes","8":"product_cat-kitos-sunu-prekes","9":"product_cat-sunims","10":"product_cat-vitaminai-ir-papildai-katems","11":"product_cat-vitaminai-ir-papildai-sunims","12":"pa_prekiu-zenklai-bioveterinary","13":"pa_suns-amzius-jauniems","14":"pa_suns-amzius-senjorams","15":"pa_suns-amzius-suaugusiems","16":"pa_suns-amzius-visiems-amziams","17":"pa_veisles-dydis-didelems-veislems","18":"pa_veisles-dydis-mazoms-veislems","19":"pa_veisles-dydis-vidutinems-veislems","20":"pa_veisles-dydis-visu-dydziu-veislems","22":"first","23":"instock","24":"featured","25":"taxable","26":"shipping-taxable","27":"purchasable","28":"product-type-simple"},"acf":[],"_links":{"self":[{"href":"https:\/\/zooprekes24.lt\/et\/wp-json\/wp\/v2\/product\/37798","targetHints":{"allow":["GET"]}}],"collection":[{"href":"https:\/\/zooprekes24.lt\/et\/wp-json\/wp\/v2\/product"}],"about":[{"href":"https:\/\/zooprekes24.lt\/et\/wp-json\/wp\/v2\/types\/product"}],"replies":[{"embeddable":true,"href":"https:\/\/zooprekes24.lt\/et\/wp-json\/wp\/v2\/comments?post=37798"}],"wp:featuredmedia":[{"embeddable":true,"href":"https:\/\/zooprekes24.lt\/et\/wp-json\/wp\/v2\/media\/37800"}],"wp:attachment":[{"href":"https:\/\/zooprekes24.lt\/et\/wp-json\/wp\/v2\/media?parent=37798"}],"wp:term":[{"taxonomy":"product_brand","embeddable":true,"href":"https:\/\/zooprekes24.lt\/et\/wp-json\/wp\/v2\/product_brand?post=37798"},{"taxonomy":"product_cat","embeddable":true,"href":"https:\/\/zooprekes24.lt\/et\/wp-json\/wp\/v2\/product_cat?post=37798"},{"taxonomy":"product_tag","embeddable":true,"href":"https:\/\/zooprekes24.lt\/et\/wp-json\/wp\/v2\/product_tag?post=37798"}],"curies":[{"name":"wp","href":"https:\/\/api.w.org\/{rel}","templated":true}]}}