{"id":37795,"date":"2025-07-01T13:39:11","date_gmt":"2025-07-01T11:39:11","guid":{"rendered":"https:\/\/zooprekes24.lt\/?post_type=product&#038;p=37795"},"modified":"2025-07-01T15:31:00","modified_gmt":"2025-07-01T13:31:00","slug":"bioveterinary-multimineral-sirdis-pasaro-papildas-sirdies-veiklai-gerinti-sunims-ir-katems-n28","status":"publish","type":"product","link":"https:\/\/zooprekes24.lt\/et\/produktas\/bioveterinary-multimineral-sirdis-pasaro-papildas-sirdies-veiklai-gerinti-sunims-ir-katems-n28\/","title":{"rendered":"BioVeterinary Multimineral &#038; \u0160irdis pa\u0161aro papildas \u0161irdies veiklai gerinti, \u0161unims ir kat\u0117ms N28"},"content":{"rendered":"<h3>Maisto papildas augintiniams\u00a0BioVeterinary Multimineral &amp; \u0160irdis\u00a0tai galingas svarbi\u0173 mineral\u0173, vitamin\u0173 ir Omega &#8211; 3 r\u016bg\u0161\u010di\u0173 kompleksas. Be\u00a0da\u017eikli\u0173, konservant\u0173 ar skonio stiprikli\u0173. D\u0117\u017eut\u0117je 28 pakeliai.<\/h3>\n<ul>\n<li>Kalis reikalingas normaliam \u0161irdies darbui.<\/li>\n<li>Kalcis reikalingas normaliai kaul\u0173 ir dant\u0173 b\u016bklei palaikyti.<\/li>\n<li>Cinkas reikalingas odai, kailiui, nagams ir imuninei sistemai.<\/li>\n<li>Vitaminas B1 reikalingas normaliai \u0161irdies veiklai.<\/li>\n<li>Omega-3 r\u016bg\u0161tys svarbios \u0161irdies veiklai, stiprina imunitet\u0105 ir atsparum\u0105, padeda i\u0161saugoti sveikas akis.<\/li>\n<li>Magnis reikalingas elektrolit\u0173 pusiausvyrai, energijai palaikyti ir nuovargiui ma\u017einti, raumenims, nerv\u0173 sistemai.<\/li>\n<li>Vitaminas C padeda palaikyti kolageno kiek\u012f, kuris reikalingas kremzl\u0117ms, kaulams, dantims bei imuninei sistemai.<\/li>\n<\/ul>","protected":false},"excerpt":{"rendered":"<p>Maisto papildas augintiniams\u00a0BioVeterinary Multimineral &amp; \u0160irdis\u00a0tai galingas svarbi\u0173 mineral\u0173, vitamin\u0173 ir Omega &#8211; 3 r\u016bg\u0161\u010di\u0173 kompleksas. Be\u00a0da\u017eikli\u0173, konservant\u0173 ar skonio stiprikli\u0173. D\u0117\u017eut\u0117je 28 pakeliai. Kalis reikalingas normaliam \u0161irdies darbui. Kalcis reikalingas normaliai kaul\u0173 ir dant\u0173 b\u016bklei palaikyti. Cinkas reikalingas odai, kailiui, nagams ir imuninei sistemai. Vitaminas B1 reikalingas normaliai \u0161irdies veiklai. Omega-3 r\u016bg\u0161tys svarbios \u0161irdies&#8230;<\/p>","protected":false},"featured_media":37797,"comment_status":"closed","ping_status":"closed","template":"","meta":{"_acf_changed":false,"slim_seo":{"title":"BioVeterinary Multimineral & \u0160irdis pa\u0161aro papildas \u0161irdies veiklai gerinti, \u0161unims ir kat\u0117ms N28 - Zooprekes24","description":"Maisto papildas augintiniams\u00a0BioVeterinary Multimineral &amp; \u0160irdis\u00a0tai galingas svarbi\u0173 mineral\u0173, vitamin\u0173 ir Omega - 3 r\u016bg\u0161\u010di\u0173 kompleksas. Be\u00a0da\u017eikli\u0173, konse"},"iawp_total_views":22},"product_brand":[],"product_cat":[25,104,32,8999,9017,9022],"product_tag":[],"class_list":{"0":"post-37795","1":"product","2":"type-product","3":"status-publish","4":"has-post-thumbnail","6":"product_cat-katems","7":"product_cat-kitos-kaciu-prekes","8":"product_cat-kitos-sunu-prekes","9":"product_cat-sunims","10":"product_cat-vitaminai-ir-papildai-katems","11":"product_cat-vitaminai-ir-papildai-sunims","12":"pa_prekiu-zenklai-bioveterinary","13":"pa_suns-amzius-jauniems","14":"pa_suns-amzius-senjorams","15":"pa_suns-amzius-suaugusiems","16":"pa_suns-amzius-visiems-amziams","17":"pa_veisles-dydis-didelems-veislems","18":"pa_veisles-dydis-mazoms-veislems","19":"pa_veisles-dydis-vidutinems-veislems","20":"pa_veisles-dydis-visu-dydziu-veislems","22":"first","23":"instock","24":"featured","25":"taxable","26":"shipping-taxable","27":"purchasable","28":"product-type-simple"},"acf":[],"_links":{"self":[{"href":"https:\/\/zooprekes24.lt\/et\/wp-json\/wp\/v2\/product\/37795","targetHints":{"allow":["GET"]}}],"collection":[{"href":"https:\/\/zooprekes24.lt\/et\/wp-json\/wp\/v2\/product"}],"about":[{"href":"https:\/\/zooprekes24.lt\/et\/wp-json\/wp\/v2\/types\/product"}],"replies":[{"embeddable":true,"href":"https:\/\/zooprekes24.lt\/et\/wp-json\/wp\/v2\/comments?post=37795"}],"wp:featuredmedia":[{"embeddable":true,"href":"https:\/\/zooprekes24.lt\/et\/wp-json\/wp\/v2\/media\/37797"}],"wp:attachment":[{"href":"https:\/\/zooprekes24.lt\/et\/wp-json\/wp\/v2\/media?parent=37795"}],"wp:term":[{"taxonomy":"product_brand","embeddable":true,"href":"https:\/\/zooprekes24.lt\/et\/wp-json\/wp\/v2\/product_brand?post=37795"},{"taxonomy":"product_cat","embeddable":true,"href":"https:\/\/zooprekes24.lt\/et\/wp-json\/wp\/v2\/product_cat?post=37795"},{"taxonomy":"product_tag","embeddable":true,"href":"https:\/\/zooprekes24.lt\/et\/wp-json\/wp\/v2\/product_tag?post=37795"}],"curies":[{"name":"wp","href":"https:\/\/api.w.org\/{rel}","templated":true}]}}