{"id":37791,"date":"2025-07-01T12:32:56","date_gmt":"2025-07-01T10:32:56","guid":{"rendered":"https:\/\/zooprekes24.lt\/?post_type=product&#038;p=37791"},"modified":"2025-07-02T16:46:37","modified_gmt":"2025-07-02T14:46:37","slug":"bioveterinary-oda-kailis-pasaro-papildas-kailiui-ir-odai-stiprinti-sunims-ir-katems-n28","status":"publish","type":"product","link":"https:\/\/zooprekes24.lt\/et\/produktas\/bioveterinary-oda-kailis-pasaro-papildas-kailiui-ir-odai-stiprinti-sunims-ir-katems-n28\/","title":{"rendered":"BioVeterinary Oda &#038; Kailis pa\u0161aro papildas kailiui ir odai stiprinti, \u0161unims ir kat\u0117ms N28"},"content":{"rendered":"<h3>Maisto papildas augintiniams\u00a0<span>BioVeterinary Oda &amp; Kailis<\/span>\u00a0be\u00a0da\u017eikli\u0173, konservant\u0173 ar skonio stiprikli\u0173. Tai kolageno, mineral\u0173 ir augal\u0173 kompleksas J\u016bs\u0173 augintinio odai, kailiui ir organizmui stiprinti. D\u0117\u017eut\u0117je 28 pakeliai.<\/h3>\n<ul>\n<li><span>Cinkas<\/span>\u00a0gerina odos, kailio ir nag\u0173 b\u016bkl\u0119.<\/li>\n<li><span>Asi\u016bklis<\/span>\u00a0(sud\u0117tyje yra silicio) &#8211; gerina odos ir kailio b\u016bkl\u0119.<\/li>\n<li><span>Magnis<\/span>\u00a0reikalingas gerai savijautai, energijai, nuovargiui ma\u017einti, raumenims.<\/li>\n<li><span>J\u016bros dumbliai<\/span>\u00a0apsaugo ir stiprina organizm\u0105, atkuria imunitet\u0105, palaiko jodo pusiausvyr\u0105.<\/li>\n<li><span>Omega &#8211; 3 riebal\u0173 r\u016bg\u0161tys<\/span>\u00a0padeda palaikyti normali\u0105 \u0161irdies veikl\u0105, stiprina\u00a0 organizm\u0105, od\u0105 ir kail\u012f<\/li>\n<li><span>Kolagenas<\/span>\u00a0\u2013 tai baltymas, kuris yra vienas i\u0161 svarbiausi\u0173 odos element\u0173. Jis sudaro daugiau kaip 70% odos mas\u0117s ir yra s\u0105nari\u0173 kremzli\u0173 bei kaul\u0173 sudedamoji dalis..<\/li>\n<\/ul>\n<h3><span>Tinkamumas:<\/span><\/h3>\n<ul>\n<li>Slenkan\u010diam, ret\u0117jan\u010diam kailiui.<\/li>\n<li>Silpnam kailiui ir l\u016b\u017ein\u0117jantiems plaukams.<\/li>\n<li>Sausai, pleiskanojan\u010diai odai.<\/li>\n<li>Organizmo apsaugai ir stiprinimui.<\/li>\n<li>Organizmo atsparumui didinti.<\/li>\n<\/ul>","protected":false},"excerpt":{"rendered":"<p>Maisto papildas augintiniams\u00a0BioVeterinary Oda &amp; Kailis\u00a0be\u00a0da\u017eikli\u0173, konservant\u0173 ar skonio stiprikli\u0173. Tai kolageno, mineral\u0173 ir augal\u0173 kompleksas J\u016bs\u0173 augintinio odai, kailiui ir organizmui stiprinti. D\u0117\u017eut\u0117je 28 pakeliai. Cinkas\u00a0gerina odos, kailio ir nag\u0173 b\u016bkl\u0119. Asi\u016bklis\u00a0(sud\u0117tyje yra silicio) &#8211; gerina odos ir kailio b\u016bkl\u0119. Magnis\u00a0reikalingas gerai savijautai, energijai, nuovargiui ma\u017einti, raumenims. J\u016bros dumbliai\u00a0apsaugo ir stiprina organizm\u0105, atkuria imunitet\u0105,&#8230;<\/p>","protected":false},"featured_media":37792,"comment_status":"closed","ping_status":"closed","template":"","meta":{"_acf_changed":false,"slim_seo":{"title":"BioVeterinary Oda & Kailis pa\u0161aro papildas kailiui ir odai stiprinti, \u0161unims ir kat\u0117ms N28 - Zooprekes24","description":"Maisto papildas augintiniams\u00a0 BioVeterinary Oda &amp; Kailis \u00a0be\u00a0da\u017eikli\u0173, konservant\u0173 ar skonio stiprikli\u0173. Tai kolageno, mineral\u0173 ir augal\u0173 kompleksas J\u016bs\u0173 au"},"iawp_total_views":30},"product_brand":[],"product_cat":[25,104,32,8999,9017,9022],"product_tag":[],"class_list":{"0":"post-37791","1":"product","2":"type-product","3":"status-publish","4":"has-post-thumbnail","6":"product_cat-katems","7":"product_cat-kitos-kaciu-prekes","8":"product_cat-kitos-sunu-prekes","9":"product_cat-sunims","10":"product_cat-vitaminai-ir-papildai-katems","11":"product_cat-vitaminai-ir-papildai-sunims","12":"pa_prekiu-zenklai-bioveterinary","13":"pa_suns-amzius-jauniems","14":"pa_suns-amzius-senjorams","15":"pa_suns-amzius-suaugusiems","16":"pa_suns-amzius-visiems-amziams","17":"pa_veisles-dydis-didelems-veislems","18":"pa_veisles-dydis-mazoms-veislems","19":"pa_veisles-dydis-vidutinems-veislems","20":"pa_veisles-dydis-visu-dydziu-veislems","22":"first","23":"instock","24":"featured","25":"taxable","26":"shipping-taxable","27":"purchasable","28":"product-type-simple"},"acf":[],"_links":{"self":[{"href":"https:\/\/zooprekes24.lt\/et\/wp-json\/wp\/v2\/product\/37791","targetHints":{"allow":["GET"]}}],"collection":[{"href":"https:\/\/zooprekes24.lt\/et\/wp-json\/wp\/v2\/product"}],"about":[{"href":"https:\/\/zooprekes24.lt\/et\/wp-json\/wp\/v2\/types\/product"}],"replies":[{"embeddable":true,"href":"https:\/\/zooprekes24.lt\/et\/wp-json\/wp\/v2\/comments?post=37791"}],"wp:featuredmedia":[{"embeddable":true,"href":"https:\/\/zooprekes24.lt\/et\/wp-json\/wp\/v2\/media\/37792"}],"wp:attachment":[{"href":"https:\/\/zooprekes24.lt\/et\/wp-json\/wp\/v2\/media?parent=37791"}],"wp:term":[{"taxonomy":"product_brand","embeddable":true,"href":"https:\/\/zooprekes24.lt\/et\/wp-json\/wp\/v2\/product_brand?post=37791"},{"taxonomy":"product_cat","embeddable":true,"href":"https:\/\/zooprekes24.lt\/et\/wp-json\/wp\/v2\/product_cat?post=37791"},{"taxonomy":"product_tag","embeddable":true,"href":"https:\/\/zooprekes24.lt\/et\/wp-json\/wp\/v2\/product_tag?post=37791"}],"curies":[{"name":"wp","href":"https:\/\/api.w.org\/{rel}","templated":true}]}}