{"id":37661,"date":"2025-06-26T14:45:09","date_gmt":"2025-06-26T12:45:09","guid":{"rendered":"https:\/\/zooprekes24.lt\/?post_type=product&#038;p=37661"},"modified":"2025-06-27T18:56:00","modified_gmt":"2025-06-27T16:56:00","slug":"eukanuba-senior-l-xl-lamb-rice-sausas-maistas-sunims-12kg","status":"publish","type":"product","link":"https:\/\/zooprekes24.lt\/et\/produktas\/eukanuba-senior-l-xl-lamb-rice-sausas-maistas-sunims-12kg\/","title":{"rendered":"Eukanuba Senior L\/XL Lamb &amp; Rice kuivtoit koertele 12 kg"},"content":{"rendered":"","protected":false},"excerpt":{"rendered":"<p>T\u00e4ielik kuivtoit kana ja riisiga v\u00e4ikestele kutsikatele.<\/p>","protected":false},"featured_media":37662,"comment_status":"closed","ping_status":"closed","template":"","meta":{"_acf_changed":false,"slim_seo":{"title":"Eukanuba Senior L\/XL Lamb & Rice sausas maistas \u0161unims 12 kg - Zooprekes24","description":"T\u00e4ielik kuivtoit kana ja riisiga v\u00e4ikestele kutsikatele."},"iawp_total_views":34},"product_brand":[],"product_cat":[9213,9002,8999,29,31],"product_tag":[],"class_list":{"0":"post-37661","1":"product","2":"type-product","3":"status-publish","4":"has-post-thumbnail","6":"product_cat-eukanuba","7":"product_cat-sausas-maistas","8":"product_cat-sunims","9":"product_cat-sunu-maistas","10":"product_cat-sunu-prekiu-gamintojai","11":"pa_pasaro-sudetis-eriena","12":"pa_pasaro-sudetis-ryziai","13":"pa_prekiu-zenklai-eukanuba","14":"pa_suns-amzius-senjorams","15":"pa_veisles-dydis-didelems-veislems","17":"first","18":"instock","19":"taxable","20":"shipping-taxable","21":"purchasable","22":"product-type-simple"},"acf":[],"_links":{"self":[{"href":"https:\/\/zooprekes24.lt\/et\/wp-json\/wp\/v2\/product\/37661","targetHints":{"allow":["GET"]}}],"collection":[{"href":"https:\/\/zooprekes24.lt\/et\/wp-json\/wp\/v2\/product"}],"about":[{"href":"https:\/\/zooprekes24.lt\/et\/wp-json\/wp\/v2\/types\/product"}],"replies":[{"embeddable":true,"href":"https:\/\/zooprekes24.lt\/et\/wp-json\/wp\/v2\/comments?post=37661"}],"wp:featuredmedia":[{"embeddable":true,"href":"https:\/\/zooprekes24.lt\/et\/wp-json\/wp\/v2\/media\/37662"}],"wp:attachment":[{"href":"https:\/\/zooprekes24.lt\/et\/wp-json\/wp\/v2\/media?parent=37661"}],"wp:term":[{"taxonomy":"product_brand","embeddable":true,"href":"https:\/\/zooprekes24.lt\/et\/wp-json\/wp\/v2\/product_brand?post=37661"},{"taxonomy":"product_cat","embeddable":true,"href":"https:\/\/zooprekes24.lt\/et\/wp-json\/wp\/v2\/product_cat?post=37661"},{"taxonomy":"product_tag","embeddable":true,"href":"https:\/\/zooprekes24.lt\/et\/wp-json\/wp\/v2\/product_tag?post=37661"}],"curies":[{"name":"wp","href":"https:\/\/api.w.org\/{rel}","templated":true}]}}