{"id":37556,"date":"2025-06-25T14:57:45","date_gmt":"2025-06-25T12:57:45","guid":{"rendered":"https:\/\/zooprekes24.lt\/?post_type=product&#038;p=37556"},"modified":"2025-06-27T19:03:46","modified_gmt":"2025-06-27T17:03:46","slug":"gemon-adult-chicken-turkey-sausas-maistas-katems","status":"publish","type":"product","link":"https:\/\/zooprekes24.lt\/et\/produktas\/gemon-adult-chicken-turkey-sausas-maistas-katems\/","title":{"rendered":"Gemon Adult Chicken &#038; Turkey sausas maistas kat\u0117ms"},"content":{"rendered":"","protected":false},"excerpt":{"rendered":"<p>T\u00e4ielik kuivtoit kana ja riisiga v\u00e4ikestele kutsikatele.<\/p>","protected":false},"featured_media":37561,"comment_status":"closed","ping_status":"closed","template":"","meta":{"_acf_changed":false,"slim_seo":{"title":"Gemon Adult Chicken & Turkey sausas maistas kat\u0117ms - Zooprekes24","description":"T\u00e4ielik kuivtoit kana ja riisiga v\u00e4ikestele kutsikatele."},"iawp_total_views":129},"product_brand":[],"product_cat":[9211,72,83,25,9016],"product_tag":[],"class_list":{"0":"post-37556","1":"product","2":"type-product","3":"status-publish","4":"has-post-thumbnail","6":"product_cat-gemon-katems","7":"product_cat-kaciu-maistas","8":"product_cat-kaciu-prekiu-gamintojai","9":"product_cat-katems","10":"product_cat-sausas-maistas-kaciu-maistas","11":"pa_pasaro-sudetis-kalakutiena","12":"pa_pasaro-sudetis-ryziai","13":"pa_pasaro-sudetis-vistiena","14":"pa_prekiu-zenklai-gemon","16":"first","17":"instock","18":"taxable","19":"shipping-taxable","20":"purchasable","21":"product-type-variable"},"acf":[],"_links":{"self":[{"href":"https:\/\/zooprekes24.lt\/et\/wp-json\/wp\/v2\/product\/37556","targetHints":{"allow":["GET"]}}],"collection":[{"href":"https:\/\/zooprekes24.lt\/et\/wp-json\/wp\/v2\/product"}],"about":[{"href":"https:\/\/zooprekes24.lt\/et\/wp-json\/wp\/v2\/types\/product"}],"replies":[{"embeddable":true,"href":"https:\/\/zooprekes24.lt\/et\/wp-json\/wp\/v2\/comments?post=37556"}],"wp:featuredmedia":[{"embeddable":true,"href":"https:\/\/zooprekes24.lt\/et\/wp-json\/wp\/v2\/media\/37561"}],"wp:attachment":[{"href":"https:\/\/zooprekes24.lt\/et\/wp-json\/wp\/v2\/media?parent=37556"}],"wp:term":[{"taxonomy":"product_brand","embeddable":true,"href":"https:\/\/zooprekes24.lt\/et\/wp-json\/wp\/v2\/product_brand?post=37556"},{"taxonomy":"product_cat","embeddable":true,"href":"https:\/\/zooprekes24.lt\/et\/wp-json\/wp\/v2\/product_cat?post=37556"},{"taxonomy":"product_tag","embeddable":true,"href":"https:\/\/zooprekes24.lt\/et\/wp-json\/wp\/v2\/product_tag?post=37556"}],"curies":[{"name":"wp","href":"https:\/\/api.w.org\/{rel}","templated":true}]}}