{"id":37518,"date":"2025-06-25T12:08:51","date_gmt":"2025-06-25T10:08:51","guid":{"rendered":"https:\/\/zooprekes24.lt\/?post_type=product&#038;p=37518"},"modified":"2026-03-02T14:23:22","modified_gmt":"2026-03-02T12:23:22","slug":"gemon-all-breeds-adult-tuna-rice-sausas-maistas-sunims","status":"publish","type":"product","link":"https:\/\/zooprekes24.lt\/et\/produktas\/gemon-all-breeds-adult-tuna-rice-sausas-maistas-sunims\/","title":{"rendered":"Gemon All Breeds Adult Tuna &#038; Rice sausas maistas \u0161unims"},"content":{"rendered":"","protected":false},"excerpt":{"rendered":"<p>T\u00e4ielik kuivtoit kana ja riisiga v\u00e4ikestele kutsikatele.<\/p>","protected":false},"featured_media":37523,"comment_status":"closed","ping_status":"closed","template":"","meta":{"_acf_changed":false,"slim_seo":{"title":"Gemon All Breeds Adult Tuna & Rice sausas maistas \u0161unims - Zooprekes24","description":"T\u00e4ielik kuivtoit kana ja riisiga v\u00e4ikestele kutsikatele."},"iawp_total_views":18},"product_brand":[],"product_cat":[9210,9002,8999,29,31],"product_tag":[],"class_list":{"0":"post-37518","1":"product","2":"type-product","3":"status-publish","4":"has-post-thumbnail","6":"product_cat-gemon-sunims","7":"product_cat-sausas-maistas","8":"product_cat-sunims","9":"product_cat-sunu-maistas","10":"product_cat-sunu-prekiu-gamintojai","11":"pa_pasaro-sudetis-ryziai","12":"pa_pasaro-sudetis-tunas","13":"pa_pasaro-sudetis-zuvis","14":"pa_prekiu-zenklai-gemon","15":"pa_suns-amzius-suaugusiems","16":"pa_veisles-dydis-didelems-veislems","17":"pa_veisles-dydis-mazoms-veislems","18":"pa_veisles-dydis-vidutinems-veislems","19":"pa_veisles-dydis-visu-dydziu-veislems","21":"first","22":"instock","23":"taxable","24":"shipping-taxable","25":"purchasable","26":"product-type-variable"},"acf":[],"_links":{"self":[{"href":"https:\/\/zooprekes24.lt\/et\/wp-json\/wp\/v2\/product\/37518","targetHints":{"allow":["GET"]}}],"collection":[{"href":"https:\/\/zooprekes24.lt\/et\/wp-json\/wp\/v2\/product"}],"about":[{"href":"https:\/\/zooprekes24.lt\/et\/wp-json\/wp\/v2\/types\/product"}],"replies":[{"embeddable":true,"href":"https:\/\/zooprekes24.lt\/et\/wp-json\/wp\/v2\/comments?post=37518"}],"wp:featuredmedia":[{"embeddable":true,"href":"https:\/\/zooprekes24.lt\/et\/wp-json\/wp\/v2\/media\/37523"}],"wp:attachment":[{"href":"https:\/\/zooprekes24.lt\/et\/wp-json\/wp\/v2\/media?parent=37518"}],"wp:term":[{"taxonomy":"product_brand","embeddable":true,"href":"https:\/\/zooprekes24.lt\/et\/wp-json\/wp\/v2\/product_brand?post=37518"},{"taxonomy":"product_cat","embeddable":true,"href":"https:\/\/zooprekes24.lt\/et\/wp-json\/wp\/v2\/product_cat?post=37518"},{"taxonomy":"product_tag","embeddable":true,"href":"https:\/\/zooprekes24.lt\/et\/wp-json\/wp\/v2\/product_tag?post=37518"}],"curies":[{"name":"wp","href":"https:\/\/api.w.org\/{rel}","templated":true}]}}