{"id":37499,"date":"2025-06-25T11:13:56","date_gmt":"2025-06-25T09:13:56","guid":{"rendered":"https:\/\/zooprekes24.lt\/?post_type=product&#038;p=37499"},"modified":"2025-06-26T16:49:51","modified_gmt":"2025-06-26T14:49:51","slug":"gemon-mini-adult-chicken-rice-sausas-maistas-sunims","status":"publish","type":"product","link":"https:\/\/zooprekes24.lt\/et\/produktas\/gemon-mini-adult-chicken-rice-sausas-maistas-sunims\/","title":{"rendered":"Gemon Mini Adult Chicken &#038; Rice sausas maistas \u0161unims"},"content":{"rendered":"","protected":false},"excerpt":{"rendered":"<p>T\u00e4ielik kuivtoit kana ja riisiga v\u00e4ikestele kutsikatele.<\/p>","protected":false},"featured_media":37502,"comment_status":"closed","ping_status":"closed","template":"","meta":{"_acf_changed":false,"slim_seo":{"title":"Gemon Mini Adult Chicken & Rice sausas maistas \u0161unims - Zooprekes24","description":"T\u00e4ielik kuivtoit kana ja riisiga v\u00e4ikestele kutsikatele."},"iawp_total_views":10},"product_brand":[],"product_cat":[9210,9002,8999,29,31],"product_tag":[],"class_list":{"0":"post-37499","1":"product","2":"type-product","3":"status-publish","4":"has-post-thumbnail","6":"product_cat-gemon-sunims","7":"product_cat-sausas-maistas","8":"product_cat-sunims","9":"product_cat-sunu-maistas","10":"product_cat-sunu-prekiu-gamintojai","11":"pa_pasaro-sudetis-ryziai","12":"pa_pasaro-sudetis-vistiena","13":"pa_prekiu-zenklai-gemon","14":"pa_suns-amzius-suaugusiems","15":"pa_veisles-dydis-mazoms-veislems","17":"first","18":"instock","19":"taxable","20":"shipping-taxable","21":"purchasable","22":"product-type-variable"},"acf":[],"_links":{"self":[{"href":"https:\/\/zooprekes24.lt\/et\/wp-json\/wp\/v2\/product\/37499","targetHints":{"allow":["GET"]}}],"collection":[{"href":"https:\/\/zooprekes24.lt\/et\/wp-json\/wp\/v2\/product"}],"about":[{"href":"https:\/\/zooprekes24.lt\/et\/wp-json\/wp\/v2\/types\/product"}],"replies":[{"embeddable":true,"href":"https:\/\/zooprekes24.lt\/et\/wp-json\/wp\/v2\/comments?post=37499"}],"wp:featuredmedia":[{"embeddable":true,"href":"https:\/\/zooprekes24.lt\/et\/wp-json\/wp\/v2\/media\/37502"}],"wp:attachment":[{"href":"https:\/\/zooprekes24.lt\/et\/wp-json\/wp\/v2\/media?parent=37499"}],"wp:term":[{"taxonomy":"product_brand","embeddable":true,"href":"https:\/\/zooprekes24.lt\/et\/wp-json\/wp\/v2\/product_brand?post=37499"},{"taxonomy":"product_cat","embeddable":true,"href":"https:\/\/zooprekes24.lt\/et\/wp-json\/wp\/v2\/product_cat?post=37499"},{"taxonomy":"product_tag","embeddable":true,"href":"https:\/\/zooprekes24.lt\/et\/wp-json\/wp\/v2\/product_tag?post=37499"}],"curies":[{"name":"wp","href":"https:\/\/api.w.org\/{rel}","templated":true}]}}