{"id":37365,"date":"2025-06-19T13:56:41","date_gmt":"2025-06-19T11:56:41","guid":{"rendered":"https:\/\/zooprekes24.lt\/?post_type=product&#038;p=37365"},"modified":"2025-06-19T14:23:18","modified_gmt":"2025-06-19T12:23:18","slug":"monge-bfb-bwild-adult-anchovies-potatoes-peas-begrudis-sausas-maistas-sunims-15kg","status":"publish","type":"product","link":"https:\/\/zooprekes24.lt\/et\/produktas\/monge-bfb-bwild-adult-anchovies-potatoes-peas-begrudis-sausas-maistas-sunims-15kg\/","title":{"rendered":"Monge BFB BWild Adult Anchovies, Potatoes &#038; Peas begr\u016bdis sausas maistas \u0161unims 15 kg"},"content":{"rendered":"<h3 class=\"MsoNoSpacing\">Monge BFB BWild Adult Anchovies, Potatoes &amp; Peas &#8211; v<span>isavertis sausas maistas suaugusiems, vis\u0173 veisli\u0173 \u0161unims nuo 1 met\u0173 am\u017eiaus.<\/span> M\u0117sa arba \u017euvis yra pagrindinis ingredientas ir baltym\u0173 \u0161altinis kiekviename Monge BWild \u0117dale.<\/h3>\n<ul>\n<li>Valmistatud Itaalias.<\/li>\n<li>Ei ole lisatud v\u00e4rvaineid ega kunstlikke s\u00e4ilitusaineid.<\/li>\n<li>Pirmasis ingredientas yra an\u010diuviai. Pa\u0161aro receptas pasi\u017eymi vir\u0161kinamumu ir skoniu d\u0117l \u0161vie\u017eios \u017euvies.<\/li>\n<li>Retsept on t\u00e4iustatud j\u00e4rgmise p\u00f5lvkonna XOS-ga (ks\u00fcloligosahhariidid), mis on soolestiku tervist toetavad prebiootikumid.<\/li>\n<li>Spetsiaalselt teie koera tervise jaoks koostatud, kasutades k\u00f5rgeima kvaliteediga toitaineid ja testitud Made in Italy testi abil.<\/li>\n<\/ul>","protected":false},"excerpt":{"rendered":"<p class=\"MsoNoSpacing\">Kuivtoit kanaga tiinetele ja imetavatele emasloomadele ning kutsikatele.<\/p>","protected":false},"featured_media":37366,"comment_status":"closed","ping_status":"closed","template":"","meta":{"_acf_changed":false,"slim_seo":{"title":"Monge BFB BWild Adult Anchovies, Potatoes & Peas begr\u016bdis sausas maistas \u0161unims 15 kg - Zooprekes24","description":"Kuivtoit kanaga tiinetele ja imetavatele emasloomadele ning kutsikatele."},"iawp_total_views":22},"product_brand":[],"product_cat":[9001,9192,9002,8999,29,31],"product_tag":[],"class_list":{"0":"post-37365","1":"product","2":"type-product","3":"status-publish","4":"has-post-thumbnail","6":"product_cat-begrudis-maistas","7":"product_cat-monge-sunims","8":"product_cat-sausas-maistas","9":"product_cat-sunims","10":"product_cat-sunu-maistas","11":"product_cat-sunu-prekiu-gamintojai","12":"pa_pasaro-sudetis-bulves","13":"pa_pasaro-sudetis-darzoves","14":"pa_pasaro-sudetis-zuvis","15":"pa_prekiu-zenklai-monge-bwild","16":"pa_suns-amzius-suaugusiems","17":"pa_veisles-dydis-didelems-veislems","18":"pa_veisles-dydis-mazoms-veislems","19":"pa_veisles-dydis-vidutinems-veislems","20":"pa_veisles-dydis-visu-dydziu-veislems","22":"first","23":"instock","24":"taxable","25":"shipping-taxable","26":"purchasable","27":"product-type-simple"},"acf":[],"_links":{"self":[{"href":"https:\/\/zooprekes24.lt\/et\/wp-json\/wp\/v2\/product\/37365","targetHints":{"allow":["GET"]}}],"collection":[{"href":"https:\/\/zooprekes24.lt\/et\/wp-json\/wp\/v2\/product"}],"about":[{"href":"https:\/\/zooprekes24.lt\/et\/wp-json\/wp\/v2\/types\/product"}],"replies":[{"embeddable":true,"href":"https:\/\/zooprekes24.lt\/et\/wp-json\/wp\/v2\/comments?post=37365"}],"wp:featuredmedia":[{"embeddable":true,"href":"https:\/\/zooprekes24.lt\/et\/wp-json\/wp\/v2\/media\/37366"}],"wp:attachment":[{"href":"https:\/\/zooprekes24.lt\/et\/wp-json\/wp\/v2\/media?parent=37365"}],"wp:term":[{"taxonomy":"product_brand","embeddable":true,"href":"https:\/\/zooprekes24.lt\/et\/wp-json\/wp\/v2\/product_brand?post=37365"},{"taxonomy":"product_cat","embeddable":true,"href":"https:\/\/zooprekes24.lt\/et\/wp-json\/wp\/v2\/product_cat?post=37365"},{"taxonomy":"product_tag","embeddable":true,"href":"https:\/\/zooprekes24.lt\/et\/wp-json\/wp\/v2\/product_tag?post=37365"}],"curies":[{"name":"wp","href":"https:\/\/api.w.org\/{rel}","templated":true}]}}