{"id":37265,"date":"2025-06-18T11:44:34","date_gmt":"2025-06-18T09:44:34","guid":{"rendered":"https:\/\/zooprekes24.lt\/?post_type=product&#038;p=37265"},"modified":"2025-06-18T11:52:17","modified_gmt":"2025-06-18T09:52:17","slug":"monge-bfb-bwild-adult-anchovies-sausas-maistas-katems-10kg","status":"publish","type":"product","link":"https:\/\/zooprekes24.lt\/et\/produktas\/monge-bfb-bwild-adult-anchovies-sausas-maistas-katems-10kg\/","title":{"rendered":"Monge BFB BWild Adult Anchovies sausas maistas kat\u0117ms 10 kg"},"content":{"rendered":"<h3 class=\"MsoNoSpacing\">Monge BFB BWild Adult Anchovies &#8211; visavertis sausas maistas suaugusioms kat\u0117ms nuo 1 met\u0173 am\u017eiaus. M\u0117sa arba \u017euvis yra pagrindinis ingredientas ir baltym\u0173 \u0161altinis kiekviename Monge BWild \u0117dale.<\/h3>\n<ul>\n<li>Valmistatud Itaalias.<\/li>\n<li>Ei ole lisatud v\u00e4rvaineid ega kunstlikke s\u00e4ilitusaineid.<\/li>\n<li>Pirmasis ingredientas yra an\u010diuviai. Pa\u0161aro receptas pasi\u017eymi vir\u0161kinamumu ir skoniu d\u0117l \u0161vie\u017eios \u017euvies.<\/li>\n<li>Omega 3 ja Omega 6 rasvhapped (l\u00f5he\u00f5li) tagavad, et teie lemmiklooma nahk ja karvkate on alati terved.<\/li>\n<li>Retsept on rikastatud XOS (ks\u00fclani oligosahhariidid) ja MOS (mannaani oligosahhariidid) prebiootikumidega, mis stimuleerivad seedimist.<\/li>\n<li>Spetsiaalselt kasside tervise jaoks koostatud, kasutades k\u00f5rgeima kvaliteediga toitaineid ja testitud Made in Italy testi abil.<\/li>\n<\/ul>","protected":false},"excerpt":{"rendered":"<p class=\"MsoNoSpacing\">Kuivtoit kanaga tiinetele ja imetavatele emasloomadele ning kutsikatele.<\/p>","protected":false},"featured_media":37268,"comment_status":"closed","ping_status":"closed","template":"","meta":{"_acf_changed":false,"slim_seo":{"title":"Monge BFB BWild Adult Anchovies sausas maistas kat\u0117ms 10 kg - Zooprekes24","description":"Kuivtoit kanaga tiinetele ja imetavatele emasloomadele ning kutsikatele."},"iawp_total_views":22},"product_brand":[],"product_cat":[72,83,25,9198,9016],"product_tag":[],"class_list":{"0":"post-37265","1":"product","2":"type-product","3":"status-publish","4":"has-post-thumbnail","6":"product_cat-kaciu-maistas","7":"product_cat-kaciu-prekiu-gamintojai","8":"product_cat-katems","9":"product_cat-monge-katems","10":"product_cat-sausas-maistas-kaciu-maistas","11":"pa_pasaro-sudetis-zuvis","12":"pa_prekiu-zenklai-monge-bwild","14":"first","15":"instock","16":"taxable","17":"shipping-taxable","18":"purchasable","19":"product-type-simple"},"acf":[],"_links":{"self":[{"href":"https:\/\/zooprekes24.lt\/et\/wp-json\/wp\/v2\/product\/37265","targetHints":{"allow":["GET"]}}],"collection":[{"href":"https:\/\/zooprekes24.lt\/et\/wp-json\/wp\/v2\/product"}],"about":[{"href":"https:\/\/zooprekes24.lt\/et\/wp-json\/wp\/v2\/types\/product"}],"replies":[{"embeddable":true,"href":"https:\/\/zooprekes24.lt\/et\/wp-json\/wp\/v2\/comments?post=37265"}],"wp:featuredmedia":[{"embeddable":true,"href":"https:\/\/zooprekes24.lt\/et\/wp-json\/wp\/v2\/media\/37268"}],"wp:attachment":[{"href":"https:\/\/zooprekes24.lt\/et\/wp-json\/wp\/v2\/media?parent=37265"}],"wp:term":[{"taxonomy":"product_brand","embeddable":true,"href":"https:\/\/zooprekes24.lt\/et\/wp-json\/wp\/v2\/product_brand?post=37265"},{"taxonomy":"product_cat","embeddable":true,"href":"https:\/\/zooprekes24.lt\/et\/wp-json\/wp\/v2\/product_cat?post=37265"},{"taxonomy":"product_tag","embeddable":true,"href":"https:\/\/zooprekes24.lt\/et\/wp-json\/wp\/v2\/product_tag?post=37265"}],"curies":[{"name":"wp","href":"https:\/\/api.w.org\/{rel}","templated":true}]}}