{"id":36038,"date":"2025-04-11T14:16:03","date_gmt":"2025-04-11T12:16:03","guid":{"rendered":"https:\/\/zooprekes24.lt\/?post_type=product&#038;p=36038"},"modified":"2025-07-28T19:31:27","modified_gmt":"2025-07-28T17:31:27","slug":"royal-canin-gastrointestinal-fibre-response-konservai-katems-padaze","status":"publish","type":"product","link":"https:\/\/zooprekes24.lt\/et\/produktas\/royal-canin-gastrointestinal-fibre-response-konservai-katems-padaze\/","title":{"rendered":"Royal Canin Gastrointestinal Fibre Response konservai kat\u0117ms pada\u017ee"},"content":{"rendered":"<h3>Royal Canin Gastrointestinal Fibre Response konservai tai visavertis \u0161lapias \u0117dalas kat\u0117ms <span style=\"font-family: var(--h1-font-family); font-style: var(--h1-font-style); letter-spacing: 0em; text-transform: var(--h1-text-transform);\">nuo viduri\u0173 u\u017ekiet\u0117jimo. Unikali konserv\u0173 formul\u0117 sukurta augintiniams turintiems trumpalaiki\u0173 ar ilgalaiki\u0173 vir\u0161kinimo sutrikim\u0173. \u0160lapias \u0117dalas padeda palaikyti sveik\u0105 kat\u0117s vir\u0161kinim\u0105, vir\u0161kinamojo trakto tranzit\u0105 bei skatinti mitybos atk\u016brim\u0105 ir sveikim\u0105.<\/span><\/h3>\n<ul>\n<li>Spetsiaalne kiudainesisaldus <a href=\"https:\/\/zooprekes24.lt\/et\/toode\/royal-canin-gastrointestinal-cat\/\" target=\"_blank\" rel=\"noopener\">h\u00f5lbustab soolestiku l\u00e4bip\u00e4\u00e4su<\/a>.<\/li>\n<li>\u00d5ige kogus energiat, et rahuldada kassi vajadusi, koormamata seejuures k\u00f5htu \u00fcle.<\/li>\n<li><a href=\"https:\/\/www.youtube.com\/watch?v=H0j9gJANw08&amp;feature=emb_title\" target=\"_blank\" rel=\"noopener\">Patenteeritud s\u00fcnergiline antioks\u00fcdantide kompleks aitab neutraliseerida vabu radikaale.<\/a><\/li>\n<li>Gardi konserv\u0173 formul\u0117 patenkins suma\u017e\u0117jus\u012f arba itin i\u0161rank\u0173 apetit\u0105.<\/li>\n<li>Royal Canin Gastrointestinal Fibre Response'i kaks peamist Omega-3-rasvhapete t\u00fc\u00fcpi on j\u00e4rgmised <a href=\"https:\/\/omegamarine.lt\/apie-omega3\/\" target=\"_blank\" rel=\"noopener\">EPA (eikosapentaeenhape) ja DHA (dokosaheksaeenhape).<\/a> leidub looduslikult sellistes rasvastes merekalades nagu l\u00f5he, makrell, heeringas, tuunikala ja sardiinid. Need toidus olevad happed aitavad reguleerida soolestiku reaktsioone, toidavad lemmiklooma karvu ja soodustavad nende taastumist ning osalevad soolestiku limaskesta rakkude ehituses.<\/li>\n<\/ul>\n<h3><span style=\"font-size: 14px; color: #7a5449;\"><strong>Konservid sobivad kasutamiseks, kui:<\/strong><\/span><\/h3>\n<div id=\"&quot;product_title_strong&quot;\">\n<ul>\n<li>\u00c4ge v\u00f5i krooniline k\u00f5hukinnisus<\/li>\n<\/ul>\n<h3><span style=\"font-size: 14px; color: #7a5449;\"><strong>Konserv\u0173 negalima naudoti jeigu pasirei\u0161kia:<\/strong><\/span><\/h3>\n<div id=\"&quot;product_title_strong&quot;\">\n<ul>\n<li>Soolestiku ummistused<\/li>\n<li>Kolorektaalne laienemine (megakoolon)<\/li>\n<\/ul>\n<\/div>\n<\/div>\n<p><img loading=\"lazy\" decoding=\"async\" class=\"alignnone wp-image-8361\" src=\"https:\/\/zooprekes24.lt\/wp-content\/uploads\/vhn-all-territories-packaging-emblematic-all-adult-cat.png\" alt=\"Royal Canin VD Cat Gastro Intestinal logo\" width=\"320\" height=\"341\" \/><\/p>","protected":false},"excerpt":{"rendered":"<p>Royal Canin Gastrointestinal Fibre Response konservai tai visavertis \u0161lapias \u0117dalas kat\u0117ms nuo viduri\u0173 u\u017ekiet\u0117jimo. Unikali konserv\u0173 formul\u0117 sukurta augintiniams turintiems trumpalaiki\u0173 ar ilgalaiki\u0173 vir\u0161kinimo sutrikim\u0173. \u0160lapias \u0117dalas padeda palaikyti sveik\u0105 kat\u0117s vir\u0161kinim\u0105, vir\u0161kinamojo trakto tranzit\u0105 bei skatinti mitybos atk\u016brim\u0105 ir sveikim\u0105. Specialus dietin\u0117s l\u0105stelienos junginys palengvina \u017earnyno tranzit\u0105. Tinkamas energijos kiekis atitinka ka\u010di\u0173 poreikius neapkraunant&#8230;<\/p>","protected":false},"featured_media":36043,"comment_status":"closed","ping_status":"closed","template":"","meta":{"_acf_changed":false,"slim_seo":{"title":"Royal Canin Gastrointestinal Fibre Response konservai kat\u0117ms pada\u017ee - Zooprekes24","description":"Royal Canin Gastrointestinal Fibre Response konservai tai visavertis \u0161lapias \u0117dalas kat\u0117ms nuo viduri\u0173 u\u017ekiet\u0117jimo. Unikali konserv\u0173 formul\u0117 sukurta augintiniam"},"iawp_total_views":285},"product_brand":[],"product_cat":[72,83,25,9242,9020,9037],"product_tag":[2322,1817,3296,1675,1682,3297,1696],"class_list":{"0":"post-36038","1":"product","2":"type-product","3":"status-publish","4":"has-post-thumbnail","6":"product_cat-kaciu-maistas","7":"product_cat-kaciu-prekiu-gamintojai","8":"product_cat-katems","9":"product_cat-royal-canin-veterinary-diets-katems","10":"product_cat-slapias-maistas-kaciu-maistas","11":"product_cat-veterinarine-dieta-kaciu-maistas","12":"product_tag-dietinis-edalas-katems","13":"product_tag-edalas-katems","14":"product_tag-gastro-intential-maistas-katei","15":"product_tag-kaciu-edalas","16":"product_tag-kaciu-maistas-super-premium-klases","17":"product_tag-maistas-katei-jautriam-skrandziui","18":"product_tag-super-premium-maistas-katems","19":"pa_prekiu-zenklai-royal-canin-veterinary-diets","21":"first","22":"instock","23":"featured","24":"taxable","25":"shipping-taxable","26":"purchasable","27":"product-type-variable"},"acf":[],"_links":{"self":[{"href":"https:\/\/zooprekes24.lt\/et\/wp-json\/wp\/v2\/product\/36038","targetHints":{"allow":["GET"]}}],"collection":[{"href":"https:\/\/zooprekes24.lt\/et\/wp-json\/wp\/v2\/product"}],"about":[{"href":"https:\/\/zooprekes24.lt\/et\/wp-json\/wp\/v2\/types\/product"}],"replies":[{"embeddable":true,"href":"https:\/\/zooprekes24.lt\/et\/wp-json\/wp\/v2\/comments?post=36038"}],"wp:featuredmedia":[{"embeddable":true,"href":"https:\/\/zooprekes24.lt\/et\/wp-json\/wp\/v2\/media\/36043"}],"wp:attachment":[{"href":"https:\/\/zooprekes24.lt\/et\/wp-json\/wp\/v2\/media?parent=36038"}],"wp:term":[{"taxonomy":"product_brand","embeddable":true,"href":"https:\/\/zooprekes24.lt\/et\/wp-json\/wp\/v2\/product_brand?post=36038"},{"taxonomy":"product_cat","embeddable":true,"href":"https:\/\/zooprekes24.lt\/et\/wp-json\/wp\/v2\/product_cat?post=36038"},{"taxonomy":"product_tag","embeddable":true,"href":"https:\/\/zooprekes24.lt\/et\/wp-json\/wp\/v2\/product_tag?post=36038"}],"curies":[{"name":"wp","href":"https:\/\/api.w.org\/{rel}","templated":true}]}}