{"id":36012,"date":"2025-04-11T13:24:58","date_gmt":"2025-04-11T11:24:58","guid":{"rendered":"https:\/\/zooprekes24.lt\/?post_type=product&#038;p=36012"},"modified":"2026-03-09T12:46:42","modified_gmt":"2026-03-09T10:46:42","slug":"royal-canin-diabetic-special-low-carbohydrate-pastetas-sunims-195g","status":"publish","type":"product","link":"https:\/\/zooprekes24.lt\/et\/produktas\/royal-canin-diabetic-special-low-carbohydrate-pastetas-sunims-195g\/","title":{"rendered":"Royal Canin Diabetic Special madala s\u00fcsivesikute sisaldusega pasteet koertele"},"content":{"rendered":"<h3>\u00dcksikasjalik teave Royal Canin Diabetic Special Low Carbohydrate P\u00e2t\u00e9 for dogs kohta on hetkel koostamisel.<\/h3>\n<p><a ref=\"magnificPopup\" href=\"https:\/\/zooprekes24.lt\/wp-content\/uploads\/hypoallergic-logo.png\"><img loading=\"lazy\" decoding=\"async\" class=\"wp-image-25067\" src=\"https:\/\/zooprekes24.lt\/wp-content\/uploads\/hypoallergic-logo-984x1024.png\" alt=\"RC VET loomade foto 2\" width=\"300\" height=\"312\" \/><\/a><\/p>","protected":false},"excerpt":{"rendered":"<p>\u00dcksikasjalik teave Royal Canin Diabetic Special Low Carbohydrate P\u00e2t\u00e9 for dogs kohta on hetkel koostamisel.<\/p>","protected":false},"featured_media":36015,"comment_status":"closed","ping_status":"closed","template":"","meta":{"_acf_changed":false,"slim_seo":{"title":"Royal Canin Diabetic Special Low Carbohydrate pa\u0161tetas \u0161unims - Zooprekes24","description":"\u00dcksikasjalik teave Royal Canin Diabetic Special Low Carbohydrate P\u00e2t\u00e9 for dogs kohta on hetkel koostamisel."},"iawp_total_views":13},"product_brand":[],"product_cat":[9241,9004,8999,29,31,9035],"product_tag":[4413,177,4429],"class_list":{"0":"post-36012","1":"product","2":"type-product","3":"status-publish","4":"has-post-thumbnail","6":"product_cat-royal-canin-veterinary-diets-sunims","7":"product_cat-slapias-maistas","8":"product_cat-sunims","9":"product_cat-sunu-maistas","10":"product_cat-sunu-prekiu-gamintojai","11":"product_cat-veterinarine-dieta","12":"product_tag-dietinis-maistas-sunims","13":"product_tag-edalas-sunims","14":"product_tag-premium-maistas-sunims","15":"pa_pasaro-sudetis-darzoves","16":"pa_pasaro-sudetis-kiauliena","17":"pa_pasaro-sudetis-paukstiena","18":"pa_prekiu-zenklai-royal-canin-veterinary-diets","19":"pa_suns-amzius-senjorams","20":"pa_suns-amzius-suaugusiems","21":"pa_veisles-dydis-didelems-veislems","22":"pa_veisles-dydis-mazoms-veislems","23":"pa_veisles-dydis-vidutinems-veislems","24":"pa_veisles-dydis-visu-dydziu-veislems","26":"first","27":"instock","28":"featured","29":"taxable","30":"shipping-taxable","31":"purchasable","32":"product-type-variable"},"acf":[],"_links":{"self":[{"href":"https:\/\/zooprekes24.lt\/et\/wp-json\/wp\/v2\/product\/36012","targetHints":{"allow":["GET"]}}],"collection":[{"href":"https:\/\/zooprekes24.lt\/et\/wp-json\/wp\/v2\/product"}],"about":[{"href":"https:\/\/zooprekes24.lt\/et\/wp-json\/wp\/v2\/types\/product"}],"replies":[{"embeddable":true,"href":"https:\/\/zooprekes24.lt\/et\/wp-json\/wp\/v2\/comments?post=36012"}],"wp:featuredmedia":[{"embeddable":true,"href":"https:\/\/zooprekes24.lt\/et\/wp-json\/wp\/v2\/media\/36015"}],"wp:attachment":[{"href":"https:\/\/zooprekes24.lt\/et\/wp-json\/wp\/v2\/media?parent=36012"}],"wp:term":[{"taxonomy":"product_brand","embeddable":true,"href":"https:\/\/zooprekes24.lt\/et\/wp-json\/wp\/v2\/product_brand?post=36012"},{"taxonomy":"product_cat","embeddable":true,"href":"https:\/\/zooprekes24.lt\/et\/wp-json\/wp\/v2\/product_cat?post=36012"},{"taxonomy":"product_tag","embeddable":true,"href":"https:\/\/zooprekes24.lt\/et\/wp-json\/wp\/v2\/product_tag?post=36012"}],"curies":[{"name":"wp","href":"https:\/\/api.w.org\/{rel}","templated":true}]}}