{"id":35914,"date":"2025-04-08T14:34:01","date_gmt":"2025-04-08T12:34:01","guid":{"rendered":"https:\/\/zooprekes24.lt\/?post_type=product&#038;p=35914"},"modified":"2025-04-08T14:37:06","modified_gmt":"2025-04-08T12:37:06","slug":"belocat-tofu-kaciu-kraikas-braskiu-kvapo","status":"publish","type":"product","link":"https:\/\/zooprekes24.lt\/et\/produktas\/belocat-tofu-kaciu-kraikas-braskiu-kvapo\/","title":{"rendered":"Belocat Tofu ka\u010di\u0173 kraikas, Bra\u0161ki\u0173 kvapo"},"content":{"rendered":"<h3><span data-contrast=\"auto\">Belocat Tofu on \u00fcks<\/span><span data-contrast=\"auto\">s<\/span><span data-contrast=\"auto\"> uusimad looduslikud allapanu sordid kassidele. Valmistatud 100% looduslikust hernestest\u00a0<\/span><span data-contrast=\"auto\">kiud<\/span><span data-contrast=\"auto\">, <\/span><span data-contrast=\"auto\">olla<\/span><span data-contrast=\"auto\">\u00a0<\/span><span data-contrast=\"auto\">mis tahes <\/span><span data-contrast=\"auto\">s\u00fcnteetilised lisaained ja v\u00e4rvained<\/span><span data-contrast=\"auto\">. <a href=\"https:\/\/zooprekes24.lt\/et\/?s=Kraikas&amp;post_type=product&amp;product_cat=0\" target=\"_blank\" rel=\"noopener noreferrer\">Kassipesu<\/a> imab kiiresti niiskust ja neutraliseerib ebameeldivaid l\u00f5hnu. Samuti on see eriti \u00f5rn <\/span><span data-contrast=\"auto\">tundlike kasside jalgade jaoks.<\/span><span data-contrast=\"auto\">\u00a0<\/span><span data-contrast=\"auto\">Kui allapanu saab niiskust, siis h\u00fcppab see sisse\u00a0<\/span><span data-contrast=\"auto\">k\u00f5vad t\u00fckkideks,\u00a0<\/span><span data-contrast=\"auto\">Autor <\/span><span data-contrast=\"auto\">eemaldada kassi pesakastist <\/span><span data-contrast=\"auto\">lihtsalt ja kiiresti.<\/span><\/h3>\n<ul>\n<li>Saldaus ir gaivaus aromato, kuris puikiai neutralizuoja nemalonius kvapus.<\/li>\n<li>Teie lemmiklooma jalad j\u00e4\u00e4vad alati puhtaks, ei j\u00e4ta j\u00e4lgi ja teie kodu on t\u00e4iesti puhas.<\/li>\n<li>Loodusliku koostise t\u00f5ttu on allapanu biolagunev ja vees lahustuv. V\u00f5ib ohutult WC-st alla loputada.<\/li>\n<li>Pr\u00fcgi on t\u00e4iesti keskkonnas\u00f5bralik. Toode on biolagunev ning seda saab kompostida ja kasutada loodusliku v\u00e4etisena.<\/li>\n<li>Belocat voodipesu peamine koostisosa on hernekiud. See ei sisalda s\u00fcnteetilisi lisandeid ega v\u00e4rvaineid ning on seet\u00f5ttu mittetoksiline ja 100% ohutu kassidele.<\/li>\n<li>Tofupesu valmistamiseks ei kasutata puitu, seega ei raiuta puid, kaitstes seega keskkonda. T\u00e4nu unikaalsetele koostisosadele ei sulata allapanu, seega on see ohutu nii lemmikloomadele kui ka nende omanikele.<\/li>\n<\/ul>","protected":false},"excerpt":{"rendered":"<p>Belocat Tofu &#8211; tai vienas naujausi\u0173 nat\u016brali\u0173 kraik\u0173 r\u016b\u0161i\u0173, skirt\u0173 kat\u0117ms. Pagamintas i\u0161 100% nat\u016bralios \u017eirni\u0173\u00a0l\u0105stelienos, be\u00a0joki\u0173 sintetini\u0173 pried\u0173 ir da\u017eikli\u0173. Ka\u010di\u0173 kraikas greitai sugeria dr\u0117gm\u0119 ir neutralizuoja nemalonius kvapus. Be to, jis ypa\u010d \u0161velnus jautrioms kat\u0117s p\u0117dut\u0117ms.\u00a0Gav\u0119s dr\u0117gm\u0117s \u0161is kraikas su\u0161oka \u012f\u00a0kietus grumstelius,\u00a0kuriuos i\u0161 kat\u0117s tualeto pa\u0161alinsite lengvai ir greitai. Saldaus ir gaivaus aromato,&#8230;<\/p>","protected":false},"featured_media":35917,"comment_status":"closed","ping_status":"closed","template":"","meta":{"_acf_changed":false,"slim_seo":{"title":"Belocat Tofu ka\u010di\u0173 kraikas, Bra\u0161ki\u0173 kvapo - Zooprekes24","description":"Belocat Tofu on \u00fcks uusimaid looduslikke allapanu sordid kassidele. Valmistatud 100% looduslikust hernekiust, ilma s\u00fcnteetiliste lisaaineteta ja"},"iawp_total_views":78},"product_brand":[],"product_cat":[9080,78,83,25,9009],"product_tag":[],"class_list":{"0":"post-35914","1":"product","2":"type-product","3":"status-publish","4":"has-post-thumbnail","6":"product_cat-belocat-katems","7":"product_cat-higiena-ir-prieziura-katems","8":"product_cat-kaciu-prekiu-gamintojai","9":"product_cat-katems","10":"product_cat-kraikas","11":"pa_kraiko-rusis-tofu","12":"pa_prekiu-zenklai-belocat","14":"first","15":"instock","16":"sale","17":"featured","18":"taxable","19":"shipping-taxable","20":"purchasable","21":"product-type-variable"},"acf":[],"_links":{"self":[{"href":"https:\/\/zooprekes24.lt\/et\/wp-json\/wp\/v2\/product\/35914","targetHints":{"allow":["GET"]}}],"collection":[{"href":"https:\/\/zooprekes24.lt\/et\/wp-json\/wp\/v2\/product"}],"about":[{"href":"https:\/\/zooprekes24.lt\/et\/wp-json\/wp\/v2\/types\/product"}],"replies":[{"embeddable":true,"href":"https:\/\/zooprekes24.lt\/et\/wp-json\/wp\/v2\/comments?post=35914"}],"wp:featuredmedia":[{"embeddable":true,"href":"https:\/\/zooprekes24.lt\/et\/wp-json\/wp\/v2\/media\/35917"}],"wp:attachment":[{"href":"https:\/\/zooprekes24.lt\/et\/wp-json\/wp\/v2\/media?parent=35914"}],"wp:term":[{"taxonomy":"product_brand","embeddable":true,"href":"https:\/\/zooprekes24.lt\/et\/wp-json\/wp\/v2\/product_brand?post=35914"},{"taxonomy":"product_cat","embeddable":true,"href":"https:\/\/zooprekes24.lt\/et\/wp-json\/wp\/v2\/product_cat?post=35914"},{"taxonomy":"product_tag","embeddable":true,"href":"https:\/\/zooprekes24.lt\/et\/wp-json\/wp\/v2\/product_tag?post=35914"}],"curies":[{"name":"wp","href":"https:\/\/api.w.org\/{rel}","templated":true}]}}