{"id":35895,"date":"2025-04-08T12:29:10","date_gmt":"2025-04-08T10:29:10","guid":{"rendered":"https:\/\/zooprekes24.lt\/?post_type=product&#038;p=35895"},"modified":"2026-04-01T14:41:36","modified_gmt":"2026-04-01T12:41:36","slug":"kimo-creamy-tuna-goat-tyreliu-skanestai-katems","status":"publish","type":"product","link":"https:\/\/zooprekes24.lt\/et\/produktas\/kimo-creamy-tuna-goat-tyreliu-skanestai-katems\/","title":{"rendered":"Kimo Creamy Tuna Goat tyr\u0117li\u0173 skan\u0117stai kat\u0117ms"},"content":{"rendered":"<h3>Kimo Creamy Tuna Goat skan\u0117stuose yra daug dr\u0117gm\u0117s, kuri yra b\u016btina gerai ka\u010di\u0173 sveikatai. Taip pat \u0161i\u0173 tyreli\u0173 sud\u0117tyje n\u0117ra prid\u0117tini\u0173 cukr\u0173 ar dirbtini\u0173 kvapikli\u0173.<\/h3>\n<ul>\n<li>\u0160velnios, kremin\u0117s konsistencijos tyrel\u0117, kuri\u0105 kat\u0117s tiesiog dievina.<\/li>\n<li>Sud\u0117tyje &#8211; tunas ir o\u017ekos pienas, be prid\u0117tini\u0173 cukr\u0173 ar dirbtini\u0173 kvapikli\u0173.<\/li>\n<li>Padeda palaikyti tinkam\u0105 skys\u010di\u0173 kiek\u012f organizme d\u0117l didelio dr\u0117gm\u0117s kiekio.<\/li>\n<li>Puikiai tinka kaip papildas prie kasdienio maisto ar kaip skanus apdovanojimas.<\/li>\n<\/ul>","protected":false},"excerpt":{"rendered":"<p>Kimo Creamy Tuna Goat skan\u0117stuose yra daug dr\u0117gm\u0117s, kuri yra b\u016btina gerai ka\u010di\u0173 sveikatai. Taip pat \u0161i\u0173 tyreli\u0173 sud\u0117tyje n\u0117ra prid\u0117tini\u0173 cukr\u0173 ar dirbtini\u0173 kvapikli\u0173. \u0160velnios, kremin\u0117s konsistencijos tyrel\u0117, kuri\u0105 kat\u0117s tiesiog dievina. Sud\u0117tyje &#8211; tunas ir o\u017ekos pienas, be prid\u0117tini\u0173 cukr\u0173 ar dirbtini\u0173 kvapikli\u0173. Padeda palaikyti tinkam\u0105 skys\u010di\u0173 kiek\u012f organizme d\u0117l didelio dr\u0117gm\u0117s kiekio&#8230;.<\/p>","protected":false},"featured_media":35896,"comment_status":"closed","ping_status":"closed","template":"","meta":{"_acf_changed":false,"slim_seo":{"title":"Kimo Creamy Tuna Goat tyr\u0117li\u0173 skan\u0117stai kat\u0117ms - Zooprekes24","description":"Kimo Creamy Tuna Goat skan\u0117stuose yra daug dr\u0117gm\u0117s, kuri yra b\u016btina gerai ka\u010di\u0173 sveikatai. Taip pat \u0161i\u0173 tyreli\u0173 sud\u0117tyje n\u0117ra prid\u0117tini\u0173 cukr\u0173 ar dirbtini\u0173 kvap"},"iawp_total_views":25},"product_brand":[],"product_cat":[9027,72,83,25,9208,9018],"product_tag":[2008,2032],"class_list":{"0":"post-35895","1":"product","2":"type-product","3":"status-publish","4":"has-post-thumbnail","6":"product_cat-begrudis-maistas-kaciu-maistas","7":"product_cat-kaciu-maistas","8":"product_cat-kaciu-prekiu-gamintojai","9":"product_cat-katems","10":"product_cat-kimo","11":"product_cat-skanestai","12":"product_tag-kaciu-skanestai","13":"product_tag-skystas-kaciu-skanestas","14":"pa_pasaro-sudetis-tunas","15":"pa_pasaro-sudetis-zuvis","16":"pa_prekiu-zenklai-kimo","18":"first","19":"instock","20":"taxable","21":"shipping-taxable","22":"purchasable","23":"product-type-variable"},"acf":[],"_links":{"self":[{"href":"https:\/\/zooprekes24.lt\/et\/wp-json\/wp\/v2\/product\/35895","targetHints":{"allow":["GET"]}}],"collection":[{"href":"https:\/\/zooprekes24.lt\/et\/wp-json\/wp\/v2\/product"}],"about":[{"href":"https:\/\/zooprekes24.lt\/et\/wp-json\/wp\/v2\/types\/product"}],"replies":[{"embeddable":true,"href":"https:\/\/zooprekes24.lt\/et\/wp-json\/wp\/v2\/comments?post=35895"}],"wp:featuredmedia":[{"embeddable":true,"href":"https:\/\/zooprekes24.lt\/et\/wp-json\/wp\/v2\/media\/35896"}],"wp:attachment":[{"href":"https:\/\/zooprekes24.lt\/et\/wp-json\/wp\/v2\/media?parent=35895"}],"wp:term":[{"taxonomy":"product_brand","embeddable":true,"href":"https:\/\/zooprekes24.lt\/et\/wp-json\/wp\/v2\/product_brand?post=35895"},{"taxonomy":"product_cat","embeddable":true,"href":"https:\/\/zooprekes24.lt\/et\/wp-json\/wp\/v2\/product_cat?post=35895"},{"taxonomy":"product_tag","embeddable":true,"href":"https:\/\/zooprekes24.lt\/et\/wp-json\/wp\/v2\/product_tag?post=35895"}],"curies":[{"name":"wp","href":"https:\/\/api.w.org\/{rel}","templated":true}]}}