{"id":35891,"date":"2025-04-08T12:12:37","date_gmt":"2025-04-08T10:12:37","guid":{"rendered":"https:\/\/zooprekes24.lt\/?post_type=product&#038;p=35891"},"modified":"2026-04-01T14:39:47","modified_gmt":"2026-04-01T12:39:47","slug":"kimo-creamy-tuna-salmon-tyreliu-skanestai-katems","status":"publish","type":"product","link":"https:\/\/zooprekes24.lt\/et\/produktas\/kimo-creamy-tuna-salmon-tyreliu-skanestai-katems\/","title":{"rendered":"Kimo Creamy Tuna Salmon tyr\u0117li\u0173 skan\u0117stai kat\u0117ms"},"content":{"rendered":"<h3>Kimo Creamy Tuna Salmon skan\u0117stuose yra daug dr\u0117gm\u0117s, kuri yra b\u016btina gerai ka\u010di\u0173 sveikatai. Taip pat \u0161i\u0173 tyreli\u0173 sud\u0117tyje n\u0117ra prid\u0117tini\u0173 cukr\u0173 ar dirbtini\u0173 kvapikli\u0173.<\/h3>\n<ul>\n<li>Sud\u0117tyje &#8211; la\u0161i\u0161a ir tunas, be prid\u0117tini\u0173 cukr\u0173 ar dirbtini\u0173 kvapikli\u0173.<\/li>\n<li>\u0160velnios, kremin\u0117s konsistencijos tyrel\u0117, kuri\u0105 kat\u0117s tiesiog dievina.<\/li>\n<li>Padeda palaikyti tinkam\u0105 skys\u010di\u0173 kiek\u012f organizme d\u0117l didelio dr\u0117gm\u0117s kiekio.<\/li>\n<li>Puikiai tinka kaip papildas prie kasdienio maisto ar kaip skanus apdovanojimas.<\/li>\n<\/ul>","protected":false},"excerpt":{"rendered":"<p>Kimo Creamy Tuna Salmon skan\u0117stuose yra daug dr\u0117gm\u0117s, kuri yra b\u016btina gerai ka\u010di\u0173 sveikatai. Taip pat \u0161i\u0173 tyreli\u0173 sud\u0117tyje n\u0117ra prid\u0117tini\u0173 cukr\u0173 ar dirbtini\u0173 kvapikli\u0173. Sud\u0117tyje &#8211; la\u0161i\u0161a ir tunas, be prid\u0117tini\u0173 cukr\u0173 ar dirbtini\u0173 kvapikli\u0173. \u0160velnios, kremin\u0117s konsistencijos tyrel\u0117, kuri\u0105 kat\u0117s tiesiog dievina. Padeda palaikyti tinkam\u0105 skys\u010di\u0173 kiek\u012f organizme d\u0117l didelio dr\u0117gm\u0117s kiekio. Puikiai&#8230;<\/p>","protected":false},"featured_media":35892,"comment_status":"closed","ping_status":"closed","template":"","meta":{"_acf_changed":false,"slim_seo":{"title":"Kimo Creamy Tuna Salmon tyr\u0117li\u0173 skan\u0117stai kat\u0117ms - Zooprekes24","description":"Kimo Creamy Tuna Salmon skan\u0117stuose yra daug dr\u0117gm\u0117s, kuri yra b\u016btina gerai ka\u010di\u0173 sveikatai. Taip pat \u0161i\u0173 tyreli\u0173 sud\u0117tyje n\u0117ra prid\u0117tini\u0173 cukr\u0173 ar dirbtini\u0173 kv"},"iawp_total_views":31},"product_brand":[],"product_cat":[9027,72,83,25,9208,9018],"product_tag":[2008,2032],"class_list":{"0":"post-35891","1":"product","2":"type-product","3":"status-publish","4":"has-post-thumbnail","6":"product_cat-begrudis-maistas-kaciu-maistas","7":"product_cat-kaciu-maistas","8":"product_cat-kaciu-prekiu-gamintojai","9":"product_cat-katems","10":"product_cat-kimo","11":"product_cat-skanestai","12":"product_tag-kaciu-skanestai","13":"product_tag-skystas-kaciu-skanestas","14":"pa_pasaro-sudetis-lasisa","15":"pa_pasaro-sudetis-tunas","16":"pa_pasaro-sudetis-zuvis","17":"pa_prekiu-zenklai-kimo","19":"first","20":"instock","21":"taxable","22":"shipping-taxable","23":"purchasable","24":"product-type-variable"},"acf":[],"_links":{"self":[{"href":"https:\/\/zooprekes24.lt\/et\/wp-json\/wp\/v2\/product\/35891","targetHints":{"allow":["GET"]}}],"collection":[{"href":"https:\/\/zooprekes24.lt\/et\/wp-json\/wp\/v2\/product"}],"about":[{"href":"https:\/\/zooprekes24.lt\/et\/wp-json\/wp\/v2\/types\/product"}],"replies":[{"embeddable":true,"href":"https:\/\/zooprekes24.lt\/et\/wp-json\/wp\/v2\/comments?post=35891"}],"wp:featuredmedia":[{"embeddable":true,"href":"https:\/\/zooprekes24.lt\/et\/wp-json\/wp\/v2\/media\/35892"}],"wp:attachment":[{"href":"https:\/\/zooprekes24.lt\/et\/wp-json\/wp\/v2\/media?parent=35891"}],"wp:term":[{"taxonomy":"product_brand","embeddable":true,"href":"https:\/\/zooprekes24.lt\/et\/wp-json\/wp\/v2\/product_brand?post=35891"},{"taxonomy":"product_cat","embeddable":true,"href":"https:\/\/zooprekes24.lt\/et\/wp-json\/wp\/v2\/product_cat?post=35891"},{"taxonomy":"product_tag","embeddable":true,"href":"https:\/\/zooprekes24.lt\/et\/wp-json\/wp\/v2\/product_tag?post=35891"}],"curies":[{"name":"wp","href":"https:\/\/api.w.org\/{rel}","templated":true}]}}