{"id":35520,"date":"2025-03-20T13:27:42","date_gmt":"2025-03-20T11:27:42","guid":{"rendered":"https:\/\/zooprekes24.lt\/?post_type=product&#038;p=35520"},"modified":"2026-03-05T14:34:40","modified_gmt":"2026-03-05T12:34:40","slug":"royal-canin-seedimislisa-koertele-160g","status":"publish","type":"product","link":"https:\/\/zooprekes24.lt\/et\/produktas\/royal-canin-digestion-papildas-sunims-virskinimui-160g\/","title":{"rendered":"Royal Canin Digestion toidulisand koertele, seedimisele 160 g"},"content":{"rendered":"<h3 data-start=\"0\" data-end=\"127\">Royal Canin Digestion - toidulisand tervisliku seedimise tagamiseks. Sobib k\u00f5ikide t\u00f5ugude t\u00e4iskasvanud koertele. Maitsvad n\u00e4rimislisandid on spetsiaalselt koostatud teaduslikult p\u00f5hjendatud koostisainete seguga, mis vastab koerte muutuvatele vajadustele ja aitab s\u00e4ilitada nende igak\u00fclgset tervist.<\/h3>\n<ul>\n<li class=\"p1\">T\u00e4iendatud prebiootikumidega, mis aitavad s\u00e4ilitada teie koera tervislikku soolestiku mikrofloorat.<\/li>\n<li class=\"p1\">Postbiootikumid, beetagl\u00fckaanid, tagavad tervisliku seedimise ja v\u00e4ljaheite kvaliteedi.<\/li>\n<li>P\u00e4rast 2-n\u00e4dalast kasutamist on loomaomanikud teatanud, et 84% parandab lemmiklooma seedimist.<\/li>\n<\/ul>","protected":false},"excerpt":{"rendered":"<p>Royal Canin Digestion &#8211; papildas sveikam vir\u0161kinimui. Pritaikytas vis\u0173 veisli\u0173 suaugusiems \u0161unims. Gard\u016bs kramtomieji papildai yra specialiai sukurti naudojant moksli\u0161kai pagr\u012fst\u0105 sudedam\u0173j\u0173 dali\u0173 mi\u0161in\u012f, kad patenkint\u0173 besikei\u010dian\u010dius \u0161un\u0173 poreikius ir pad\u0117t\u0173 palaikyti visapusi\u0161k\u0105 j\u0173 sveikat\u0105. Papildytas prebiotikais, kurie padeda palaikyti sveik\u0105 \u0161uns \u017earnyno mikroflor\u0105. Sud\u0117tyje esantys postbiotikai &#8211; beta gliukanai, u\u017etikrina sveik\u0105 vir\u0161kinim\u0105 ir i\u0161mat\u0173&#8230;<\/p>","protected":false},"featured_media":35521,"comment_status":"closed","ping_status":"closed","template":"","meta":{"_acf_changed":false,"slim_seo":{"title":"Royal Canin Digestion papildas \u0161unims, vir\u0161kinimui 160 g - Zooprekes24","description":"Royal Canin Digestion - toidulisand tervisliku seedimise tagamiseks. Sobib k\u00f5ikide t\u00f5ugude t\u00e4iskasvanud koertele. Maitsvad n\u00e4rimisk\u00f5lblikud toidulisandid on spetsiaalselt formuleeritud, kasutades"},"iawp_total_views":77},"product_brand":[],"product_cat":[32,9012,8999,31,9022],"product_tag":[4413,177,4429],"class_list":{"0":"post-35520","1":"product","2":"type-product","3":"status-publish","4":"has-post-thumbnail","6":"product_cat-kitos-sunu-prekes","7":"product_cat-royal-canin","8":"product_cat-sunims","9":"product_cat-sunu-prekiu-gamintojai","10":"product_cat-vitaminai-ir-papildai-sunims","11":"product_tag-dietinis-maistas-sunims","12":"product_tag-edalas-sunims","13":"product_tag-premium-maistas-sunims","14":"pa_prekiu-zenklai-royal-canin","15":"pa_suns-amzius-senjorams","16":"pa_suns-amzius-suaugusiems","17":"pa_veisles-dydis-didelems-veislems","18":"pa_veisles-dydis-mazoms-veislems","19":"pa_veisles-dydis-vidutinems-veislems","20":"pa_veisles-dydis-visu-dydziu-veislems","22":"first","23":"instock","24":"featured","25":"taxable","26":"shipping-taxable","27":"purchasable","28":"product-type-simple"},"acf":[],"_links":{"self":[{"href":"https:\/\/zooprekes24.lt\/et\/wp-json\/wp\/v2\/product\/35520","targetHints":{"allow":["GET"]}}],"collection":[{"href":"https:\/\/zooprekes24.lt\/et\/wp-json\/wp\/v2\/product"}],"about":[{"href":"https:\/\/zooprekes24.lt\/et\/wp-json\/wp\/v2\/types\/product"}],"replies":[{"embeddable":true,"href":"https:\/\/zooprekes24.lt\/et\/wp-json\/wp\/v2\/comments?post=35520"}],"wp:featuredmedia":[{"embeddable":true,"href":"https:\/\/zooprekes24.lt\/et\/wp-json\/wp\/v2\/media\/35521"}],"wp:attachment":[{"href":"https:\/\/zooprekes24.lt\/et\/wp-json\/wp\/v2\/media?parent=35520"}],"wp:term":[{"taxonomy":"product_brand","embeddable":true,"href":"https:\/\/zooprekes24.lt\/et\/wp-json\/wp\/v2\/product_brand?post=35520"},{"taxonomy":"product_cat","embeddable":true,"href":"https:\/\/zooprekes24.lt\/et\/wp-json\/wp\/v2\/product_cat?post=35520"},{"taxonomy":"product_tag","embeddable":true,"href":"https:\/\/zooprekes24.lt\/et\/wp-json\/wp\/v2\/product_tag?post=35520"}],"curies":[{"name":"wp","href":"https:\/\/api.w.org\/{rel}","templated":true}]}}