{"id":35517,"date":"2025-03-20T13:12:14","date_gmt":"2025-03-20T11:12:14","guid":{"rendered":"https:\/\/zooprekes24.lt\/?post_type=product&#038;p=35517"},"modified":"2026-02-18T16:53:52","modified_gmt":"2026-02-18T14:53:52","slug":"royal-canin-naha-karvkatte-toidulisand-koertele-240g","status":"publish","type":"product","link":"https:\/\/zooprekes24.lt\/et\/produktas\/royal-canin-skin-coat-papildas-sunims-odai-ir-kailiui-240g\/","title":{"rendered":"Royal Canin Skin &amp; Coat toidulisand koertele, nahk ja karvkate 240 g"},"content":{"rendered":"<h3 data-start=\"0\" data-end=\"127\">Royal Canin Skin &amp; Coat - toidulisand naha ja karvkatte hooldamiseks. Sobib k\u00f5ikidele t\u00e4iskasvanud koerat\u00f5ugudele. Maitsvad n\u00e4rimisk\u00f5lblikud toidulisandid on spetsiaalselt koostatud teaduslikult p\u00f5hjendatud koostisainete seguga, mis vastab koerte muutuvatele vajadustele ja aitab s\u00e4ilitada nende igak\u00fclgset tervist.<\/h3>\n<ul>\n<li><span style=\"letter-spacing: 0em;\">Vitamiinide segu: naharakkude terveks uuendamiseks.<\/span><\/li>\n<li class=\"p1\">Omega-3 ja oomega-6 rasvhapped: soodustavad naha ja karvkatte tervist.<\/li>\n<li class=\"p1\"><span style=\"letter-spacing: 0em;\">Tsink ja gamma-linoleenhape: aitab s\u00e4ilitada nahka <\/span><span style=\"letter-spacing: 0em;\">t\u00f5kkefunktsioon.<\/span><\/li>\n<li>P\u00e4rast 2-n\u00e4dalast kasutamist on loomaomanikud teatanud, et 86% on parandanud lemmiklooma naha ja karvkatte seisundit.<\/li>\n<\/ul>","protected":false},"excerpt":{"rendered":"<p>Royal Canin Skin &amp; Coat &#8211; papildas odos ir kailio prie\u017ei\u016brai. Pritaikytas vis\u0173 veisli\u0173 suaugusiems \u0161unims. Gard\u016bs kramtomieji papildai yra specialiai sukurti naudojant moksli\u0161kai pagr\u012fst\u0105 sudedam\u0173j\u0173 dali\u0173 mi\u0161in\u012f, kad patenkint\u0173 besikei\u010dian\u010dius \u0161un\u0173 poreikius ir pad\u0117t\u0173 palaikyti visapusi\u0161k\u0105 j\u0173 sveikat\u0105. Vitamin\u0173 mi\u0161inys: sveikam odos l\u0105steli\u0173 atsinaujinimui. Omega-3 ir omega-6 riebal\u0173 r\u016bg\u0161tys: puosel\u0117ja odos ir kailio b\u016bkl\u0119&#8230;.<\/p>","protected":false},"featured_media":35519,"comment_status":"closed","ping_status":"closed","template":"","meta":{"_acf_changed":false,"slim_seo":{"title":"Royal Canin Skin & Coat papildas \u0161unims, odai ir kailiui 240 g - Zooprekes24","description":"Royal Canin Skin &amp; Coat - toidulisand naha ja karvkatte hooldamiseks. Sobib k\u00f5ikidele t\u00e4iskasvanud koerat\u00f5ugudele. Maitsvad n\u00e4rimisk\u00f5lblikud toidulisandid on spetsiaalselt koostatud"},"iawp_total_views":54},"product_brand":[],"product_cat":[32,9012,8999,31,9022],"product_tag":[4413,177,4429],"class_list":{"0":"post-35517","1":"product","2":"type-product","3":"status-publish","4":"has-post-thumbnail","6":"product_cat-kitos-sunu-prekes","7":"product_cat-royal-canin","8":"product_cat-sunims","9":"product_cat-sunu-prekiu-gamintojai","10":"product_cat-vitaminai-ir-papildai-sunims","11":"product_tag-dietinis-maistas-sunims","12":"product_tag-edalas-sunims","13":"product_tag-premium-maistas-sunims","14":"pa_prekiu-zenklai-royal-canin","15":"pa_suns-amzius-senjorams","16":"pa_suns-amzius-suaugusiems","17":"pa_veisles-dydis-didelems-veislems","18":"pa_veisles-dydis-mazoms-veislems","19":"pa_veisles-dydis-vidutinems-veislems","20":"pa_veisles-dydis-visu-dydziu-veislems","22":"first","23":"instock","24":"sale","25":"featured","26":"taxable","27":"shipping-taxable","28":"purchasable","29":"product-type-simple"},"acf":[],"_links":{"self":[{"href":"https:\/\/zooprekes24.lt\/et\/wp-json\/wp\/v2\/product\/35517","targetHints":{"allow":["GET"]}}],"collection":[{"href":"https:\/\/zooprekes24.lt\/et\/wp-json\/wp\/v2\/product"}],"about":[{"href":"https:\/\/zooprekes24.lt\/et\/wp-json\/wp\/v2\/types\/product"}],"replies":[{"embeddable":true,"href":"https:\/\/zooprekes24.lt\/et\/wp-json\/wp\/v2\/comments?post=35517"}],"wp:featuredmedia":[{"embeddable":true,"href":"https:\/\/zooprekes24.lt\/et\/wp-json\/wp\/v2\/media\/35519"}],"wp:attachment":[{"href":"https:\/\/zooprekes24.lt\/et\/wp-json\/wp\/v2\/media?parent=35517"}],"wp:term":[{"taxonomy":"product_brand","embeddable":true,"href":"https:\/\/zooprekes24.lt\/et\/wp-json\/wp\/v2\/product_brand?post=35517"},{"taxonomy":"product_cat","embeddable":true,"href":"https:\/\/zooprekes24.lt\/et\/wp-json\/wp\/v2\/product_cat?post=35517"},{"taxonomy":"product_tag","embeddable":true,"href":"https:\/\/zooprekes24.lt\/et\/wp-json\/wp\/v2\/product_tag?post=35517"}],"curies":[{"name":"wp","href":"https:\/\/api.w.org\/{rel}","templated":true}]}}