{"id":35515,"date":"2025-03-20T12:43:01","date_gmt":"2025-03-20T10:43:01","guid":{"rendered":"https:\/\/zooprekes24.lt\/?post_type=product&#038;p=35515"},"modified":"2026-02-18T16:52:18","modified_gmt":"2026-02-18T14:52:18","slug":"royal-canin-joint-ageing-toidulisand-vananevatele-koertele-240g","status":"publish","type":"product","link":"https:\/\/zooprekes24.lt\/et\/produktas\/royal-canin-joint-ageing-papildas-sunims-sanariams-ir-senejimui-240g\/","title":{"rendered":"Royal Canin Joint &amp; Ageing Supplement for Dogs 240 g"},"content":{"rendered":"<h3 data-start=\"0\" data-end=\"127\">Royal Canin Joint &amp; Ageing - toidulisand liigesehoolduseks ja terveks vananemiseks. Sobib k\u00f5ikide t\u00f5ugude t\u00e4iskasvanud koertele. Maitsvad n\u00e4rimisk\u00f5lblikud toidulisandid on spetsiaalselt koostatud teaduslikult p\u00f5hjendatud koostisainete seguga, mis vastab koerte muutuvatele vajadustele ja aitab s\u00e4ilitada nende igak\u00fclgset tervist.<\/h3>\n<ul>\n<li data-start=\"126\" data-end=\"272\">EPR ja DHA: toetavad liigeste funktsiooni.<\/li>\n<li data-start=\"126\" data-end=\"272\"><span style=\"letter-spacing: 0em;\">Uus-Meremaa rohelised rannakarbid: s\u00e4ilitada k\u00f5hrkoe seisund.<\/span><\/li>\n<li>P\u00e4rast 60-p\u00e4evast kasutamist on lemmikloomaomanikud teatanud, et 62% on parandanud lemmiklooma liikuvust.<\/li>\n<li data-start=\"126\" data-end=\"272\">\n<p class=\"p1\">Kohandatud koostisainete segu, mis sisaldab tomatipulbrit (l\u00fckopeeni allikas), C- ja E-vitamiini, tagab hea tervise vananedes.<\/p>\n<\/li>\n<\/ul>","protected":false},"excerpt":{"rendered":"<p>Royal Canin Joint &amp; Ageing &#8211; papildas s\u0105nari\u0173 prie\u017ei\u016brai ir sveikam sen\u0117jimui. Pritaikytas vis\u0173 veisli\u0173 suaugusiems \u0161unims. Gard\u016bs kramtomieji papildai yra specialiai sukurti naudojant moksli\u0161kai pagr\u012fst\u0105 sudedam\u0173j\u0173 dali\u0173 mi\u0161in\u012f, kad patenkint\u0173 besikei\u010dian\u010dius \u0161un\u0173 poreikius ir pad\u0117t\u0173 palaikyti visapusi\u0161k\u0105 j\u0173 sveikat\u0105. EPR ir DHR: palaiko s\u0105nari\u0173 funkcij\u0105. Naujosios Zelandijos \u017ealiosios midijos: palaiko kremzlini\u0173 audini\u0173 b\u016bkle. Po&#8230;<\/p>","protected":false},"featured_media":35516,"comment_status":"closed","ping_status":"closed","template":"","meta":{"_acf_changed":false,"slim_seo":{"title":"Royal Canin Joint & Ageing papildas \u0161unims, s\u0105nariams ir sen\u0117jimui 240 g - Zooprekes24","description":"Royal Canin Joint &amp; Ageing - toidulisand liigesehoolduseks ja terveks vananemiseks. Sobib k\u00f5ikide t\u00f5ugude t\u00e4iskasvanud koertele. Maitsvad n\u00e4rimisk\u00f5lblikud toidulisandid on"},"iawp_total_views":108},"product_brand":[],"product_cat":[32,9012,8999,31,9022],"product_tag":[4413,177,4429],"class_list":{"0":"post-35515","1":"product","2":"type-product","3":"status-publish","4":"has-post-thumbnail","6":"product_cat-kitos-sunu-prekes","7":"product_cat-royal-canin","8":"product_cat-sunims","9":"product_cat-sunu-prekiu-gamintojai","10":"product_cat-vitaminai-ir-papildai-sunims","11":"product_tag-dietinis-maistas-sunims","12":"product_tag-edalas-sunims","13":"product_tag-premium-maistas-sunims","14":"pa_prekiu-zenklai-royal-canin","15":"pa_suns-amzius-senjorams","16":"pa_suns-amzius-suaugusiems","17":"pa_veisles-dydis-didelems-veislems","18":"pa_veisles-dydis-mazoms-veislems","19":"pa_veisles-dydis-vidutinems-veislems","20":"pa_veisles-dydis-visu-dydziu-veislems","22":"first","23":"instock","24":"sale","25":"featured","26":"taxable","27":"shipping-taxable","28":"purchasable","29":"product-type-simple"},"acf":[],"_links":{"self":[{"href":"https:\/\/zooprekes24.lt\/et\/wp-json\/wp\/v2\/product\/35515","targetHints":{"allow":["GET"]}}],"collection":[{"href":"https:\/\/zooprekes24.lt\/et\/wp-json\/wp\/v2\/product"}],"about":[{"href":"https:\/\/zooprekes24.lt\/et\/wp-json\/wp\/v2\/types\/product"}],"replies":[{"embeddable":true,"href":"https:\/\/zooprekes24.lt\/et\/wp-json\/wp\/v2\/comments?post=35515"}],"wp:featuredmedia":[{"embeddable":true,"href":"https:\/\/zooprekes24.lt\/et\/wp-json\/wp\/v2\/media\/35516"}],"wp:attachment":[{"href":"https:\/\/zooprekes24.lt\/et\/wp-json\/wp\/v2\/media?parent=35515"}],"wp:term":[{"taxonomy":"product_brand","embeddable":true,"href":"https:\/\/zooprekes24.lt\/et\/wp-json\/wp\/v2\/product_brand?post=35515"},{"taxonomy":"product_cat","embeddable":true,"href":"https:\/\/zooprekes24.lt\/et\/wp-json\/wp\/v2\/product_cat?post=35515"},{"taxonomy":"product_tag","embeddable":true,"href":"https:\/\/zooprekes24.lt\/et\/wp-json\/wp\/v2\/product_tag?post=35515"}],"curies":[{"name":"wp","href":"https:\/\/api.w.org\/{rel}","templated":true}]}}