{"id":35474,"date":"2025-03-19T11:35:45","date_gmt":"2025-03-19T09:35:45","guid":{"rendered":"https:\/\/zooprekes24.lt\/?post_type=product&#038;p=35474"},"modified":"2026-03-31T17:02:26","modified_gmt":"2026-03-31T15:02:26","slug":"brit-vitamins-calm-maisto-papildas-sunims-150g","status":"publish","type":"product","link":"https:\/\/zooprekes24.lt\/et\/produktas\/brit-vitamins-calm-maisto-papildas-sunims-150g\/","title":{"rendered":"Brit Vitamins Calm toidulisand koertele 150 g"},"content":{"rendered":"<h3>Brit Vitamins Calm &#8211; funkcionalus skan\u0117sto formos maisto papildas \u0161unims skirtas <span>suma\u017einti augintinio nerim\u0105 bei gerinti odos ir kailio b\u016bkl\u0119.<\/span> Rekomenduojamas suaugusiems, jautriems \u0161unims, kurie patiria stres\u0105 <span>d\u0117l kelioni\u0173, garsaus triuk\u0161mo ar hiperaktyvumo.<\/span><\/h3>\n<ul>\n<li data-start=\"323\" data-end=\"430\">B grup\u0117s vitaminai &#8211; p<span class=\"relative -mx-px my-[-0.2rem] rounded px-px py-[0.2rem]\">alaiko nerv\u0173 sistem\u0105.<\/span>\u200b<\/li>\n<li data-start=\"560\" data-end=\"663\">Vitaminas C &#8211; p<span class=\"relative -mx-px my-[-0.2rem] rounded px-px py-[0.2rem]\">adeda ma\u017einti oksidacin\u012f stres\u0105.<\/span>\u200b<\/li>\n<li><a href=\"https:\/\/brit-petfood.com\/en\/\" target=\"_blank\" rel=\"noopener\">Brit<\/a> Vitamins <a href=\"https:\/\/zooprekes24.lt\/kategorija\/prekes-sunims\/\" target=\"_blank\" rel=\"noopener\">\u0161unims<\/a> &#8211; be gr\u016bd\u0173 \/ be soj\u0173 \/ be da\u017eikli\u0173 \/ be GMO.<\/li>\n<li>Valerijono \u0161aknis, ramun\u0117l\u0117s ir kanap\u0117s &#8211; n<span class=\"relative -mx-px my-[-0.2rem] rounded px-px py-[0.2rem]\">at\u016brali raminamoji pagalba.<\/span>\u200b<\/li>\n<li>L-triptofanas ir i\u0161r\u016bgos &#8211; s<span class=\"relative -mx-px my-[-0.2rem] rounded px-px py-[0.2rem]\">katina laim\u0117s hormon\u0173 gamyb\u0105, turin\u010di\u0173 raminam\u0105j\u012f poveik\u012f.<\/span>\u200b<\/li>\n<\/ul>\n","protected":false},"excerpt":{"rendered":"<p>Brit Vitamins Calm &#8211; funkcionalus skan\u0117sto formos maisto papildas \u0161unims skirtas suma\u017einti augintinio nerim\u0105 bei gerinti odos ir kailio b\u016bkl\u0119. Rekomenduojamas suaugusiems, jautriems \u0161unims, kurie patiria stres\u0105 d\u0117l kelioni\u0173, garsaus triuk\u0161mo ar hiperaktyvumo. B grup\u0117s vitaminai &#8211; palaiko nerv\u0173 sistem\u0105.\u200b Vitaminas C &#8211; padeda ma\u017einti oksidacin\u012f stres\u0105.\u200b Brit Vitamins \u0161unims &#8211; be gr\u016bd\u0173 \/ be&#8230;<\/p>","protected":false},"featured_media":35476,"comment_status":"closed","ping_status":"closed","template":"","meta":{"_acf_changed":false,"slim_seo":{"title":"Brit Vitamins Calm maisto papildas \u0161unims 150 g - Zooprekes24","description":"Brit Vitamins Calm - funkcionalus skan\u0117sto formos maisto papildas \u0161unims skirtas suma\u017einti augintinio nerim\u0105 bei gerinti odos ir kailio b\u016bkl\u0119. Rekomenduojamas s"},"iawp_total_views":39},"product_brand":[],"product_cat":[9029,32,8999,31,9022],"product_tag":[8224],"class_list":{"0":"post-35474","1":"product","2":"type-product","3":"status-publish","4":"has-post-thumbnail","6":"product_cat-brit-care","7":"product_cat-kitos-sunu-prekes","8":"product_cat-sunims","9":"product_cat-sunu-prekiu-gamintojai","10":"product_cat-vitaminai-ir-papildai-sunims","11":"product_tag-brit-vitaminai-sunims","12":"pa_prekiu-zenklai-brit-care","13":"pa_suns-amzius-suaugusiems","14":"pa_veisles-dydis-didelems-veislems","15":"pa_veisles-dydis-mazoms-veislems","16":"pa_veisles-dydis-vidutinems-veislems","17":"pa_veisles-dydis-visu-dydziu-veislems","19":"first","20":"instock","21":"featured","22":"taxable","23":"shipping-taxable","24":"purchasable","25":"product-type-simple"},"acf":[],"_links":{"self":[{"href":"https:\/\/zooprekes24.lt\/et\/wp-json\/wp\/v2\/product\/35474","targetHints":{"allow":["GET"]}}],"collection":[{"href":"https:\/\/zooprekes24.lt\/et\/wp-json\/wp\/v2\/product"}],"about":[{"href":"https:\/\/zooprekes24.lt\/et\/wp-json\/wp\/v2\/types\/product"}],"replies":[{"embeddable":true,"href":"https:\/\/zooprekes24.lt\/et\/wp-json\/wp\/v2\/comments?post=35474"}],"wp:featuredmedia":[{"embeddable":true,"href":"https:\/\/zooprekes24.lt\/et\/wp-json\/wp\/v2\/media\/35476"}],"wp:attachment":[{"href":"https:\/\/zooprekes24.lt\/et\/wp-json\/wp\/v2\/media?parent=35474"}],"wp:term":[{"taxonomy":"product_brand","embeddable":true,"href":"https:\/\/zooprekes24.lt\/et\/wp-json\/wp\/v2\/product_brand?post=35474"},{"taxonomy":"product_cat","embeddable":true,"href":"https:\/\/zooprekes24.lt\/et\/wp-json\/wp\/v2\/product_cat?post=35474"},{"taxonomy":"product_tag","embeddable":true,"href":"https:\/\/zooprekes24.lt\/et\/wp-json\/wp\/v2\/product_tag?post=35474"}],"curies":[{"name":"wp","href":"https:\/\/api.w.org\/{rel}","templated":true}]}}