{"id":35469,"date":"2025-03-19T11:06:12","date_gmt":"2025-03-19T09:06:12","guid":{"rendered":"https:\/\/zooprekes24.lt\/?post_type=product&#038;p=35469"},"modified":"2026-04-01T18:53:17","modified_gmt":"2026-04-01T16:53:17","slug":"brit-premium-multipack-meat-plate-konservu-rinkinys-katems-padaze","status":"publish","type":"product","link":"https:\/\/zooprekes24.lt\/et\/produktas\/brit-premium-multipack-meat-plate-konservu-rinkinys-katems-padaze\/","title":{"rendered":"Brit Premium Multipack Lihaplaadi kassikonservide komplekt"},"content":{"rendered":"<h3>Brit Premium Multipack Meat Plate konserv\u0173 rinkinys pada\u017ee &#8211; tai subalansuotas \u0161lapias ka\u010di\u0173 pa\u0161aras mai\u0161elyje su m\u0117sa, skirtas suaugusioms kat\u0117ms nuo 1 met\u0173 am\u017eiaus. Pakuot\u0117je 2 skirtingi konserv\u0173 skoniai: jautienos su \u017eirneliais ir vi\u0161tienos su kalakutiena.<\/h3>\n<ul>\n<li><span style=\"vertical-align: inherit\"><span style=\"vertical-align: inherit\"><span style=\"vertical-align: inherit\"><span style=\"vertical-align: inherit\">Ei sisalda kunstlikke v\u00e4rvaineid ega s\u00e4ilitusaineid<\/span><\/span><\/span><\/span>.<\/li>\n<li>Pakuot\u0117je 2 skirtingi konserv\u0173 skoniai po 2 vnt, bendras konserv\u0173 kiekis &#8211; 4 vnt.<\/li>\n<li>Komplektis on k\u00f5ige populaarsemad konserveeritud veiselihahautis ja herned ning kana- ja kalkunikonservid.<\/li>\n<li><span style=\"vertical-align: inherit\"><span style=\"vertical-align: inherit\"><span style=\"vertical-align: inherit\"><span style=\"vertical-align: inherit\"><a href=\"https:\/\/brit-petfood.com\/en\/company-profile\" target=\"_blank\" rel=\"noopener\">Brit<\/a> Premium Multipack lihaplaadikonservide komplekt t\u00e4iskasvanutele <\/span><\/span><\/span><\/span><a href=\"https:\/\/zooprekes24.lt\/et\/kategorija\/prekes-katems\/\" target=\"_blank\" rel=\"noopener\"><span style=\"vertical-align: inherit\"><span style=\"vertical-align: inherit\"><span style=\"vertical-align: inherit\"><span style=\"vertical-align: inherit\">kasside jaoks<\/span><\/span><\/span><\/span><\/a><span style=\"vertical-align: inherit\"><span style=\"vertical-align: inherit\"><span style=\"vertical-align: inherit\"><span style=\"vertical-align: inherit\">.<\/span><\/span><\/span><\/span><\/li>\n<li>Tauriin, mis on oluline aminohape uriinitoidus, aitab hoida teie kassi s\u00fcdame ja n\u00e4gemise tervist.<\/li>\n<\/ul>","protected":false},"excerpt":{"rendered":"<p>Brit Premium Multipack Meat Plate konserv\u0173 rinkinys pada\u017ee &#8211; tai subalansuotas \u0161lapias ka\u010di\u0173 pa\u0161aras mai\u0161elyje su m\u0117sa, skirtas suaugusioms kat\u0117ms nuo 1 met\u0173 am\u017eiaus. Pakuot\u0117je 2 skirtingi konserv\u0173 skoniai: jautienos su \u017eirneliais ir vi\u0161tienos su kalakutiena. Sud\u0117tyje n\u0117ra dirbtini\u0173 da\u017eikli\u0173 ir konservant\u0173. Pakuot\u0117je 2 skirtingi konserv\u0173 skoniai po 2 vnt, bendras konserv\u0173 kiekis &#8211; 4&#8230;<\/p>","protected":false},"featured_media":35470,"comment_status":"closed","ping_status":"closed","template":"","meta":{"_acf_changed":false,"slim_seo":{"title":"Brit Premium Multipack Meat Plate konserv\u0173 rinkinys kat\u0117ms pada\u017ee - Zooprekes24","description":"Brit Premium Multipack Meat Plate konserv\u0173 rinkinys pada\u017ee - tai subalansuotas \u0161lapias ka\u010di\u0173 pa\u0161aras mai\u0161elyje su m\u0117sa, skirtas suaugusioms kat\u0117ms nuo 1 met\u0173 am"},"iawp_total_views":14},"product_brand":[],"product_cat":[9048,72,83,25,9020],"product_tag":[5945,5947,5954,4511,2173],"class_list":{"0":"post-35469","1":"product","2":"type-product","3":"status-publish","4":"has-post-thumbnail","6":"product_cat-brit-premium-kaciu-prekiu-gamintojai","7":"product_cat-kaciu-maistas","8":"product_cat-kaciu-prekiu-gamintojai","9":"product_cat-katems","10":"product_cat-slapias-maistas-kaciu-maistas","11":"product_tag-brit-konservu-rinkinys","12":"product_tag-brit-premium-family-plate","13":"product_tag-brit-slapias-maistas-katems","14":"product_tag-konservu-rinkiniai-katems","15":"product_tag-konservuotas-maistas-katems","16":"pa_pasaro-sudetis-darzoves","17":"pa_pasaro-sudetis-jautiena","18":"pa_pasaro-sudetis-kalakutiena","19":"pa_pasaro-sudetis-vistiena","20":"pa_prekiu-zenklai-brit-premium","22":"first","23":"instock","24":"featured","25":"taxable","26":"shipping-taxable","27":"purchasable","28":"product-type-simple"},"acf":[],"_links":{"self":[{"href":"https:\/\/zooprekes24.lt\/et\/wp-json\/wp\/v2\/product\/35469","targetHints":{"allow":["GET"]}}],"collection":[{"href":"https:\/\/zooprekes24.lt\/et\/wp-json\/wp\/v2\/product"}],"about":[{"href":"https:\/\/zooprekes24.lt\/et\/wp-json\/wp\/v2\/types\/product"}],"replies":[{"embeddable":true,"href":"https:\/\/zooprekes24.lt\/et\/wp-json\/wp\/v2\/comments?post=35469"}],"wp:featuredmedia":[{"embeddable":true,"href":"https:\/\/zooprekes24.lt\/et\/wp-json\/wp\/v2\/media\/35470"}],"wp:attachment":[{"href":"https:\/\/zooprekes24.lt\/et\/wp-json\/wp\/v2\/media?parent=35469"}],"wp:term":[{"taxonomy":"product_brand","embeddable":true,"href":"https:\/\/zooprekes24.lt\/et\/wp-json\/wp\/v2\/product_brand?post=35469"},{"taxonomy":"product_cat","embeddable":true,"href":"https:\/\/zooprekes24.lt\/et\/wp-json\/wp\/v2\/product_cat?post=35469"},{"taxonomy":"product_tag","embeddable":true,"href":"https:\/\/zooprekes24.lt\/et\/wp-json\/wp\/v2\/product_tag?post=35469"}],"curies":[{"name":"wp","href":"https:\/\/api.w.org\/{rel}","templated":true}]}}