{"id":35464,"date":"2025-03-19T10:53:17","date_gmt":"2025-03-19T08:53:17","guid":{"rendered":"https:\/\/zooprekes24.lt\/?post_type=product&#038;p=35464"},"modified":"2026-04-01T18:21:38","modified_gmt":"2026-04-01T16:21:38","slug":"brit-care-duck-soup-sriubos-gerimas-katems","status":"publish","type":"product","link":"https:\/\/zooprekes24.lt\/et\/produktas\/brit-care-duck-soup-sriubos-gerimas-katems\/","title":{"rendered":"Brit Care Duck Soup suppijook kassidele"},"content":{"rendered":"<div class=\"benefits\">\n<h3>Brit Care Duck Soup &#8211; sriuba su skania antiena suaugusioms kat\u0117ms. Puikiai tinka kaip sauso \u0117dalo papildymas augintiniams, kurie pamir\u0161ta, jog reikia gerti. Tinka sterilizuotoms kat\u0117ms.<\/h3>\n<ul>\n<li>Suurep\u00e4rane t\u00e4iendus kuivtoidule.<\/li>\n<li>Sobib steriliseeritud <a href=\"https:\/\/zooprekes24.lt\/et\/kategorija\/prekes-katems\/\" target=\"_blank\" rel=\"noopener\">kasside jaoks<\/a>.<\/li>\n<li>T\u00e4iendatud tauriini, kassir\u00e4ime ja probiootikumidega.<\/li>\n<li>Annab vedelikku kassidele, kellel on v\u00e4hene veevajadus.<\/li>\n<li>\u00dcks portsjon pakendis tagab t\u00e4iusliku maitse.<\/li>\n<li><a href=\"https:\/\/brit-petfood.com\/en\/\" target=\"_blank\" rel=\"noopener\">Brit<\/a> Care Duck Soup on ideaalne tervislike ja tundlike kasside toitumise mitmekesistamiseks.<\/li>\n<li>Regulaarne ja piisav vedeliku tarbimine v\u00f5ib aidata leevendada kuseteede probleeme.<\/li>\n<\/ul>\n<\/div>","protected":false},"excerpt":{"rendered":"<p>Brit Care Duck Soup &#8211; sriuba su skania antiena suaugusioms kat\u0117ms. Puikiai tinka kaip sauso \u0117dalo papildymas augintiniams, kurie pamir\u0161ta, jog reikia gerti. Tinka sterilizuotoms kat\u0117ms. Puikus sauso \u0117dalo papildas. Tinka sterilizuotoms kat\u0117ms. Sud\u0117tis papildyta taurinu, kat\u017eole ir probiotikais. Suteikia skys\u010di\u0173 ma\u017eai vandens lakan\u010dioms kat\u0117ms. Vienkartin\u0117 porcija pakuot\u0117je u\u017etikrina nepriekai\u0161ting\u0105 skon\u012f. Brit Care Duck Soup&#8230;<\/p>","protected":false},"featured_media":35467,"comment_status":"closed","ping_status":"closed","template":"","meta":{"_acf_changed":false,"slim_seo":{"title":"Brit Care Duck Soup sriubos g\u0117rimas kat\u0117ms - Zooprekes24","description":"Brit Care Duck Soup - sriuba su skania antiena suaugusioms kat\u0117ms. Puikiai tinka kaip sauso \u0117dalo papildymas augintiniams, kurie pamir\u0161ta, jog reikia gerti. Tin"},"iawp_total_views":101},"product_brand":[],"product_cat":[9027,9047,72,83,25,9020],"product_tag":[8211,2168,1675,2173,6919],"class_list":{"0":"post-35464","1":"product","2":"type-product","3":"status-publish","4":"has-post-thumbnail","6":"product_cat-begrudis-maistas-kaciu-maistas","7":"product_cat-brit-care-kaciu-prekiu-gamintojai","8":"product_cat-kaciu-maistas","9":"product_cat-kaciu-prekiu-gamintojai","10":"product_cat-katems","11":"product_cat-slapias-maistas-kaciu-maistas","12":"product_tag-brit-care-sriuba-katems","13":"product_tag-brit-slapias-maistas","14":"product_tag-kaciu-edalas","15":"product_tag-konservuotas-maistas-katems","16":"product_tag-sriuba-katems","17":"pa_pasaro-sudetis-antiena","18":"pa_pasaro-sudetis-katzole","19":"pa_prekiu-zenklai-brit-care","21":"first","22":"instock","23":"featured","24":"taxable","25":"shipping-taxable","26":"purchasable","27":"product-type-variable"},"acf":[],"_links":{"self":[{"href":"https:\/\/zooprekes24.lt\/et\/wp-json\/wp\/v2\/product\/35464","targetHints":{"allow":["GET"]}}],"collection":[{"href":"https:\/\/zooprekes24.lt\/et\/wp-json\/wp\/v2\/product"}],"about":[{"href":"https:\/\/zooprekes24.lt\/et\/wp-json\/wp\/v2\/types\/product"}],"replies":[{"embeddable":true,"href":"https:\/\/zooprekes24.lt\/et\/wp-json\/wp\/v2\/comments?post=35464"}],"wp:featuredmedia":[{"embeddable":true,"href":"https:\/\/zooprekes24.lt\/et\/wp-json\/wp\/v2\/media\/35467"}],"wp:attachment":[{"href":"https:\/\/zooprekes24.lt\/et\/wp-json\/wp\/v2\/media?parent=35464"}],"wp:term":[{"taxonomy":"product_brand","embeddable":true,"href":"https:\/\/zooprekes24.lt\/et\/wp-json\/wp\/v2\/product_brand?post=35464"},{"taxonomy":"product_cat","embeddable":true,"href":"https:\/\/zooprekes24.lt\/et\/wp-json\/wp\/v2\/product_cat?post=35464"},{"taxonomy":"product_tag","embeddable":true,"href":"https:\/\/zooprekes24.lt\/et\/wp-json\/wp\/v2\/product_tag?post=35464"}],"curies":[{"name":"wp","href":"https:\/\/api.w.org\/{rel}","templated":true}]}}