{"id":34820,"date":"2025-02-14T16:24:31","date_gmt":"2025-02-14T14:24:31","guid":{"rendered":"https:\/\/zooprekes24.lt\/?post_type=product&#038;p=34820"},"modified":"2026-01-21T11:41:00","modified_gmt":"2026-01-21T09:41:00","slug":"fitmin-for-life-mini-sausainiai-skanestai-sunims-180g","status":"publish","type":"product","link":"https:\/\/zooprekes24.lt\/et\/produktas\/fitmin-for-life-mini-sausainiai-skanestai-sunims-180g\/","title":{"rendered":"Fitmin For Life Biscuits Mini sausainiai skan\u0117stai \u0161unims 180 g"},"content":{"rendered":"<h3>Fitmin For Life Mini<span style=\"letter-spacing: 0em;\"> &#8211; tra\u0161k\u016bs skan\u0117stai, skirti visiems \u0161unims. \u0160ie skan\u0117stai, primenantys sausainius, yra puiki priemon\u0117 \u0161uns paklusnumui lavinti, nat\u016braliems instinktams skatinti bei motyvuoti treniruo\u010di\u0173 metu.<\/span><\/h3>\n<ul>\n<li data-start=\"435\" data-end=\"811\">Ideaalne igas vanuses ja igas suuruses koertele.<\/li>\n<li data-start=\"435\" data-end=\"811\">Ahvatlev l\u00f5hn ja maitse meeldivad isegi k\u00f5ige n\u00f5udlikumatele neljajalgsetele gurmaanidele.<\/li>\n<li>Ideaalne valik treeninguks - saab kasutada preemiaks v\u00f5i maitsvaks vahepalaks.<\/li>\n<li data-start=\"435\" data-end=\"811\">Lihtne seeditav koostis - v\u00e4hendatud suhkru- ja gluteenisisaldus, et see ei koormaks koera organismi \u00fcle.<\/li>\n<\/ul>","protected":false},"excerpt":{"rendered":"<p>Fitmin For Life Mini &#8211; tra\u0161k\u016bs skan\u0117stai, skirti visiems \u0161unims. \u0160ie skan\u0117stai, primenantys sausainius, yra puiki priemon\u0117 \u0161uns paklusnumui lavinti, nat\u016braliems instinktams skatinti bei motyvuoti treniruo\u010di\u0173 metu. Puikiai tinka \u012fvairi\u0173 am\u017ei\u0173 ir dyd\u017ei\u0173 \u0161unims. Viliojantis kvapas ir skonis \u2013 patiks net i\u0161rankiausiems keturkojams gurmanams. Idealus pasirinkimas treniruot\u0117ms \u2013 gali b\u016bti naudojamas kaip atlygis arba skanus&#8230;<\/p>","protected":false},"featured_media":34821,"comment_status":"closed","ping_status":"closed","template":"","meta":{"_acf_changed":false,"slim_seo":{"title":"Fitmin For Life Biscuits Mini sausainiai skan\u0117stai \u0161unims 180 g - Zooprekes24","description":"Fitmin For Life Mini - tra\u0161k\u016bs skan\u0117stai, skirti visiems \u0161unims. \u0160ie skan\u0117stai, primenantys sausainius, yra puiki priemon\u0117 \u0161uns paklusnumui lavinti, nat\u016braliems"},"iawp_total_views":28},"product_brand":[],"product_cat":[9043,9032,8999,31,30],"product_tag":[376,385,386],"class_list":{"0":"post-34820","1":"product","2":"type-product","3":"status-publish","4":"has-post-thumbnail","6":"product_cat-fitmin-for-life-sunims","7":"product_cat-sausainiai-ir-kepinukai","8":"product_cat-sunims","9":"product_cat-sunu-prekiu-gamintojai","10":"product_cat-sunu-skanestai","11":"product_tag-kaulai-suniui","12":"product_tag-skanestas-suns-dresiravimui","13":"product_tag-skanukai-sunims","14":"pa_pasaro-sudetis-kiausiniai","15":"pa_prekiu-zenklai-fitmin-for-life","16":"pa_suns-amzius-jauniems","17":"pa_suns-amzius-senjorams","18":"pa_suns-amzius-suaugusiems","19":"pa_suns-amzius-visiems-amziams","20":"pa_veisles-dydis-didelems-veislems","21":"pa_veisles-dydis-mazoms-veislems","22":"pa_veisles-dydis-vidutinems-veislems","23":"pa_veisles-dydis-visu-dydziu-veislems","25":"first","26":"outofstock","27":"featured","28":"taxable","29":"shipping-taxable","30":"purchasable","31":"product-type-simple"},"acf":[],"_links":{"self":[{"href":"https:\/\/zooprekes24.lt\/et\/wp-json\/wp\/v2\/product\/34820","targetHints":{"allow":["GET"]}}],"collection":[{"href":"https:\/\/zooprekes24.lt\/et\/wp-json\/wp\/v2\/product"}],"about":[{"href":"https:\/\/zooprekes24.lt\/et\/wp-json\/wp\/v2\/types\/product"}],"replies":[{"embeddable":true,"href":"https:\/\/zooprekes24.lt\/et\/wp-json\/wp\/v2\/comments?post=34820"}],"wp:featuredmedia":[{"embeddable":true,"href":"https:\/\/zooprekes24.lt\/et\/wp-json\/wp\/v2\/media\/34821"}],"wp:attachment":[{"href":"https:\/\/zooprekes24.lt\/et\/wp-json\/wp\/v2\/media?parent=34820"}],"wp:term":[{"taxonomy":"product_brand","embeddable":true,"href":"https:\/\/zooprekes24.lt\/et\/wp-json\/wp\/v2\/product_brand?post=34820"},{"taxonomy":"product_cat","embeddable":true,"href":"https:\/\/zooprekes24.lt\/et\/wp-json\/wp\/v2\/product_cat?post=34820"},{"taxonomy":"product_tag","embeddable":true,"href":"https:\/\/zooprekes24.lt\/et\/wp-json\/wp\/v2\/product_tag?post=34820"}],"curies":[{"name":"wp","href":"https:\/\/api.w.org\/{rel}","templated":true}]}}