{"id":34028,"date":"2025-01-08T17:21:07","date_gmt":"2025-01-08T15:21:07","guid":{"rendered":"https:\/\/zooprekes24.lt\/?post_type=product&#038;p=34028"},"modified":"2025-07-28T14:39:57","modified_gmt":"2025-07-28T12:39:57","slug":"brit-veterinary-diets-calm-stress-relief-sausas-maistas-katems","status":"publish","type":"product","link":"https:\/\/zooprekes24.lt\/et\/produktas\/brit-veterinary-diets-calm-stress-relief-sausas-maistas-katems\/","title":{"rendered":"Brit Veterinary Diets Calm Stress Relief sausas maistas kat\u0117ms"},"content":{"rendered":"<h3>Brit Veterinary Diets Calm Stress Relief &#8211; v<span>on t\u00e4isv\u00e4\u00e4rtuslik dieettoit kassidele, lahustab struviitkive, ennetab struviitkivide kordumist, rahustab stressiolukordades.<\/span><\/h3>\n<h3><span style=\"color: #9db0d7;\">Kasutamiseks sobiv kuivtoit:<\/span><\/h3>\n<ul>\n<li>Uriiniteede haigused.<\/li>\n<li>Struviitkivide lahustamine.<\/li>\n<li>Bakteriaalsed infektsioonid kuseteedes.<\/li>\n<li>Struviitkivide kordumise ennetamine.<\/li>\n<li><a href=\"https:\/\/zooprekes24.lt\/et\/kategorija\/prekes-katems\/kulatoit\/sausas-kaciu-maistas\/\" target=\"_blank\" rel=\"noopener\">Kuivtoit<\/a> sobib igas vanuses kassidele.<\/li>\n<li>Brit Veterinary Diets Calm Stress Relief ei sisalda <span>gluteen, soja v\u00f5i GMOd.<\/span><\/li>\n<li>Parima ja t\u00f5husaima tulemuse saavutamiseks on soovitatav kasutada kombinatsioonis <a href=\"https:\/\/britvetdiets.com\/\" target=\"_blank\" rel=\"noopener\">Briti veterinaarravimid<\/a> m\u00e4rg toit.<\/li>\n<\/ul>\n<p><a ref=\"magnificPopup\" href=\"https:\/\/zooprekes24.lt\/wp-content\/uploads\/Brit-Veterinary-Diets-Grain-free-logo.png\"><img loading=\"lazy\" decoding=\"async\" class=\"alignnone wp-image-16429\" src=\"https:\/\/zooprekes24.lt\/wp-content\/uploads\/Brit-Veterinary-Diets-Grain-free-logo.png\" alt=\"Brit Veterinary Diets teraviljavaba logo\" width=\"150\" height=\"151\" \/><\/a><\/p>","protected":false},"excerpt":{"rendered":"<p>Brit Veterinary Diets Calm Stress Relief &#8211; visavertis dietinis pa\u0161aras kat\u0117ms, tirpina struvito akmenis, saugo nuo pakartotino struvito akmen\u0173 susidarymo, ramina stresin\u0117se situacijose. Sausas maistas tinkamas naudojimui: \u0160lapimo tak\u0173 ligos. Struvito akmen\u0173 tirpinimas. \u0160lapimo tak\u0173 bakterin\u0117s infekcijos. Struvitini\u0173 akmen\u0173 pasikartojimo prevencija. Sausas maistas tinkamas vis\u0173 am\u017eiaus grupi\u0173 kat\u0117ms. Brit Veterinary Diets Calm Stress Relief sud\u0117tyje&#8230;<\/p>","protected":false},"featured_media":34029,"comment_status":"closed","ping_status":"closed","template":"","meta":{"_acf_changed":false,"slim_seo":{"title":"Brit Veterinary Diets Calm Stress Relief sausas maistas kat\u0117ms - Zooprekes24","description":"Brit Veterinary Diets Calm Stress Relief - v isavertis dietinis pa\u0161aras kat\u0117ms, tirpina struvito akmenis, saugo nuo pakartotino struvito akmen\u0173 susidarymo, rami"},"iawp_total_views":108},"product_brand":[],"product_cat":[9234,72,83,25,9037],"product_tag":[],"class_list":{"0":"post-34028","1":"product","2":"type-product","3":"status-publish","4":"has-post-thumbnail","6":"product_cat-brit-veterinary-diets-katems","7":"product_cat-kaciu-maistas","8":"product_cat-kaciu-prekiu-gamintojai","9":"product_cat-katems","10":"product_cat-veterinarine-dieta-kaciu-maistas","11":"pa_pasaro-sudetis-darzoves","12":"pa_pasaro-sudetis-lasisa","13":"pa_pasaro-sudetis-vaisiai","14":"pa_pasaro-sudetis-zuvis","15":"pa_prekiu-zenklai-brit-veterinary-diets","17":"first","18":"instock","19":"featured","20":"taxable","21":"shipping-taxable","22":"purchasable","23":"product-type-variable"},"acf":[],"_links":{"self":[{"href":"https:\/\/zooprekes24.lt\/et\/wp-json\/wp\/v2\/product\/34028","targetHints":{"allow":["GET"]}}],"collection":[{"href":"https:\/\/zooprekes24.lt\/et\/wp-json\/wp\/v2\/product"}],"about":[{"href":"https:\/\/zooprekes24.lt\/et\/wp-json\/wp\/v2\/types\/product"}],"replies":[{"embeddable":true,"href":"https:\/\/zooprekes24.lt\/et\/wp-json\/wp\/v2\/comments?post=34028"}],"wp:featuredmedia":[{"embeddable":true,"href":"https:\/\/zooprekes24.lt\/et\/wp-json\/wp\/v2\/media\/34029"}],"wp:attachment":[{"href":"https:\/\/zooprekes24.lt\/et\/wp-json\/wp\/v2\/media?parent=34028"}],"wp:term":[{"taxonomy":"product_brand","embeddable":true,"href":"https:\/\/zooprekes24.lt\/et\/wp-json\/wp\/v2\/product_brand?post=34028"},{"taxonomy":"product_cat","embeddable":true,"href":"https:\/\/zooprekes24.lt\/et\/wp-json\/wp\/v2\/product_cat?post=34028"},{"taxonomy":"product_tag","embeddable":true,"href":"https:\/\/zooprekes24.lt\/et\/wp-json\/wp\/v2\/product_tag?post=34028"}],"curies":[{"name":"wp","href":"https:\/\/api.w.org\/{rel}","templated":true}]}}