{"id":34020,"date":"2025-01-08T17:06:26","date_gmt":"2025-01-08T15:06:26","guid":{"rendered":"https:\/\/zooprekes24.lt\/?post_type=product&#038;p=34020"},"modified":"2025-07-28T14:42:31","modified_gmt":"2025-07-28T12:42:31","slug":"brit-veterinary-diets-gastrointestinal-low-fat-sausas-maistas-katems-2kg","status":"publish","type":"product","link":"https:\/\/zooprekes24.lt\/et\/produktas\/brit-veterinary-diets-gastrointestinal-low-fat-sausas-maistas-katems-2kg\/","title":{"rendered":"Brit Veterinary Diets Gastrointestinal Low Fat kuivtoit kassidele 2 kg"},"content":{"rendered":"<h3>Brit Veterinary Diets Gastrointestinal Low Fat &#8211; v<span>on t\u00e4iss\u00f6\u00f6t kassidele, kellel on lipiidide imendumish\u00e4ired, valguvajadusega enteropaatia ja pankreatiit, v\u00e4hendab soole resorptsioonih\u00e4ireid ja parandab seedeh\u00e4ireid.<\/span><\/h3>\n<h3><span style=\"color: #6b6391;\">Kasutamiseks sobiv kuivtoit:<\/span><\/h3>\n<ul>\n<li>Seedetrakti h\u00e4ired.<\/li>\n<li>Suurenenud k\u00f5hupuhitus.<\/li>\n<li>\u00c4ge ja krooniline pankreatiit.<\/li>\n<li>Eksokriinsete k\u00f5hun\u00e4\u00e4rmete puudulikkus.<\/li>\n<li>Seedetrakti h\u00e4ired (k\u00f5hulahtisus, oksendamine).<\/li>\n<li><a href=\"https:\/\/zooprekes24.lt\/et\/kategorija\/prekes-katems\/kulatoit\/sausas-kaciu-maistas\/\" target=\"_blank\" rel=\"noopener\">Kuivtoit<\/a> sobib igas vanuses kassidele.<\/li>\n<li>Seedetrakti rahustamine p\u00e4rast k\u00f5hulahtisust v\u00f5i oksendamist.<\/li>\n<li>Brit Veterinary Diets Gastrointestinal Low Fat ei kasuta <span>gluteen, soja v\u00f5i GMOd.<\/span><\/li>\n<li>Parima ja t\u00f5husaima tulemuse saavutamiseks on soovitatav kasutada kombinatsioonis <a href=\"https:\/\/britvetdiets.com\/\" target=\"_blank\" rel=\"noopener\">Briti veterinaarravimid<\/a> m\u00e4rg toit.<\/li>\n<\/ul>\n<p><a ref=\"magnificPopup\" href=\"https:\/\/zooprekes24.lt\/wp-content\/uploads\/Brit-Veterinary-Diets-Grain-free-logo.png\"><img loading=\"lazy\" decoding=\"async\" class=\"alignnone wp-image-16429\" src=\"https:\/\/zooprekes24.lt\/wp-content\/uploads\/Brit-Veterinary-Diets-Grain-free-logo.png\" alt=\"Brit Veterinary Diets teraviljavaba logo\" width=\"150\" height=\"151\" \/><\/a><\/p>","protected":false},"excerpt":{"rendered":"<p>Brit Veterinary Diets Gastrointestinal Low Fat &#8211; visavertis dietinis pa\u0161aras kat\u0117ms, turin\u010dioms lipid\u0173 absorbcijos sutrikim\u0173, enteropatij\u0105 su baltymu netekimu ir pankreatit\u0105, ma\u017eina \u017earnyno rezorbcijos susirgimus, gerina sutrikus\u012f vir\u0161kinim\u0105. Sausas maistas tinkamas naudojimui: Vir\u0161kinimo sutrikimai. Padid\u0117j\u0119s viduri\u0173 p\u016btimas. \u016aminis ir l\u0117tinis pankreatitas. Egzokrininis kasos nepakankamumas. Vir\u0161kinimo trakto sutrikimai (viduriavimas, v\u0117mimas). Sausas maistas tinkamas vis\u0173 am\u017eiaus grupi\u0173&#8230;<\/p>","protected":false},"featured_media":34026,"comment_status":"closed","ping_status":"closed","template":"","meta":{"_acf_changed":false,"slim_seo":{"title":"Brit Veterinary Diets Gastrointestinal Low Fat sausas maistas kat\u0117ms 2 kg - Zooprekes24","description":"Brit Veterinary Diets Gastrointestinal Low Fat - v isavertis dietinis pa\u0161aras kat\u0117ms, turin\u010dioms lipid\u0173 absorbcijos sutrikim\u0173, enteropatij\u0105 su baltymu netekimu"},"iawp_total_views":300},"product_brand":[],"product_cat":[9234,72,83,25,9037],"product_tag":[],"class_list":{"0":"post-34020","1":"product","2":"type-product","3":"status-publish","4":"has-post-thumbnail","6":"product_cat-brit-veterinary-diets-katems","7":"product_cat-kaciu-maistas","8":"product_cat-kaciu-prekiu-gamintojai","9":"product_cat-katems","10":"product_cat-veterinarine-dieta-kaciu-maistas","11":"pa_pasaro-sudetis-darzoves","12":"pa_pasaro-sudetis-lasisa","13":"pa_pasaro-sudetis-vaisiai","14":"pa_pasaro-sudetis-zuvis","15":"pa_prekiu-zenklai-brit-veterinary-diets","17":"first","18":"instock","19":"featured","20":"taxable","21":"shipping-taxable","22":"purchasable","23":"product-type-simple"},"acf":[],"_links":{"self":[{"href":"https:\/\/zooprekes24.lt\/et\/wp-json\/wp\/v2\/product\/34020","targetHints":{"allow":["GET"]}}],"collection":[{"href":"https:\/\/zooprekes24.lt\/et\/wp-json\/wp\/v2\/product"}],"about":[{"href":"https:\/\/zooprekes24.lt\/et\/wp-json\/wp\/v2\/types\/product"}],"replies":[{"embeddable":true,"href":"https:\/\/zooprekes24.lt\/et\/wp-json\/wp\/v2\/comments?post=34020"}],"wp:featuredmedia":[{"embeddable":true,"href":"https:\/\/zooprekes24.lt\/et\/wp-json\/wp\/v2\/media\/34026"}],"wp:attachment":[{"href":"https:\/\/zooprekes24.lt\/et\/wp-json\/wp\/v2\/media?parent=34020"}],"wp:term":[{"taxonomy":"product_brand","embeddable":true,"href":"https:\/\/zooprekes24.lt\/et\/wp-json\/wp\/v2\/product_brand?post=34020"},{"taxonomy":"product_cat","embeddable":true,"href":"https:\/\/zooprekes24.lt\/et\/wp-json\/wp\/v2\/product_cat?post=34020"},{"taxonomy":"product_tag","embeddable":true,"href":"https:\/\/zooprekes24.lt\/et\/wp-json\/wp\/v2\/product_tag?post=34020"}],"curies":[{"name":"wp","href":"https:\/\/api.w.org\/{rel}","templated":true}]}}