{"id":34013,"date":"2025-01-08T16:56:03","date_gmt":"2025-01-08T14:56:03","guid":{"rendered":"https:\/\/zooprekes24.lt\/?post_type=product&#038;p=34013"},"modified":"2025-07-28T14:41:01","modified_gmt":"2025-07-28T12:41:01","slug":"brit-veterinary-diets-ultra-hypoallergenic-sausas-maistas-katems","status":"publish","type":"product","link":"https:\/\/zooprekes24.lt\/et\/produktas\/brit-veterinary-diets-ultra-hypoallergenic-sausas-maistas-katems\/","title":{"rendered":"Brit Veterinary Diets Ultra Hypoallergenic kasside kuivtoit"},"content":{"rendered":"<h3>Brit Veterinary Diets Ultra Hypoallergenic &#8211; v<span>on t\u00e4iss\u00f6\u00f6t kassidele, et v\u00e4hendada talumatust koostisosade ja toitainete suhtes ning s\u00e4ilitada naha funktsiooni, kui loom kannatab dermatoosi all ja teda s\u00f6\u00f6detakse rohkesti.<\/span><\/h3>\n<h3><span style=\"color: #be89b9;\">Kasutamiseks sobiv kuivtoit:<\/span><\/h3>\n<ul>\n<li>Toiduainete talumatus.<\/li>\n<li>Seedetrakti rahustamine.<\/li>\n<li>K\u00f5rvap\u00f5letik, atoopiline dermatiit.<\/li>\n<li>Kroonilised seedetrakti h\u00e4ired.<\/li>\n<li>Pikaajaline toitumine p\u00e4rast eliminatsioonidieeti.<\/li>\n<li>Toitumisabi dermatoloogiliste h\u00e4irete puhul.<\/li>\n<li><a href=\"https:\/\/zooprekes24.lt\/et\/kategorija\/prekes-katems\/kulatoit\/sausas-kaciu-maistas\/\" target=\"_blank\" rel=\"noopener\">Kuivtoit<\/a> sobib igas vanuses kassidele.<\/li>\n<li>Toiduallergia koos dermatoloogiliste v\u00f5i seedetrakti s\u00fcmptomitega.<\/li>\n<li>Brit Veterinary Diets Ultra Hypoallergenic ei kasuta <span>gluteen, soja v\u00f5i GMOd.<\/span><\/li>\n<li>Parima ja t\u00f5husaima tulemuse saavutamiseks on soovitatav kasutada kombinatsioonis <a href=\"https:\/\/britvetdiets.com\/\" target=\"_blank\" rel=\"noopener\">Briti veterinaarravimid<\/a> m\u00e4rg toit.<\/li>\n<\/ul>\n<p><a ref=\"magnificPopup\" href=\"https:\/\/zooprekes24.lt\/wp-content\/uploads\/Brit-Veterinary-Diets-Grain-free-logo.png\"><img loading=\"lazy\" decoding=\"async\" class=\"alignnone wp-image-16429\" src=\"https:\/\/zooprekes24.lt\/wp-content\/uploads\/Brit-Veterinary-Diets-Grain-free-logo.png\" alt=\"Brit Veterinary Diets teraviljavaba logo\" width=\"150\" height=\"151\" \/><\/a><\/p>","protected":false},"excerpt":{"rendered":"<p>Brit Veterinary Diets Ultra Hypoallergenic &#8211; visavertis dietinis pa\u0161aras kat\u0117ms skirtas ingredient\u0173 ir maistini\u0173 med\u017eiag\u0173 netoleravimo ma\u017einimui, odos funkcijai palaikyti, kai gyv\u016bnas serga dermatoze ir gausiai \u0161eriasi. Sausas maistas tinkamas naudojimui: Maisto netoleravimas. Vir\u0161kinamojo trakto raminimas. I\u0161orinis otitas, atopinis dermatitas. L\u0117tiniai vir\u0161kinimo trakto sutrikimai. Ilgalaik\u0117 mityba po eliminacin\u0117s dietos. Dermatologini\u0173 sutrikim\u0173 palaikymas mityba. Sausas maistas&#8230;<\/p>","protected":false},"featured_media":34018,"comment_status":"closed","ping_status":"closed","template":"","meta":{"_acf_changed":false,"slim_seo":{"title":"Brit Veterinary Diets Ultra Hypoallergenic sausas maistas kat\u0117ms - Zooprekes24","description":"Brit Veterinary Diets Ultra Hypoallergenic - v isavertis dietinis pa\u0161aras kat\u0117ms skirtas ingredient\u0173 ir maistini\u0173 med\u017eiag\u0173 netoleravimo ma\u017einimui, odos funkcija"},"iawp_total_views":315},"product_brand":[],"product_cat":[9234,72,83,25,9037],"product_tag":[5062,5063,5053],"class_list":{"0":"post-34013","1":"product","2":"type-product","3":"status-publish","4":"has-post-thumbnail","6":"product_cat-brit-veterinary-diets-katems","7":"product_cat-kaciu-maistas","8":"product_cat-kaciu-prekiu-gamintojai","9":"product_cat-katems","10":"product_cat-veterinarine-dieta-kaciu-maistas","11":"product_tag-brit-vet-hypo-sausas-maistas-katems","12":"product_tag-brit-vet-sausas-maistas-alergiskai-katei","13":"product_tag-kaciu-atopinis-dermatitas","14":"pa_pasaro-sudetis-darzoves","15":"pa_pasaro-sudetis-vabzdziai","16":"pa_pasaro-sudetis-vaisiai","17":"pa_prekiu-zenklai-brit-veterinary-diets","19":"first","20":"instock","21":"featured","22":"taxable","23":"shipping-taxable","24":"purchasable","25":"product-type-variable"},"acf":[],"_links":{"self":[{"href":"https:\/\/zooprekes24.lt\/et\/wp-json\/wp\/v2\/product\/34013","targetHints":{"allow":["GET"]}}],"collection":[{"href":"https:\/\/zooprekes24.lt\/et\/wp-json\/wp\/v2\/product"}],"about":[{"href":"https:\/\/zooprekes24.lt\/et\/wp-json\/wp\/v2\/types\/product"}],"replies":[{"embeddable":true,"href":"https:\/\/zooprekes24.lt\/et\/wp-json\/wp\/v2\/comments?post=34013"}],"wp:featuredmedia":[{"embeddable":true,"href":"https:\/\/zooprekes24.lt\/et\/wp-json\/wp\/v2\/media\/34018"}],"wp:attachment":[{"href":"https:\/\/zooprekes24.lt\/et\/wp-json\/wp\/v2\/media?parent=34013"}],"wp:term":[{"taxonomy":"product_brand","embeddable":true,"href":"https:\/\/zooprekes24.lt\/et\/wp-json\/wp\/v2\/product_brand?post=34013"},{"taxonomy":"product_cat","embeddable":true,"href":"https:\/\/zooprekes24.lt\/et\/wp-json\/wp\/v2\/product_cat?post=34013"},{"taxonomy":"product_tag","embeddable":true,"href":"https:\/\/zooprekes24.lt\/et\/wp-json\/wp\/v2\/product_tag?post=34013"}],"curies":[{"name":"wp","href":"https:\/\/api.w.org\/{rel}","templated":true}]}}