{"id":33998,"date":"2025-01-08T15:44:37","date_gmt":"2025-01-08T13:44:37","guid":{"rendered":"https:\/\/zooprekes24.lt\/?post_type=product&#038;p=33998"},"modified":"2025-02-27T19:26:51","modified_gmt":"2025-02-27T17:26:51","slug":"brit-care-sensitive-saltyje-isdziovinti-skanestai-katems-40g","status":"publish","type":"product","link":"https:\/\/zooprekes24.lt\/et\/produktas\/brit-care-sensitive-saltyje-isdziovinti-skanestai-katems-40g\/","title":{"rendered":"Brit Care Sensitive k\u00fclmkuivatatud maiuspalad 40 g"},"content":{"rendered":"<h3>Brit Care Sensitive l<span>Iofiliseeritud maiuspala ja toidulisand t\u00e4iskasvanud kassidele. Kalkunitsa, probiootikumide ja kummeliga soolestiku tervise toetamiseks.<\/span><\/h3>\n<ul>\n<li>Looduslik.<\/li>\n<li>\u00dcks valk.<\/li>\n<li>Toores, k\u00fclmkuivatatud: 96% v\u00e4rske liha.<\/li>\n<li>Ei sisalda kunstlikke s\u00e4ilitusaineid, l\u00f5hna- ja maitseaineid, v\u00e4rvaineid ega lisatud soola.<\/li>\n<li>Lactobacillus bakterid: inaktiveeritud, immunomoduleerivad.<\/li>\n<li>H\u00fcdrol\u00fc\u00fcsitud p\u00e4rm: annab olulisi toitaineid ja toetab head soolestiku tervist.<\/li>\n<\/ul>","protected":false},"excerpt":{"rendered":"<p>Brit Care Sensitive liofilizuotas skan\u0117stas ir pa\u0161aro papildas suaugusioms kat\u0117ms. Su kalakutiena, probiotikais ir ramun\u0117l\u0117mis \u017earnyno sveikatai palaikyti. Nat\u016bral\u016bs. Vieno baltymo. Neapdoroti, d\u017eiovinti \u0161altyje: 96% \u0161vie\u017eios m\u0117sos. Be dirbtini\u0173 konservant\u0173, kvapi\u0173j\u0173 med\u017eiag\u0173, da\u017eikli\u0173, prid\u0117tin\u0117s druskos. Lactobacillus bakterijos: inaktyvuotos, pasi\u017eymi imunomoduliaciniu poveikiu. Hidrolizuotos miel\u0117s: apr\u016bpina pagrindin\u0117mis maistin\u0117mis med\u017eiagomis ir palaiko tinkam\u0105 \u017earnyno sveikat\u0105.<\/p>","protected":false},"featured_media":33999,"comment_status":"closed","ping_status":"closed","template":"","meta":{"_acf_changed":false,"slim_seo":{"title":"Brit Care Sensitive \u0161altyje i\u0161d\u017eiovinti skan\u0117stai kat\u0117ms 40 g - Zooprekes24","description":"Brit Care Sensitive l iofilizuotas skan\u0117stas ir pa\u0161aro papildas suaugusioms kat\u0117ms. Su kalakutiena, probiotikais ir ramun\u0117l\u0117mis \u017earnyno sveikatai palaikyti. Nat"},"iawp_total_views":34},"product_brand":[],"product_cat":[9047,72,83,25,9018],"product_tag":[871,6181,4591,385,386,391],"class_list":{"0":"post-33998","1":"product","2":"type-product","3":"status-publish","4":"has-post-thumbnail","6":"product_cat-brit-care-kaciu-prekiu-gamintojai","7":"product_cat-kaciu-maistas","8":"product_cat-kaciu-prekiu-gamintojai","9":"product_cat-katems","10":"product_cat-skanestai","11":"product_tag-brit-skanestai-suniui","12":"product_tag-freeze-dry-skanukai-sunims","13":"product_tag-funkciniai-skanestai-sunims","14":"product_tag-skanestas-suns-dresiravimui","15":"product_tag-skanukai-sunims","16":"product_tag-traskus-skanestai-sunims","17":"pa_pasaro-sudetis-kalakutiena","18":"pa_prekiu-zenklai-brit-care","20":"first","21":"instock","22":"featured","23":"taxable","24":"shipping-taxable","25":"purchasable","26":"product-type-simple"},"acf":[],"_links":{"self":[{"href":"https:\/\/zooprekes24.lt\/et\/wp-json\/wp\/v2\/product\/33998","targetHints":{"allow":["GET"]}}],"collection":[{"href":"https:\/\/zooprekes24.lt\/et\/wp-json\/wp\/v2\/product"}],"about":[{"href":"https:\/\/zooprekes24.lt\/et\/wp-json\/wp\/v2\/types\/product"}],"replies":[{"embeddable":true,"href":"https:\/\/zooprekes24.lt\/et\/wp-json\/wp\/v2\/comments?post=33998"}],"wp:featuredmedia":[{"embeddable":true,"href":"https:\/\/zooprekes24.lt\/et\/wp-json\/wp\/v2\/media\/33999"}],"wp:attachment":[{"href":"https:\/\/zooprekes24.lt\/et\/wp-json\/wp\/v2\/media?parent=33998"}],"wp:term":[{"taxonomy":"product_brand","embeddable":true,"href":"https:\/\/zooprekes24.lt\/et\/wp-json\/wp\/v2\/product_brand?post=33998"},{"taxonomy":"product_cat","embeddable":true,"href":"https:\/\/zooprekes24.lt\/et\/wp-json\/wp\/v2\/product_cat?post=33998"},{"taxonomy":"product_tag","embeddable":true,"href":"https:\/\/zooprekes24.lt\/et\/wp-json\/wp\/v2\/product_tag?post=33998"}],"curies":[{"name":"wp","href":"https:\/\/api.w.org\/{rel}","templated":true}]}}