{"id":33994,"date":"2025-01-08T15:30:18","date_gmt":"2025-01-08T13:30:18","guid":{"rendered":"https:\/\/zooprekes24.lt\/?post_type=product&#038;p=33994"},"modified":"2025-02-27T19:28:09","modified_gmt":"2025-02-27T17:28:09","slug":"carnilove-lamb-saltyje-isdziovinti-skanestai-sunims-60g","status":"publish","type":"product","link":"https:\/\/zooprekes24.lt\/et\/produktas\/carnilove-lamb-saltyje-isdziovinti-skanestai-sunims-60g\/","title":{"rendered":"Carnilove Lambaliha k\u00fclmkuivatatud maiuspalad koertele 60 g"},"content":{"rendered":"<h3>Carnilove lambaliha l<span>Iofiliseeritud h\u00f5rgutis ja toidulisand igas vanuses ja t\u00f5ugu koertele lambalihaga. <\/span>Suurep\u00e4rane valik treeninguks v\u00f5i lihtsalt maitsvaks igap\u00e4evaseks vahepalaks.<\/h3>\n<ul>\n<li>Looduslik.<\/li>\n<li>Kepenys &#8211; esminis ingredientas skonio praturtinimui.<\/li>\n<li>Neapdorotas, d\u017eiovintas \u0161altyje &#8211; 100 % \u0161vie\u017eios m\u0117sos ir organ\u0173.<\/li>\n<li>Ei sisalda kunstlikke s\u00e4ilitusaineid, l\u00f5hna- ja maitseaineid, v\u00e4rvaineid ega soola.<\/li>\n<li>Vieno baltymo &#8211; 100 % pagamintas i\u0161 vienos r\u016b\u0161ies m\u0117sos baltym\u0173. \u0160is liofilizuotas skan\u0117stas idealiai tinka \u0161uniukams, taip pat alergi\u0161kiems \u0161unims, \u0161unims su jautriu vir\u0161kinimu ar turintiems speciali\u0173 mitybos poreiki\u0173.<\/li>\n<\/ul>","protected":false},"excerpt":{"rendered":"<p>Carnilove Lamb liofilizuotas skan\u0117stas ir pa\u0161aro papildas vis\u0173 am\u017ei\u0173 ir veisli\u0173 \u0161unims su \u0117riena. Puikus pasirinkimas dresavimo metu arba tiesiog kaip gardus kasdienis u\u017ekandis. Nat\u016bralus. Kepenys &#8211; esminis ingredientas skonio praturtinimui. Neapdorotas, d\u017eiovintas \u0161altyje &#8211; 100 % \u0161vie\u017eios m\u0117sos ir organ\u0173. Be dirbtini\u0173 konservant\u0173, kvapi\u0173j\u0173 med\u017eiag\u0173, da\u017eikli\u0173 ir druskos. Vieno baltymo &#8211; 100 % pagamintas&#8230;<\/p>","protected":false},"featured_media":33995,"comment_status":"closed","ping_status":"closed","template":"","meta":{"_acf_changed":false,"slim_seo":{"title":"Carnilove Lamb \u0161altyje i\u0161d\u017eiovinti skan\u0117stai \u0161unims 60 g - Zooprekes24","description":"Carnilove Lamb l iofilizuotas skan\u0117stas ir pa\u0161aro papildas vis\u0173 am\u017ei\u0173 ir veisli\u0173 \u0161unims su \u0117riena. Puikus pasirinkimas dresavimo metu arba tiesiog kaip gardus k"},"iawp_total_views":37},"product_brand":[],"product_cat":[9031,9055,9010,8999,29,31,30],"product_tag":[871,6181,4591,385,386,391],"class_list":{"0":"post-33994","1":"product","2":"type-product","3":"status-publish","4":"has-post-thumbnail","6":"product_cat-carnilove","7":"product_cat-isdziovintas-saltyje-maistas","8":"product_cat-naturalus-skanestai","9":"product_cat-sunims","10":"product_cat-sunu-maistas","11":"product_cat-sunu-prekiu-gamintojai","12":"product_cat-sunu-skanestai","13":"product_tag-brit-skanestai-suniui","14":"product_tag-freeze-dry-skanukai-sunims","15":"product_tag-funkciniai-skanestai-sunims","16":"product_tag-skanestas-suns-dresiravimui","17":"product_tag-skanukai-sunims","18":"product_tag-traskus-skanestai-sunims","19":"pa_pasaro-sudetis-eriena","20":"pa_prekiu-zenklai-carnilove","21":"pa_suns-amzius-jauniems","22":"pa_suns-amzius-senjorams","23":"pa_suns-amzius-suaugusiems","24":"pa_suns-amzius-visiems-amziams","25":"pa_veisles-dydis-didelems-veislems","26":"pa_veisles-dydis-mazoms-veislems","27":"pa_veisles-dydis-vidutinems-veislems","28":"pa_veisles-dydis-visu-dydziu-veislems","30":"first","31":"instock","32":"featured","33":"taxable","34":"shipping-taxable","35":"purchasable","36":"product-type-simple"},"acf":[],"_links":{"self":[{"href":"https:\/\/zooprekes24.lt\/et\/wp-json\/wp\/v2\/product\/33994","targetHints":{"allow":["GET"]}}],"collection":[{"href":"https:\/\/zooprekes24.lt\/et\/wp-json\/wp\/v2\/product"}],"about":[{"href":"https:\/\/zooprekes24.lt\/et\/wp-json\/wp\/v2\/types\/product"}],"replies":[{"embeddable":true,"href":"https:\/\/zooprekes24.lt\/et\/wp-json\/wp\/v2\/comments?post=33994"}],"wp:featuredmedia":[{"embeddable":true,"href":"https:\/\/zooprekes24.lt\/et\/wp-json\/wp\/v2\/media\/33995"}],"wp:attachment":[{"href":"https:\/\/zooprekes24.lt\/et\/wp-json\/wp\/v2\/media?parent=33994"}],"wp:term":[{"taxonomy":"product_brand","embeddable":true,"href":"https:\/\/zooprekes24.lt\/et\/wp-json\/wp\/v2\/product_brand?post=33994"},{"taxonomy":"product_cat","embeddable":true,"href":"https:\/\/zooprekes24.lt\/et\/wp-json\/wp\/v2\/product_cat?post=33994"},{"taxonomy":"product_tag","embeddable":true,"href":"https:\/\/zooprekes24.lt\/et\/wp-json\/wp\/v2\/product_tag?post=33994"}],"curies":[{"name":"wp","href":"https:\/\/api.w.org\/{rel}","templated":true}]}}