{"id":33986,"date":"2025-01-08T15:00:23","date_gmt":"2025-01-08T13:00:23","guid":{"rendered":"https:\/\/zooprekes24.lt\/?post_type=product&#038;p=33986"},"modified":"2025-02-27T19:29:54","modified_gmt":"2025-02-27T17:29:54","slug":"brit-premium-by-nature-sterilized-lamb-sausas-maistas-katems","status":"publish","type":"product","link":"https:\/\/zooprekes24.lt\/et\/produktas\/brit-premium-by-nature-sterilized-lamb-sausas-maistas-katems\/","title":{"rendered":"Brit Premium by Nature Steriliseeritud lambaliha kuivtoit kassidele"},"content":{"rendered":"<h3>Brit Premium by Nature Sterilized Lamb &#8211; visavertis <a href=\"https:\/\/zooprekes24.lt\/et\/kategorija\/prekes-katems\/kulatoit\/sausas-kaciu-maistas\/\" target=\"_blank\" rel=\"noopener\">kuiv kassitoit<\/a>valmistatud looduslikest koostisosadest tervisliku igap\u00e4evase toitumise jaoks.<\/h3>\n<ul>\n<li>Probiootikumidega.<\/li>\n<li><a href=\"https:\/\/brit-petfood.com\/en\/company-profile\" target=\"_blank\" rel=\"noopener\">Nisu, maisi ja soja vaba.<\/a><\/li>\n<li type=\"disc\">Kanamaksakastmega.<\/li>\n<li type=\"disc\">\u00d5unapulbriga - looduslik kiudainete allikas.<\/li>\n<li type=\"disc\">Rosmariini, nelgi, kurkumi ja tsitrusviljadega - looduslikud antioks\u00fcdandid.<\/li>\n<\/ul>","protected":false},"excerpt":{"rendered":"<p>Brit Premium by Nature Sterilized Lamb &#8211; visavertis sausas maistas kat\u0117ms, kuris pagamintas i\u0161 nat\u016brali\u0173 ingredient\u0173, sveikai kasdienei mitybai. Su probiotikais. Be kvie\u010di\u0173, kukur\u016bz\u0173 ir soj\u0173. Su vi\u0161tienos kepen\u0117li\u0173 pada\u017eu. Su obuoli\u0173 mink\u0161timu &#8211; nat\u016braliu l\u0105stelienos \u0161altiniu. Su rozmarinu, gvazdik\u0117liais, ciber\u017eole ir citrusiniais vaisiais &#8211; nat\u016braliais antioksidantais.<\/p>","protected":false},"featured_media":33990,"comment_status":"closed","ping_status":"closed","template":"","meta":{"_acf_changed":false,"slim_seo":{"title":"Brit Premium by Nature Sterilized Lamb sausas maistas kat\u0117ms - Zooprekes24","description":"Brit Premium by Nature Sterilized Lamb - visavertis sausas maistas kat\u0117ms , kuris pagamintas i\u0161 nat\u016brali\u0173 ingredient\u0173, sveikai kasdienei mitybai. Su probiotikai"},"iawp_total_views":45},"product_brand":[],"product_cat":[9048,72,83,25,9016],"product_tag":[1817,1675,1682,1696],"class_list":{"0":"post-33986","1":"product","2":"type-product","3":"status-publish","4":"has-post-thumbnail","6":"product_cat-brit-premium-kaciu-prekiu-gamintojai","7":"product_cat-kaciu-maistas","8":"product_cat-kaciu-prekiu-gamintojai","9":"product_cat-katems","10":"product_cat-sausas-maistas-kaciu-maistas","11":"product_tag-edalas-katems","12":"product_tag-kaciu-edalas","13":"product_tag-kaciu-maistas-super-premium-klases","14":"product_tag-super-premium-maistas-katems","15":"pa_pasaro-sudetis-darzoves","16":"pa_pasaro-sudetis-eriena","17":"pa_pasaro-sudetis-kalakutiena","18":"pa_pasaro-sudetis-kepeneles","19":"pa_pasaro-sudetis-ryziai","20":"pa_pasaro-sudetis-vaisiai","21":"pa_prekiu-zenklai-brit-premium","23":"first","24":"instock","25":"featured","26":"taxable","27":"shipping-taxable","28":"purchasable","29":"product-type-variable"},"acf":[],"_links":{"self":[{"href":"https:\/\/zooprekes24.lt\/et\/wp-json\/wp\/v2\/product\/33986","targetHints":{"allow":["GET"]}}],"collection":[{"href":"https:\/\/zooprekes24.lt\/et\/wp-json\/wp\/v2\/product"}],"about":[{"href":"https:\/\/zooprekes24.lt\/et\/wp-json\/wp\/v2\/types\/product"}],"replies":[{"embeddable":true,"href":"https:\/\/zooprekes24.lt\/et\/wp-json\/wp\/v2\/comments?post=33986"}],"wp:featuredmedia":[{"embeddable":true,"href":"https:\/\/zooprekes24.lt\/et\/wp-json\/wp\/v2\/media\/33990"}],"wp:attachment":[{"href":"https:\/\/zooprekes24.lt\/et\/wp-json\/wp\/v2\/media?parent=33986"}],"wp:term":[{"taxonomy":"product_brand","embeddable":true,"href":"https:\/\/zooprekes24.lt\/et\/wp-json\/wp\/v2\/product_brand?post=33986"},{"taxonomy":"product_cat","embeddable":true,"href":"https:\/\/zooprekes24.lt\/et\/wp-json\/wp\/v2\/product_cat?post=33986"},{"taxonomy":"product_tag","embeddable":true,"href":"https:\/\/zooprekes24.lt\/et\/wp-json\/wp\/v2\/product_tag?post=33986"}],"curies":[{"name":"wp","href":"https:\/\/api.w.org\/{rel}","templated":true}]}}