{"id":32868,"date":"2024-11-28T15:16:20","date_gmt":"2024-11-28T13:16:20","guid":{"rendered":"https:\/\/zooprekes24.lt\/?post_type=product&#038;p=32868"},"modified":"2025-02-10T17:12:20","modified_gmt":"2025-02-10T15:12:20","slug":"monge-bwild-taiskasvanud-steriliseeritud-lohe-krevettide-ja-koogiviljadega-mahe-kassikonservikaste","status":"publish","type":"product","link":"https:\/\/zooprekes24.lt\/et\/produktas\/monge-bwild-adult-sterilised-salmon-with-shrimps-and-vegetables-begrudziai-konservai-katems-padaze\/","title":{"rendered":"Monge Bwild Adult Steriliseeritud l\u00f5he krevettide ja k\u00f6\u00f6giviljadega teraviljavaba kassikonservitoit kastmes"},"content":{"rendered":"","protected":false},"excerpt":{"rendered":"","protected":false},"featured_media":32872,"comment_status":"closed","ping_status":"closed","template":"","meta":{"_acf_changed":false,"slim_seo":{"title":"Monge Bwild Adult Sterilised Salmon with Shrimps and Vegetables begr\u016bd\u017eiai konservai kat\u0117ms pada\u017ee - Zooprekes24","description":""},"iawp_total_views":65},"product_brand":[],"product_cat":[9027,72,83,25,9198,9020],"product_tag":[],"class_list":{"0":"post-32868","1":"product","2":"type-product","3":"status-publish","4":"has-post-thumbnail","6":"product_cat-begrudis-maistas-kaciu-maistas","7":"product_cat-kaciu-maistas","8":"product_cat-kaciu-prekiu-gamintojai","9":"product_cat-katems","10":"product_cat-monge-katems","11":"product_cat-slapias-maistas-kaciu-maistas","12":"pa_pasaro-sudetis-darzoves","13":"pa_pasaro-sudetis-juros-gerybes","14":"pa_pasaro-sudetis-lasisa","15":"pa_pasaro-sudetis-zuvis","16":"pa_prekiu-zenklai-monge-bwild","18":"first","19":"instock","20":"taxable","21":"shipping-taxable","22":"purchasable","23":"product-type-variable"},"acf":[],"_links":{"self":[{"href":"https:\/\/zooprekes24.lt\/et\/wp-json\/wp\/v2\/product\/32868","targetHints":{"allow":["GET"]}}],"collection":[{"href":"https:\/\/zooprekes24.lt\/et\/wp-json\/wp\/v2\/product"}],"about":[{"href":"https:\/\/zooprekes24.lt\/et\/wp-json\/wp\/v2\/types\/product"}],"replies":[{"embeddable":true,"href":"https:\/\/zooprekes24.lt\/et\/wp-json\/wp\/v2\/comments?post=32868"}],"wp:featuredmedia":[{"embeddable":true,"href":"https:\/\/zooprekes24.lt\/et\/wp-json\/wp\/v2\/media\/32872"}],"wp:attachment":[{"href":"https:\/\/zooprekes24.lt\/et\/wp-json\/wp\/v2\/media?parent=32868"}],"wp:term":[{"taxonomy":"product_brand","embeddable":true,"href":"https:\/\/zooprekes24.lt\/et\/wp-json\/wp\/v2\/product_brand?post=32868"},{"taxonomy":"product_cat","embeddable":true,"href":"https:\/\/zooprekes24.lt\/et\/wp-json\/wp\/v2\/product_cat?post=32868"},{"taxonomy":"product_tag","embeddable":true,"href":"https:\/\/zooprekes24.lt\/et\/wp-json\/wp\/v2\/product_tag?post=32868"}],"curies":[{"name":"wp","href":"https:\/\/api.w.org\/{rel}","templated":true}]}}