{"id":32847,"date":"2024-11-28T14:30:41","date_gmt":"2024-11-28T12:30:41","guid":{"rendered":"https:\/\/zooprekes24.lt\/?post_type=product&#038;p=32847"},"modified":"2024-11-28T18:59:20","modified_gmt":"2024-11-28T16:59:20","slug":"monge-bwild-taiskasvanud-steriliseeritud-metssea-koogiviljadega-begrudis-pastetas-katems","status":"publish","type":"product","link":"https:\/\/zooprekes24.lt\/et\/produktas\/monge-bwild-adult-sterilised-wild-boar-with-vegetables-begrudis-pastetas-katems\/","title":{"rendered":"Monge Bwild Adult Steriliseeritud metssea k\u00f6\u00f6giviljadega teraviljavaba kassipasteet"},"content":{"rendered":"","protected":false},"excerpt":{"rendered":"","protected":false},"featured_media":32851,"comment_status":"closed","ping_status":"closed","template":"","meta":{"_acf_changed":false,"slim_seo":{"title":"Monge Bwild Adult Sterilised Wild Boar with Vegetables begr\u016bdis pa\u0161tetas kat\u0117ms - Zooprekes24","description":""},"iawp_total_views":116},"product_brand":[],"product_cat":[9027,72,83,25,9198,9020],"product_tag":[],"class_list":{"0":"post-32847","1":"product","2":"type-product","3":"status-publish","4":"has-post-thumbnail","6":"product_cat-begrudis-maistas-kaciu-maistas","7":"product_cat-kaciu-maistas","8":"product_cat-kaciu-prekiu-gamintojai","9":"product_cat-katems","10":"product_cat-monge-katems","11":"product_cat-slapias-maistas-kaciu-maistas","12":"pa_pasaro-sudetis-darzoves","13":"pa_pasaro-sudetis-serniena","14":"pa_prekiu-zenklai-monge-bwild","16":"first","17":"instock","18":"taxable","19":"shipping-taxable","20":"purchasable","21":"product-type-variable"},"acf":[],"_links":{"self":[{"href":"https:\/\/zooprekes24.lt\/et\/wp-json\/wp\/v2\/product\/32847","targetHints":{"allow":["GET"]}}],"collection":[{"href":"https:\/\/zooprekes24.lt\/et\/wp-json\/wp\/v2\/product"}],"about":[{"href":"https:\/\/zooprekes24.lt\/et\/wp-json\/wp\/v2\/types\/product"}],"replies":[{"embeddable":true,"href":"https:\/\/zooprekes24.lt\/et\/wp-json\/wp\/v2\/comments?post=32847"}],"wp:featuredmedia":[{"embeddable":true,"href":"https:\/\/zooprekes24.lt\/et\/wp-json\/wp\/v2\/media\/32851"}],"wp:attachment":[{"href":"https:\/\/zooprekes24.lt\/et\/wp-json\/wp\/v2\/media?parent=32847"}],"wp:term":[{"taxonomy":"product_brand","embeddable":true,"href":"https:\/\/zooprekes24.lt\/et\/wp-json\/wp\/v2\/product_brand?post=32847"},{"taxonomy":"product_cat","embeddable":true,"href":"https:\/\/zooprekes24.lt\/et\/wp-json\/wp\/v2\/product_cat?post=32847"},{"taxonomy":"product_tag","embeddable":true,"href":"https:\/\/zooprekes24.lt\/et\/wp-json\/wp\/v2\/product_tag?post=32847"}],"curies":[{"name":"wp","href":"https:\/\/api.w.org\/{rel}","templated":true}]}}