{"id":32753,"date":"2024-11-27T14:18:41","date_gmt":"2024-11-27T12:18:41","guid":{"rendered":"https:\/\/zooprekes24.lt\/?post_type=product&#038;p=32753"},"modified":"2026-03-31T16:24:03","modified_gmt":"2026-03-31T14:24:03","slug":"monge-grill-taiskasvanud-multipack-kuulik-lambaliha-konservikomplekt-kassidele-drebuciuoosis","status":"publish","type":"product","link":"https:\/\/zooprekes24.lt\/et\/produktas\/monge-grill-adult-multipack-rabbit-lamb-begrudziu-konservu-rinkinys-katems-drebuciuose\/","title":{"rendered":"Monge Grill Adult Multipack k\u00fc\u00fclik, lambaliha teraviljavaba kassikonservide komplekt"},"content":{"rendered":"","protected":false},"excerpt":{"rendered":"","protected":false},"featured_media":32757,"comment_status":"closed","ping_status":"closed","template":"","meta":{"_acf_changed":false,"slim_seo":{"title":"Monge Grill Adult Multipack Rabbit, Lamb begr\u016bd\u017ei\u0173 konserv\u0173 rinkinys kat\u0117ms drebu\u010diuose - Zooprekes24","description":""},"iawp_total_views":76},"product_brand":[],"product_cat":[9027,72,83,25,9198,9020],"product_tag":[],"class_list":{"0":"post-32753","1":"product","2":"type-product","3":"status-publish","4":"has-post-thumbnail","6":"product_cat-begrudis-maistas-kaciu-maistas","7":"product_cat-kaciu-maistas","8":"product_cat-kaciu-prekiu-gamintojai","9":"product_cat-katems","10":"product_cat-monge-katems","11":"product_cat-slapias-maistas-kaciu-maistas","12":"pa_pasaro-sudetis-eriena","13":"pa_pasaro-sudetis-triusiena","14":"pa_prekiu-zenklai-monge-grill","16":"first","17":"outofstock","18":"taxable","19":"shipping-taxable","20":"purchasable","21":"product-type-simple"},"acf":[],"_links":{"self":[{"href":"https:\/\/zooprekes24.lt\/et\/wp-json\/wp\/v2\/product\/32753","targetHints":{"allow":["GET"]}}],"collection":[{"href":"https:\/\/zooprekes24.lt\/et\/wp-json\/wp\/v2\/product"}],"about":[{"href":"https:\/\/zooprekes24.lt\/et\/wp-json\/wp\/v2\/types\/product"}],"replies":[{"embeddable":true,"href":"https:\/\/zooprekes24.lt\/et\/wp-json\/wp\/v2\/comments?post=32753"}],"wp:featuredmedia":[{"embeddable":true,"href":"https:\/\/zooprekes24.lt\/et\/wp-json\/wp\/v2\/media\/32757"}],"wp:attachment":[{"href":"https:\/\/zooprekes24.lt\/et\/wp-json\/wp\/v2\/media?parent=32753"}],"wp:term":[{"taxonomy":"product_brand","embeddable":true,"href":"https:\/\/zooprekes24.lt\/et\/wp-json\/wp\/v2\/product_brand?post=32753"},{"taxonomy":"product_cat","embeddable":true,"href":"https:\/\/zooprekes24.lt\/et\/wp-json\/wp\/v2\/product_cat?post=32753"},{"taxonomy":"product_tag","embeddable":true,"href":"https:\/\/zooprekes24.lt\/et\/wp-json\/wp\/v2\/product_tag?post=32753"}],"curies":[{"name":"wp","href":"https:\/\/api.w.org\/{rel}","templated":true}]}}