{"id":32621,"date":"2024-11-25T16:52:05","date_gmt":"2024-11-25T13:52:05","guid":{"rendered":"https:\/\/zooprekes24.lt\/?post_type=product&#038;p=32621"},"modified":"2024-11-28T17:03:24","modified_gmt":"2024-11-28T15:03:24","slug":"monge-grill-adult-sterilised-cockerel-begrudziai-konservai-katems-drebuciuose","status":"publish","type":"product","link":"https:\/\/zooprekes24.lt\/et\/produktas\/monge-grill-adult-sterilised-cockerel-begrudziai-konservai-katems-drebuciuose\/","title":{"rendered":"Monge Grill Adult Steriliseeritud Cockerel teraviljavaba konserveeritud toit kassidele marmelaadiga"},"content":{"rendered":"","protected":false},"excerpt":{"rendered":"","protected":false},"featured_media":32624,"comment_status":"closed","ping_status":"closed","template":"","meta":{"_acf_changed":false,"slim_seo":{"title":"Monge Grill Adult Sterilised Cockerel begr\u016bd\u017eiai konservai kat\u0117ms drebu\u010diuose - Zooprekes24","description":""},"iawp_total_views":62},"product_brand":[],"product_cat":[9027,72,83,25,9198,9020],"product_tag":[],"class_list":{"0":"post-32621","1":"product","2":"type-product","3":"status-publish","4":"has-post-thumbnail","6":"product_cat-begrudis-maistas-kaciu-maistas","7":"product_cat-kaciu-maistas","8":"product_cat-kaciu-prekiu-gamintojai","9":"product_cat-katems","10":"product_cat-monge-katems","11":"product_cat-slapias-maistas-kaciu-maistas","12":"pa_pasaro-sudetis-paukstiena","13":"pa_prekiu-zenklai-monge-grill","15":"first","16":"instock","17":"taxable","18":"shipping-taxable","19":"purchasable","20":"product-type-variable"},"acf":[],"_links":{"self":[{"href":"https:\/\/zooprekes24.lt\/et\/wp-json\/wp\/v2\/product\/32621","targetHints":{"allow":["GET"]}}],"collection":[{"href":"https:\/\/zooprekes24.lt\/et\/wp-json\/wp\/v2\/product"}],"about":[{"href":"https:\/\/zooprekes24.lt\/et\/wp-json\/wp\/v2\/types\/product"}],"replies":[{"embeddable":true,"href":"https:\/\/zooprekes24.lt\/et\/wp-json\/wp\/v2\/comments?post=32621"}],"wp:featuredmedia":[{"embeddable":true,"href":"https:\/\/zooprekes24.lt\/et\/wp-json\/wp\/v2\/media\/32624"}],"wp:attachment":[{"href":"https:\/\/zooprekes24.lt\/et\/wp-json\/wp\/v2\/media?parent=32621"}],"wp:term":[{"taxonomy":"product_brand","embeddable":true,"href":"https:\/\/zooprekes24.lt\/et\/wp-json\/wp\/v2\/product_brand?post=32621"},{"taxonomy":"product_cat","embeddable":true,"href":"https:\/\/zooprekes24.lt\/et\/wp-json\/wp\/v2\/product_cat?post=32621"},{"taxonomy":"product_tag","embeddable":true,"href":"https:\/\/zooprekes24.lt\/et\/wp-json\/wp\/v2\/product_tag?post=32621"}],"curies":[{"name":"wp","href":"https:\/\/api.w.org\/{rel}","templated":true}]}}