{"id":32607,"date":"2024-11-25T15:06:58","date_gmt":"2024-11-25T12:06:58","guid":{"rendered":"https:\/\/zooprekes24.lt\/?post_type=product&#038;p=32607"},"modified":"2024-11-28T16:55:51","modified_gmt":"2024-11-28T14:55:51","slug":"monge-grill-kassipoegade-lohe-konservtoit-kassidele-marmelaadis","status":"publish","type":"product","link":"https:\/\/zooprekes24.lt\/et\/produktas\/monge-grill-kitten-salmon-begrudziai-konservai-kaciukams-drebuciuose\/","title":{"rendered":"Monge Grill Kitten Salmon teraviljavaba konserveeritud toit kassipoegadele marmelaadis"},"content":{"rendered":"","protected":false},"excerpt":{"rendered":"","protected":false},"featured_media":32611,"comment_status":"closed","ping_status":"closed","template":"","meta":{"_acf_changed":false,"slim_seo":{"title":"Monge Grill Kitten Salmon begr\u016bd\u017eiai konservai ka\u010diukams drebu\u010diuose - Zooprekes24","description":""},"iawp_total_views":108},"product_brand":[],"product_cat":[9027,72,83,25,9198,9020],"product_tag":[],"class_list":{"0":"post-32607","1":"product","2":"type-product","3":"status-publish","4":"has-post-thumbnail","6":"product_cat-begrudis-maistas-kaciu-maistas","7":"product_cat-kaciu-maistas","8":"product_cat-kaciu-prekiu-gamintojai","9":"product_cat-katems","10":"product_cat-monge-katems","11":"product_cat-slapias-maistas-kaciu-maistas","12":"pa_pasaro-sudetis-lasisa","13":"pa_pasaro-sudetis-zuvis","14":"pa_prekiu-zenklai-monge-grill","16":"first","17":"instock","18":"taxable","19":"shipping-taxable","20":"purchasable","21":"product-type-variable"},"acf":[],"_links":{"self":[{"href":"https:\/\/zooprekes24.lt\/et\/wp-json\/wp\/v2\/product\/32607","targetHints":{"allow":["GET"]}}],"collection":[{"href":"https:\/\/zooprekes24.lt\/et\/wp-json\/wp\/v2\/product"}],"about":[{"href":"https:\/\/zooprekes24.lt\/et\/wp-json\/wp\/v2\/types\/product"}],"replies":[{"embeddable":true,"href":"https:\/\/zooprekes24.lt\/et\/wp-json\/wp\/v2\/comments?post=32607"}],"wp:featuredmedia":[{"embeddable":true,"href":"https:\/\/zooprekes24.lt\/et\/wp-json\/wp\/v2\/media\/32611"}],"wp:attachment":[{"href":"https:\/\/zooprekes24.lt\/et\/wp-json\/wp\/v2\/media?parent=32607"}],"wp:term":[{"taxonomy":"product_brand","embeddable":true,"href":"https:\/\/zooprekes24.lt\/et\/wp-json\/wp\/v2\/product_brand?post=32607"},{"taxonomy":"product_cat","embeddable":true,"href":"https:\/\/zooprekes24.lt\/et\/wp-json\/wp\/v2\/product_cat?post=32607"},{"taxonomy":"product_tag","embeddable":true,"href":"https:\/\/zooprekes24.lt\/et\/wp-json\/wp\/v2\/product_tag?post=32607"}],"curies":[{"name":"wp","href":"https:\/\/api.w.org\/{rel}","templated":true}]}}