{"id":32521,"date":"2024-11-21T15:19:47","date_gmt":"2024-11-21T12:19:47","guid":{"rendered":"https:\/\/zooprekes24.lt\/?post_type=product&#038;p=32521"},"modified":"2024-11-28T16:41:50","modified_gmt":"2024-11-28T14:41:50","slug":"monge-monoprotein-adult-turkey-begrudziai-konservai-katems-padaze","status":"publish","type":"product","link":"https:\/\/zooprekes24.lt\/et\/produktas\/monge-monoprotein-adult-turkey-begrudziai-konservai-katems-padaze\/","title":{"rendered":"Monge Monoprotein Adult Turkey teraviljavaba kassikonservitoit kastmes Monge Monoprotein Adult Turkey teraviljavaba kassitoit kastmes"},"content":{"rendered":"","protected":false},"excerpt":{"rendered":"","protected":false},"featured_media":32524,"comment_status":"closed","ping_status":"closed","template":"","meta":{"_acf_changed":false,"slim_seo":{"title":"Monge Monoprotein Adult Turkey begr\u016bd\u017eiai konservai kat\u0117ms pada\u017ee - Zooprekes24","description":""},"iawp_total_views":38},"product_brand":[],"product_cat":[9027,72,83,25,9198,9020],"product_tag":[],"class_list":{"0":"post-32521","1":"product","2":"type-product","3":"status-publish","4":"has-post-thumbnail","6":"product_cat-begrudis-maistas-kaciu-maistas","7":"product_cat-kaciu-maistas","8":"product_cat-kaciu-prekiu-gamintojai","9":"product_cat-katems","10":"product_cat-monge-katems","11":"product_cat-slapias-maistas-kaciu-maistas","12":"pa_pasaro-sudetis-kalakutiena","13":"pa_prekiu-zenklai-monge-monoprotein","15":"first","16":"instock","17":"taxable","18":"shipping-taxable","19":"purchasable","20":"product-type-variable"},"acf":[],"_links":{"self":[{"href":"https:\/\/zooprekes24.lt\/et\/wp-json\/wp\/v2\/product\/32521","targetHints":{"allow":["GET"]}}],"collection":[{"href":"https:\/\/zooprekes24.lt\/et\/wp-json\/wp\/v2\/product"}],"about":[{"href":"https:\/\/zooprekes24.lt\/et\/wp-json\/wp\/v2\/types\/product"}],"replies":[{"embeddable":true,"href":"https:\/\/zooprekes24.lt\/et\/wp-json\/wp\/v2\/comments?post=32521"}],"wp:featuredmedia":[{"embeddable":true,"href":"https:\/\/zooprekes24.lt\/et\/wp-json\/wp\/v2\/media\/32524"}],"wp:attachment":[{"href":"https:\/\/zooprekes24.lt\/et\/wp-json\/wp\/v2\/media?parent=32521"}],"wp:term":[{"taxonomy":"product_brand","embeddable":true,"href":"https:\/\/zooprekes24.lt\/et\/wp-json\/wp\/v2\/product_brand?post=32521"},{"taxonomy":"product_cat","embeddable":true,"href":"https:\/\/zooprekes24.lt\/et\/wp-json\/wp\/v2\/product_cat?post=32521"},{"taxonomy":"product_tag","embeddable":true,"href":"https:\/\/zooprekes24.lt\/et\/wp-json\/wp\/v2\/product_tag?post=32521"}],"curies":[{"name":"wp","href":"https:\/\/api.w.org\/{rel}","templated":true}]}}