{"id":32469,"date":"2024-11-20T16:45:59","date_gmt":"2024-11-20T13:45:59","guid":{"rendered":"https:\/\/zooprekes24.lt\/?post_type=product&#038;p=32469"},"modified":"2024-11-28T12:10:11","modified_gmt":"2024-11-28T10:10:11","slug":"monge-monoprotein-adult-duck-begrudis-pastetas-katems","status":"publish","type":"product","link":"https:\/\/zooprekes24.lt\/et\/produktas\/monge-monoprotein-adult-duck-begrudis-pastetas-katems\/","title":{"rendered":"Monge Monoprotein Adult Duck teraviljavaba kassipasteet"},"content":{"rendered":"","protected":false},"excerpt":{"rendered":"","protected":false},"featured_media":32474,"comment_status":"closed","ping_status":"closed","template":"","meta":{"_acf_changed":false,"slim_seo":{"title":"Monge Monoprotein Adult Duck begr\u016bdis pa\u0161tetas kat\u0117ms - Zooprekes24","description":""},"iawp_total_views":66},"product_brand":[],"product_cat":[9027,72,83,25,9198,9020],"product_tag":[],"class_list":{"0":"post-32469","1":"product","2":"type-product","3":"status-publish","4":"has-post-thumbnail","6":"product_cat-begrudis-maistas-kaciu-maistas","7":"product_cat-kaciu-maistas","8":"product_cat-kaciu-prekiu-gamintojai","9":"product_cat-katems","10":"product_cat-monge-katems","11":"product_cat-slapias-maistas-kaciu-maistas","12":"pa_pasaro-sudetis-antiena","13":"pa_pasaro-sudetis-bulves","14":"pa_prekiu-zenklai-monge-monoprotein","16":"first","17":"instock","18":"taxable","19":"shipping-taxable","20":"purchasable","21":"product-type-variable"},"acf":[],"_links":{"self":[{"href":"https:\/\/zooprekes24.lt\/et\/wp-json\/wp\/v2\/product\/32469","targetHints":{"allow":["GET"]}}],"collection":[{"href":"https:\/\/zooprekes24.lt\/et\/wp-json\/wp\/v2\/product"}],"about":[{"href":"https:\/\/zooprekes24.lt\/et\/wp-json\/wp\/v2\/types\/product"}],"replies":[{"embeddable":true,"href":"https:\/\/zooprekes24.lt\/et\/wp-json\/wp\/v2\/comments?post=32469"}],"wp:featuredmedia":[{"embeddable":true,"href":"https:\/\/zooprekes24.lt\/et\/wp-json\/wp\/v2\/media\/32474"}],"wp:attachment":[{"href":"https:\/\/zooprekes24.lt\/et\/wp-json\/wp\/v2\/media?parent=32469"}],"wp:term":[{"taxonomy":"product_brand","embeddable":true,"href":"https:\/\/zooprekes24.lt\/et\/wp-json\/wp\/v2\/product_brand?post=32469"},{"taxonomy":"product_cat","embeddable":true,"href":"https:\/\/zooprekes24.lt\/et\/wp-json\/wp\/v2\/product_cat?post=32469"},{"taxonomy":"product_tag","embeddable":true,"href":"https:\/\/zooprekes24.lt\/et\/wp-json\/wp\/v2\/product_tag?post=32469"}],"curies":[{"name":"wp","href":"https:\/\/api.w.org\/{rel}","templated":true}]}}