{"id":32272,"date":"2024-11-15T14:32:39","date_gmt":"2024-11-15T11:32:39","guid":{"rendered":"https:\/\/zooprekes24.lt\/?post_type=product&#038;p=32272"},"modified":"2025-01-08T14:49:18","modified_gmt":"2025-01-08T12:49:18","slug":"acana-korgeima-valgusisaldusega-kuivtoit-kassidele-siseruumides","status":"publish","type":"product","link":"https:\/\/zooprekes24.lt\/et\/produktas\/acana-highest-protein-indoor-cat-sausas-maistas-katems\/","title":{"rendered":"Acana Highest Protein Indoor Cat Grain Free Dry Cat Food (k\u00f5rgeima valgusisaldusega kuivtoit)"},"content":{"rendered":"<h3>Acana Highest Protein Indoor Cat <span>ei sisalda lisatud teravilja ning on rikas vabapidamisel kasvatatud kana, forelli ja l\u00f5he poolest. See esmaklassiline retsept aitab rahuldada sisekasside unikaalseid vajadusi. <\/span>K\u00f5ik tarnitakse v\u00e4rskelt vastavalt <a href=\"https:\/\/www.acanapetfoods.co.uk\/about-acana\/biologically-appropriate\/wholeprey-meat-ratios\/\" target=\"_blank\" rel=\"noopener noreferrer\">WholePrey\u2122<\/a> m\u00f5iste (kogusaak).<\/h3>\n<p>Iga s\u00f6\u00f6dapala on rikkalik\u00a0<a href=\"https:\/\/zooprekes24.lt\/et\/?s=omega+3+sunims&amp;post_type=product&amp;product_cat=0\" target=\"_blank\" rel=\"noopener noreferrer\">Omega 3<\/a> (DHA, EPA), mis on ekstraheeritud looduslikust tuurist, mis on kasulik immuunsuse tugevdamiseks ning suurep\u00e4rase naha ja karvkatte seisundi parandamiseks. Orgaanilised meretaimed ja marjad, sealhulgas kuivatatud merevetikad, j\u00f5hvikad ja mustikad, parandavad lemmiklooma ainevahetust ja toniseerivad seedetrakti. See on rikas elundite, k\u00f5hre ja luude poolest, mis annavad toidule t\u00e4iusliku maitse ja varustavad kassi kasulikke aineid. Valmistatud auhinnatud k\u00f6\u00f6gis parimatest ja v\u00e4rsketest koostisosadest, <a href=\"https:\/\/www.acanapetfoods.co.uk\/about-acana\/biologically-appropriate\/\" target=\"_blank\" rel=\"noopener noreferrer\">Bioloogiliselt sobiv\u2122<\/a> (Bioloogiliselt sobiv) koostis tagab, et teie kass on terve ja \u00f5nnelik.<\/p>","protected":false},"excerpt":{"rendered":"<p>Acana Highest Protein Indoor Cat yra be prid\u0117tini\u0173 gr\u016bd\u0173, o jo sud\u0117tyje gausu laisvai u\u017eaugintos vi\u0161tienos, up\u0117taki\u0173 ir la\u0161i\u0161\u0173. \u0160is auk\u0161\u010diausios kokyb\u0117s receptas padeda patenkinti unikalius namie gyvenan\u010di\u0173 ka\u010di\u0173 poreikius. Viskas pristatoma \u0161vie\u017eia laikantis WholePrey\u2122 (viso grobio) koncepcijos. Kiekviename pa\u0161aro k\u0105snelyje gausu\u00a0Omega 3 (DHA, EPA) i\u0161gaunamo i\u0161 laukini\u0173 starki\u0173, kuris naudingas imuniteto stiprinimui ir puikiam&#8230;<\/p>","protected":false},"featured_media":32276,"comment_status":"closed","ping_status":"closed","template":"","meta":{"_acf_changed":false,"slim_seo":{"title":"Acana Highest Protein Indoor Cat begr\u016bdis sausas maistas kat\u0117ms - Zooprekes24","description":"Acana Highest Protein Indoor Cat ei sisalda lisatud teravilja ning on rikas vabapidamisel oleva kana, forelli ja l\u00f5he poolest. See esmaklassiline retsept"},"iawp_total_views":232},"product_brand":[],"product_cat":[9015,9027,72,83,25,9016],"product_tag":[1671,1817,1675,1682,1696],"class_list":{"0":"post-32272","1":"product","2":"type-product","3":"status-publish","4":"has-post-thumbnail","6":"product_cat-acana-kaciu-prekiu-gamintojai","7":"product_cat-begrudis-maistas-kaciu-maistas","8":"product_cat-kaciu-maistas","9":"product_cat-kaciu-prekiu-gamintojai","10":"product_cat-katems","11":"product_cat-sausas-maistas-kaciu-maistas","12":"product_tag-begrudis-kaciu-maistas","13":"product_tag-edalas-katems","14":"product_tag-kaciu-edalas","15":"product_tag-kaciu-maistas-super-premium-klases","16":"product_tag-super-premium-maistas-katems","17":"pa_pasaro-sudetis-darzoves","18":"pa_pasaro-sudetis-lasisa","19":"pa_pasaro-sudetis-sirdys","20":"pa_pasaro-sudetis-uogos","21":"pa_pasaro-sudetis-vaisiai","22":"pa_pasaro-sudetis-vistiena","23":"pa_pasaro-sudetis-zuvis","24":"pa_prekiu-zenklai-acana","26":"first","27":"instock","28":"featured","29":"taxable","30":"shipping-taxable","31":"purchasable","32":"product-type-variable"},"acf":[],"_links":{"self":[{"href":"https:\/\/zooprekes24.lt\/et\/wp-json\/wp\/v2\/product\/32272","targetHints":{"allow":["GET"]}}],"collection":[{"href":"https:\/\/zooprekes24.lt\/et\/wp-json\/wp\/v2\/product"}],"about":[{"href":"https:\/\/zooprekes24.lt\/et\/wp-json\/wp\/v2\/types\/product"}],"replies":[{"embeddable":true,"href":"https:\/\/zooprekes24.lt\/et\/wp-json\/wp\/v2\/comments?post=32272"}],"wp:featuredmedia":[{"embeddable":true,"href":"https:\/\/zooprekes24.lt\/et\/wp-json\/wp\/v2\/media\/32276"}],"wp:attachment":[{"href":"https:\/\/zooprekes24.lt\/et\/wp-json\/wp\/v2\/media?parent=32272"}],"wp:term":[{"taxonomy":"product_brand","embeddable":true,"href":"https:\/\/zooprekes24.lt\/et\/wp-json\/wp\/v2\/product_brand?post=32272"},{"taxonomy":"product_cat","embeddable":true,"href":"https:\/\/zooprekes24.lt\/et\/wp-json\/wp\/v2\/product_cat?post=32272"},{"taxonomy":"product_tag","embeddable":true,"href":"https:\/\/zooprekes24.lt\/et\/wp-json\/wp\/v2\/product_tag?post=32272"}],"curies":[{"name":"wp","href":"https:\/\/api.w.org\/{rel}","templated":true}]}}