{"id":31458,"date":"2024-10-16T15:28:43","date_gmt":"2024-10-16T12:28:43","guid":{"rendered":"https:\/\/zooprekes24.lt\/?post_type=product&#038;p=31458"},"modified":"2024-11-06T18:41:43","modified_gmt":"2024-11-06T15:41:43","slug":"monge-bwild-taiskasvanud-lambaliha-korvitsa-suvikorvitsad-suvikorvitsad","status":"publish","type":"product","link":"https:\/\/zooprekes24.lt\/et\/produktas\/monge-bwild-adult-lamb-pumpkin-zucchini\/","title":{"rendered":"Monge BWild Adult Lambaliha, k\u00f5rvits ja suvik\u00f5rvits teraviljavaba koerakonservitoit kastmes"},"content":{"rendered":"","protected":false},"excerpt":{"rendered":"<p class=\"MsoNoSpacing\">Kuivtoit kanaga tiinetele ja imetavatele emasloomadele ning kutsikatele.<\/p>","protected":false},"featured_media":31461,"comment_status":"closed","ping_status":"closed","template":"","meta":{"_acf_changed":false,"slim_seo":{"title":"Monge BWild Adult Lamb, Pumpkin & Zucchini begr\u016bd\u017eiai konservai \u0161unims pada\u017ee - Zooprekes24","description":"Kuivtoit kanaga tiinetele ja imetavatele emasloomadele ning kutsikatele."},"iawp_total_views":63},"product_brand":[],"product_cat":[9001,9192,9004,8999,29,31],"product_tag":[],"class_list":{"0":"post-31458","1":"product","2":"type-product","3":"status-publish","4":"has-post-thumbnail","6":"product_cat-begrudis-maistas","7":"product_cat-monge-sunims","8":"product_cat-slapias-maistas","9":"product_cat-sunims","10":"product_cat-sunu-maistas","11":"product_cat-sunu-prekiu-gamintojai","12":"pa_pasaro-sudetis-darzoves","13":"pa_pasaro-sudetis-eriena","14":"pa_prekiu-zenklai-monge-bwild","15":"pa_suns-amzius-suaugusiems","16":"pa_veisles-dydis-didelems-veislems","17":"pa_veisles-dydis-mazoms-veislems","18":"pa_veisles-dydis-vidutinems-veislems","19":"pa_veisles-dydis-visu-dydziu-veislems","21":"first","22":"instock","23":"taxable","24":"shipping-taxable","25":"purchasable","26":"product-type-variable"},"acf":[],"_links":{"self":[{"href":"https:\/\/zooprekes24.lt\/et\/wp-json\/wp\/v2\/product\/31458","targetHints":{"allow":["GET"]}}],"collection":[{"href":"https:\/\/zooprekes24.lt\/et\/wp-json\/wp\/v2\/product"}],"about":[{"href":"https:\/\/zooprekes24.lt\/et\/wp-json\/wp\/v2\/types\/product"}],"replies":[{"embeddable":true,"href":"https:\/\/zooprekes24.lt\/et\/wp-json\/wp\/v2\/comments?post=31458"}],"wp:featuredmedia":[{"embeddable":true,"href":"https:\/\/zooprekes24.lt\/et\/wp-json\/wp\/v2\/media\/31461"}],"wp:attachment":[{"href":"https:\/\/zooprekes24.lt\/et\/wp-json\/wp\/v2\/media?parent=31458"}],"wp:term":[{"taxonomy":"product_brand","embeddable":true,"href":"https:\/\/zooprekes24.lt\/et\/wp-json\/wp\/v2\/product_brand?post=31458"},{"taxonomy":"product_cat","embeddable":true,"href":"https:\/\/zooprekes24.lt\/et\/wp-json\/wp\/v2\/product_cat?post=31458"},{"taxonomy":"product_tag","embeddable":true,"href":"https:\/\/zooprekes24.lt\/et\/wp-json\/wp\/v2\/product_tag?post=31458"}],"curies":[{"name":"wp","href":"https:\/\/api.w.org\/{rel}","templated":true}]}}