{"id":31452,"date":"2024-10-16T14:33:55","date_gmt":"2024-10-16T11:33:55","guid":{"rendered":"https:\/\/zooprekes24.lt\/?post_type=product&#038;p=31452"},"modified":"2024-11-06T18:36:59","modified_gmt":"2024-11-06T15:36:59","slug":"monge-grill-taiskasvanud-chunkies-multipack-kana-kalkuniliha-turskapuuk","status":"publish","type":"product","link":"https:\/\/zooprekes24.lt\/et\/produktas\/monge-grill-adult-chunkies-multipack-chicken-turkey-beef-codfish\/","title":{"rendered":"Monge Grill Adult Chunkies Multipack Chicken &amp; Turkey, Beef, Codfish pate komplekt koertele"},"content":{"rendered":"","protected":false},"excerpt":{"rendered":"<p class=\"MsoNoSpacing\">Kuivtoit kanaga tiinetele ja imetavatele emasloomadele ning kutsikatele.<\/p>","protected":false},"featured_media":31456,"comment_status":"closed","ping_status":"closed","template":"","meta":{"_acf_changed":false,"slim_seo":{"title":"Monge Grill Adult Chunkies Multipack Chicken & Turkey, Beef, Codfish pa\u0161tet\u0173 rinkinys \u0161unims - Zooprekes24","description":"Kuivtoit kanaga tiinetele ja imetavatele emasloomadele ning kutsikatele."},"iawp_total_views":125},"product_brand":[],"product_cat":[9001,9192,9004,8999,29,31],"product_tag":[],"class_list":{"0":"post-31452","1":"product","2":"type-product","3":"status-publish","4":"has-post-thumbnail","6":"product_cat-begrudis-maistas","7":"product_cat-monge-sunims","8":"product_cat-slapias-maistas","9":"product_cat-sunims","10":"product_cat-sunu-maistas","11":"product_cat-sunu-prekiu-gamintojai","12":"pa_pasaro-sudetis-jautiena","13":"pa_pasaro-sudetis-kalakutiena","14":"pa_pasaro-sudetis-vistiena","15":"pa_pasaro-sudetis-zuvis","16":"pa_prekiu-zenklai-monge-grill","17":"pa_suns-amzius-suaugusiems","18":"pa_veisles-dydis-didelems-veislems","19":"pa_veisles-dydis-mazoms-veislems","20":"pa_veisles-dydis-vidutinems-veislems","21":"pa_veisles-dydis-visu-dydziu-veislems","23":"first","24":"instock","25":"taxable","26":"shipping-taxable","27":"purchasable","28":"product-type-variable"},"acf":[],"_links":{"self":[{"href":"https:\/\/zooprekes24.lt\/et\/wp-json\/wp\/v2\/product\/31452","targetHints":{"allow":["GET"]}}],"collection":[{"href":"https:\/\/zooprekes24.lt\/et\/wp-json\/wp\/v2\/product"}],"about":[{"href":"https:\/\/zooprekes24.lt\/et\/wp-json\/wp\/v2\/types\/product"}],"replies":[{"embeddable":true,"href":"https:\/\/zooprekes24.lt\/et\/wp-json\/wp\/v2\/comments?post=31452"}],"wp:featuredmedia":[{"embeddable":true,"href":"https:\/\/zooprekes24.lt\/et\/wp-json\/wp\/v2\/media\/31456"}],"wp:attachment":[{"href":"https:\/\/zooprekes24.lt\/et\/wp-json\/wp\/v2\/media?parent=31452"}],"wp:term":[{"taxonomy":"product_brand","embeddable":true,"href":"https:\/\/zooprekes24.lt\/et\/wp-json\/wp\/v2\/product_brand?post=31452"},{"taxonomy":"product_cat","embeddable":true,"href":"https:\/\/zooprekes24.lt\/et\/wp-json\/wp\/v2\/product_cat?post=31452"},{"taxonomy":"product_tag","embeddable":true,"href":"https:\/\/zooprekes24.lt\/et\/wp-json\/wp\/v2\/product_tag?post=31452"}],"curies":[{"name":"wp","href":"https:\/\/api.w.org\/{rel}","templated":true}]}}