{"id":30987,"date":"2024-10-03T13:37:46","date_gmt":"2024-10-03T10:37:46","guid":{"rendered":"https:\/\/zooprekes24.lt\/?post_type=product&#038;p=30987"},"modified":"2024-10-09T18:19:38","modified_gmt":"2024-10-09T15:19:38","slug":"cats-best-sensitive-cat-litter-20l","status":"publish","type":"product","link":"https:\/\/zooprekes24.lt\/et\/produktas\/cats-best-sensitive-kraikas-katems-20l\/","title":{"rendered":"Cats Best Sensitive kasside pesu 20L"},"content":{"rendered":"<h3>Cats Best Sensitive on kvaliteetne looduslik kassipesu tundlikele kassidele, mis on kasutamisel klompides. See on \u00e4\u00e4rmiselt \u00f6konoomne ja kestab kaua. P\u00e4rast seda, kui teie lemmikloom on tualetti kasutanud, tuleb vaid eemaldada m\u00e4rg allapanu ja tahked v\u00e4ljaheited ning tualett on taas puhas. Euroopa nr. 1 orgaaniline allapanu.<\/h3>\n<ul style=\"font-weight: 400;\">\n<li>\u0160okeeriv.<\/li>\n<li>Sobib tundlikele kassidele.<\/li>\n<li><span>Peenike terade t\u00f5ttu on see eriti \u00f5rn k\u00e4ppadele.<\/span><\/li>\n<li>Suurep\u00e4rane niiskuse imavus ja l\u00f5hnade blokeerimine.<\/li>\n<li>Biolagunevad ja neid on ohutu WC-s alla loputada.<\/li>\n<li>T\u00e4ielikult j\u00e4tkusuutlik:\u00a0<a href=\"https:\/\/www.catsbest.eu\/\">Kassid Best<\/a>\u00a0valmistatud PEFC-sertifitseeritud ressurssidest.<\/li>\n<li>Saab kompostida, kuna on 100% biolagunev.<\/li>\n<li>Seda v\u00f5ib pesakasti j\u00e4tta kuni 5 n\u00e4dalaks, enne kui see tuleb t\u00e4ielikult v\u00e4lja vahetada.<\/li>\n<li><a href=\"https:\/\/zooprekes24.lt\/et\/kategorija\/prekes-katems\/hugieeni-ja-puhastusvahendid-kassidele\/kraikas-katems\/\">Craik<\/a>\u00a0on meeldiva, loodusliku l\u00f5hnaga - valmistatud \u00fcmbert\u00f6\u00f6deldud puidust toorainest, ilma keemiliste lisanditeta.<\/li>\n<li>Kuni 3 korda parem niiskuseimavus kui tavalisel allapanu: Cats Best Original kasutab tehnoloogiliselt t\u00e4iustatud aktiivset puidukiudu. Kasutades JRS orgaanilise kiu protsessi, imavad nad vedelikke \u00e4\u00e4rmiselt kiiresti ja p\u00fc\u00fcavad ebameeldivaid l\u00f5hnu p\u00fcsivalt kinni - t\u00e4iuslik looduslik l\u00e4bitungimisvastane kaitse.<\/li>\n<\/ul>","protected":false},"excerpt":{"rendered":"<p>Cats Best Sensitive &#8211; auk\u0161tos kokyb\u0117s nat\u016bralus kraikas jautrioms kat\u0117ms, kuris panaudotas su\u0161oka \u012f grumstelius. Ypa\u010d ekonomi\u0161kas, tad jo pakaks tikrai ilgam. Augintiniui pasinaudojus tualetu Jums tereik\u0117s pa\u0161alinti nuo dr\u0117gm\u0117s su\u0161okus\u012f kraik\u0105 bei kietas i\u0161matas ir tualetas v\u0117l bus \u0161varus. Nr. 1 organinis kraikas Europoje. Su\u0161okantis. Pritaikytas jautrioms kat\u0117ms. D\u0117l smulki\u0173 gr\u016bdeli\u0173 yra ypa\u010d \u0161velnus&#8230;<\/p>","protected":false},"featured_media":30988,"comment_status":"closed","ping_status":"closed","template":"","meta":{"_acf_changed":false,"slim_seo":{"title":"Cats Best Sensitive kraikas kat\u0117ms 20L - Zooprekes24","description":"Cats Best Sensitive on kvaliteetne looduslik kassipesu tundlikele kassidele, mis on kasutamisel klompides. See on \u00e4\u00e4rmiselt \u00f6konoomne ja kestab kaua. A"},"iawp_total_views":126},"product_brand":[],"product_cat":[9008,78,83,25,9009],"product_tag":[1873],"class_list":{"0":"post-30987","1":"product","2":"type-product","3":"status-publish","4":"has-post-thumbnail","6":"product_cat-cats-best","7":"product_cat-higiena-ir-prieziura-katems","8":"product_cat-kaciu-prekiu-gamintojai","9":"product_cat-katems","10":"product_cat-kraikas","11":"product_tag-cats-best-okoplus-kraikas","12":"pa_kraiko-rusis-medzio-drozles","13":"pa_prekiu-zenklai-cats-best","15":"first","16":"instock","17":"featured","18":"taxable","19":"shipping-taxable","20":"purchasable","21":"product-type-simple"},"acf":[],"_links":{"self":[{"href":"https:\/\/zooprekes24.lt\/et\/wp-json\/wp\/v2\/product\/30987","targetHints":{"allow":["GET"]}}],"collection":[{"href":"https:\/\/zooprekes24.lt\/et\/wp-json\/wp\/v2\/product"}],"about":[{"href":"https:\/\/zooprekes24.lt\/et\/wp-json\/wp\/v2\/types\/product"}],"replies":[{"embeddable":true,"href":"https:\/\/zooprekes24.lt\/et\/wp-json\/wp\/v2\/comments?post=30987"}],"wp:featuredmedia":[{"embeddable":true,"href":"https:\/\/zooprekes24.lt\/et\/wp-json\/wp\/v2\/media\/30988"}],"wp:attachment":[{"href":"https:\/\/zooprekes24.lt\/et\/wp-json\/wp\/v2\/media?parent=30987"}],"wp:term":[{"taxonomy":"product_brand","embeddable":true,"href":"https:\/\/zooprekes24.lt\/et\/wp-json\/wp\/v2\/product_brand?post=30987"},{"taxonomy":"product_cat","embeddable":true,"href":"https:\/\/zooprekes24.lt\/et\/wp-json\/wp\/v2\/product_cat?post=30987"},{"taxonomy":"product_tag","embeddable":true,"href":"https:\/\/zooprekes24.lt\/et\/wp-json\/wp\/v2\/product_tag?post=30987"}],"curies":[{"name":"wp","href":"https:\/\/api.w.org\/{rel}","templated":true}]}}