{"id":30979,"date":"2024-10-03T13:15:50","date_gmt":"2024-10-03T10:15:50","guid":{"rendered":"https:\/\/zooprekes24.lt\/?post_type=product&#038;p=30979"},"modified":"2024-10-09T18:21:08","modified_gmt":"2024-10-09T15:21:08","slug":"kasside-parim-nutikas-pelletipesu-kassidele-20l","status":"publish","type":"product","link":"https:\/\/zooprekes24.lt\/et\/produktas\/cats-best-smart-pellets-kraikas-katems-20l\/","title":{"rendered":"Cats Best Smart Pellets kasside allapanu 20L"},"content":{"rendered":"<h3>Cats Best Smart Pellets - kvaliteetne looduslik kassipesu mini graanulitena, mis on kasutamisel kokku klompitud. Graanulide eriline kuju takistab nende kleepumist karvale ja k\u00e4ppadele, nii et need ei kandu pesakastist v\u00e4lja. Kui teie lemmikloom kasutab tualetti, peate vaid eemaldama m\u00e4rja allapanu ja tahked v\u00e4ljaheited ning tualett on taas puhas. Euroopa nr. 1 orgaaniline allapanu.<\/h3>\n<ul style=\"font-weight: 400;\">\n<li>\u0160okeeriv.<\/li>\n<li>\u00d5rnalt looma jalgadele.<\/li>\n<li>Pehme haardega ja mittekleepuv jalgadele.<\/li>\n<li>Suurep\u00e4rane niiskuse imavus ja l\u00f5hnade blokeerimine.<\/li>\n<li>Biolagunevad ja neid on ohutu WC-s alla loputada.<\/li>\n<li>Saab kompostida, kuna on 100% biolagunev.<\/li>\n<li>Seda v\u00f5ib pesakasti j\u00e4tta kuni 5 n\u00e4dalaks, enne kui see tuleb t\u00e4ielikult v\u00e4lja vahetada.<\/li>\n<li>T\u00e4ielikult j\u00e4tkusuutlik:\u00a0<a href=\"https:\/\/www.catsbest.eu\/\">Kassid Best<\/a> Smart Pellets on valmistatud PEFC-sertifikaadiga ressurssidest.<\/li>\n<li><a href=\"https:\/\/zooprekes24.lt\/et\/kategorija\/prekes-katems\/hugieeni-ja-puhastusvahendid-kassidele\/kraikas-katems\/\">Craik<\/a>\u00a0on meeldiva, loodusliku l\u00f5hnaga - valmistatud \u00fcmbert\u00f6\u00f6deldud puidust toorainest, ilma keemiliste lisanditeta.<\/li>\n<li>Kuni 3 korda parem niiskuseimavus kui tavalisel allapanu: Cats Best Smart Pellets kasutab tehnoloogiliselt t\u00e4iustatud aktiivset puidukiudu. Kasutades JRS orgaanilise kiu protsessi, imavad nad vedelikke \u00e4\u00e4rmiselt kiiresti ja p\u00fc\u00fcavad ebameeldivaid l\u00f5hnu p\u00fcsivalt kinni - t\u00e4iuslik looduslik kaitse l\u00e4bitungimise vastu.<\/li>\n<\/ul>","protected":false},"excerpt":{"rendered":"<p>Cats Best Smart Pellets &#8211; auk\u0161tos kokyb\u0117s nat\u016bralus ka\u010di\u0173 kraikas mini granule\u0307mis, kuris panaudotas su\u0161oka \u012f grumstelius. Speciali granuliu\u0328 forma neleidz\u030cia joms prilipti prie kailio ir letenu\u0328, tode\u0307l jos neis\u030cnes\u030camos uz\u030c kraiko de\u0307z\u030cute\u0307s ribu\u0328. Augintiniui pasinaudojus tualetu Jums tereik\u0117s pa\u0161alinti nuo dr\u0117gm\u0117s su\u0161okus\u012f kraik\u0105 bei kietas i\u0161matas ir tualetas v\u0117l bus \u0161varus. Nr. 1 organinis&#8230;<\/p>","protected":false},"featured_media":30980,"comment_status":"closed","ping_status":"closed","template":"","meta":{"_acf_changed":false,"slim_seo":{"title":"Cats Best Smart Pellets kraikas kat\u0117ms 20L - Zooprekes24","description":"Cats Best Smart Pellets - kvaliteetne looduslik kassipesu mini graanulitena, mis on kasutamisel klompides. Pelletite eriline kuju takistab kassil olla"},"iawp_total_views":307},"product_brand":[],"product_cat":[9008,78,83,25,9009],"product_tag":[7997,1873],"class_list":{"0":"post-30979","1":"product","2":"type-product","3":"status-publish","4":"has-post-thumbnail","6":"product_cat-cats-best","7":"product_cat-higiena-ir-prieziura-katems","8":"product_cat-kaciu-prekiu-gamintojai","9":"product_cat-katems","10":"product_cat-kraikas","11":"product_tag-cat-best-smart-kraikas","12":"product_tag-cats-best-okoplus-kraikas","13":"pa_kraiko-rusis-medzio-drozles","14":"pa_prekiu-zenklai-cats-best","16":"first","17":"instock","18":"featured","19":"taxable","20":"shipping-taxable","21":"purchasable","22":"product-type-simple"},"acf":[],"_links":{"self":[{"href":"https:\/\/zooprekes24.lt\/et\/wp-json\/wp\/v2\/product\/30979","targetHints":{"allow":["GET"]}}],"collection":[{"href":"https:\/\/zooprekes24.lt\/et\/wp-json\/wp\/v2\/product"}],"about":[{"href":"https:\/\/zooprekes24.lt\/et\/wp-json\/wp\/v2\/types\/product"}],"replies":[{"embeddable":true,"href":"https:\/\/zooprekes24.lt\/et\/wp-json\/wp\/v2\/comments?post=30979"}],"wp:featuredmedia":[{"embeddable":true,"href":"https:\/\/zooprekes24.lt\/et\/wp-json\/wp\/v2\/media\/30980"}],"wp:attachment":[{"href":"https:\/\/zooprekes24.lt\/et\/wp-json\/wp\/v2\/media?parent=30979"}],"wp:term":[{"taxonomy":"product_brand","embeddable":true,"href":"https:\/\/zooprekes24.lt\/et\/wp-json\/wp\/v2\/product_brand?post=30979"},{"taxonomy":"product_cat","embeddable":true,"href":"https:\/\/zooprekes24.lt\/et\/wp-json\/wp\/v2\/product_cat?post=30979"},{"taxonomy":"product_tag","embeddable":true,"href":"https:\/\/zooprekes24.lt\/et\/wp-json\/wp\/v2\/product_tag?post=30979"}],"curies":[{"name":"wp","href":"https:\/\/api.w.org\/{rel}","templated":true}]}}