{"id":30834,"date":"2024-10-01T14:33:04","date_gmt":"2024-10-01T11:33:04","guid":{"rendered":"https:\/\/zooprekes24.lt\/?post_type=product&#038;p=30834"},"modified":"2025-06-18T11:39:50","modified_gmt":"2025-06-18T09:39:50","slug":"monge-bwild-koik-elustaadiumid-suured-tougu-puhvlikartulid-laatsed","status":"publish","type":"product","link":"https:\/\/zooprekes24.lt\/et\/produktas\/monge-bwild-all-life-stage-large-breed-buffalo-potatoes-lentils\/","title":{"rendered":"Monge BWild All Life Stages Large Breed Buffalo, Potatoes &#038; Lentils begr\u016bdis sausas maistas kat\u0117ms"},"content":{"rendered":"<h3 class=\"MsoNoSpacing\">Monge BWild All Life Stage Large Breed Buffalo, Potatoes &amp; Lentils on t\u00e4istoit suurtele kassidele m\u00f5eldud kuivtoit k\u00f5ikidele elustaadiumitele. Liha on igas Monge BWildi toidus peamine koostisosa ja valguallikas.<\/h3>\n<ul>\n<li>Valmistatud Itaalias.<\/li>\n<li>Ei ole lisatud v\u00e4rvaineid ega kunstlikke s\u00e4ilitusaineid.<\/li>\n<li>Sobib k\u00f5ikidele eluetappidele (alates noortest kassipoegadest kuni vanemate kassideni).<\/li>\n<li>Esimene koostisosa on p\u00fchvliliha. S\u00f6\u00f6da retsepti iseloomustab selle seeditavus ja maitse t\u00e4nu liha v\u00e4rskusele.<\/li>\n<li>Omega 3 ja Omega 6 rasvhapped (l\u00f5he\u00f5li) tagavad, et teie lemmiklooma nahk ja karvkate on alati terved.<\/li>\n<li>Retsept on rikastatud XOS (ks\u00fclani oligosahhariidid) ja MOS (mannaani oligosahhariidid) prebiootikumidega, mis stimuleerivad seedimist.<\/li>\n<li>Spetsiaalselt kasside tervise jaoks koostatud, kasutades k\u00f5rgeima kvaliteediga toitaineid ja testitud Made in Italy testi abil.<\/li>\n<\/ul>","protected":false},"excerpt":{"rendered":"<p class=\"MsoNoSpacing\">Kuivtoit kanaga tiinetele ja imetavatele emasloomadele ning kutsikatele.<\/p>","protected":false},"featured_media":30836,"comment_status":"closed","ping_status":"closed","template":"","meta":{"_acf_changed":false,"slim_seo":{"title":"Monge BWild All Life Stages Large Breed Buffalo, Potatoes & Lentils begr\u016bdis sausas maistas kat\u0117ms - Zooprekes24","description":"Kuivtoit kanaga tiinetele ja imetavatele emasloomadele ning kutsikatele."},"iawp_total_views":244},"product_brand":[],"product_cat":[9027,72,83,25,9198,9016],"product_tag":[],"class_list":{"0":"post-30834","1":"product","2":"type-product","3":"status-publish","4":"has-post-thumbnail","6":"product_cat-begrudis-maistas-kaciu-maistas","7":"product_cat-kaciu-maistas","8":"product_cat-kaciu-prekiu-gamintojai","9":"product_cat-katems","10":"product_cat-monge-katems","11":"product_cat-sausas-maistas-kaciu-maistas","12":"pa_pasaro-sudetis-bizoniena","13":"pa_pasaro-sudetis-bulves","14":"pa_prekiu-zenklai-monge-bwild","15":"pa_veisles-dydis-didelems-veislems","17":"first","18":"instock","19":"taxable","20":"shipping-taxable","21":"purchasable","22":"product-type-variable"},"acf":[],"_links":{"self":[{"href":"https:\/\/zooprekes24.lt\/et\/wp-json\/wp\/v2\/product\/30834","targetHints":{"allow":["GET"]}}],"collection":[{"href":"https:\/\/zooprekes24.lt\/et\/wp-json\/wp\/v2\/product"}],"about":[{"href":"https:\/\/zooprekes24.lt\/et\/wp-json\/wp\/v2\/types\/product"}],"replies":[{"embeddable":true,"href":"https:\/\/zooprekes24.lt\/et\/wp-json\/wp\/v2\/comments?post=30834"}],"wp:featuredmedia":[{"embeddable":true,"href":"https:\/\/zooprekes24.lt\/et\/wp-json\/wp\/v2\/media\/30836"}],"wp:attachment":[{"href":"https:\/\/zooprekes24.lt\/et\/wp-json\/wp\/v2\/media?parent=30834"}],"wp:term":[{"taxonomy":"product_brand","embeddable":true,"href":"https:\/\/zooprekes24.lt\/et\/wp-json\/wp\/v2\/product_brand?post=30834"},{"taxonomy":"product_cat","embeddable":true,"href":"https:\/\/zooprekes24.lt\/et\/wp-json\/wp\/v2\/product_cat?post=30834"},{"taxonomy":"product_tag","embeddable":true,"href":"https:\/\/zooprekes24.lt\/et\/wp-json\/wp\/v2\/product_tag?post=30834"}],"curies":[{"name":"wp","href":"https:\/\/api.w.org\/{rel}","templated":true}]}}