{"id":30786,"date":"2024-09-30T15:46:40","date_gmt":"2024-09-30T12:46:40","guid":{"rendered":"https:\/\/zooprekes24.lt\/?post_type=product&#038;p=30786"},"modified":"2024-10-02T14:43:30","modified_gmt":"2024-10-02T11:43:30","slug":"monge-natural-superpremium-steriliseeritud-kana","status":"publish","type":"product","link":"https:\/\/zooprekes24.lt\/et\/produktas\/monge-natural-superpremium-sterilised-chicken\/","title":{"rendered":"Monge Natural Superpremium Steriliseeritud kana kuivtoit kassidele"},"content":{"rendered":"<h3 class=\"MsoNoSpacing\">Monge Natural Superpremium Steriliseeritud kana on t\u00e4istoit t\u00e4iskasvanud steriliseeritud kassidele alates 1 aasta vanusest. Liha on iga Monge Natural Superpremium toidu peamine koostisosa ja valguallikas.<\/h3>\n<ul>\n<li>Valmistatud Itaalias.<\/li>\n<li>Ei ole lisatud v\u00e4rvaineid ega kunstlikke s\u00e4ilitusaineid.<\/li>\n<li>Esimene koostisosa on kana. S\u00f6\u00f6da retsepti iseloomustab selle seeditavus ja maitse t\u00e4nu liha v\u00e4rskusele.<\/li>\n<li>Omega 3 ja Omega 6 rasvhapped (l\u00f5he\u00f5li) tagavad, et teie lemmiklooma nahk ja karvkate on alati terved.<\/li>\n<li>Retsept on rikastatud XOS (ks\u00fclani oligosahhariidid) ja MOS (mannaani oligosahhariidid) prebiootikumidega, mis stimuleerivad seedimist.<\/li>\n<li>Spetsiaalselt kasside tervise jaoks koostatud, kasutades k\u00f5rgeima kvaliteediga toitaineid ja testitud Made in Italy testi abil.<\/li>\n<\/ul>","protected":false},"excerpt":{"rendered":"<p class=\"MsoNoSpacing\">Kuivtoit kanaga tiinetele ja imetavatele emasloomadele ning kutsikatele.<\/p>","protected":false},"featured_media":30791,"comment_status":"closed","ping_status":"closed","template":"","meta":{"_acf_changed":false,"slim_seo":{"title":"Monge Natural Superpremium Sterilised Chicken sausas maistas kat\u0117ms - Zooprekes24","description":"Kuivtoit kanaga tiinetele ja imetavatele emasloomadele ning kutsikatele."},"iawp_total_views":100},"product_brand":[],"product_cat":[72,83,25,9198,9016],"product_tag":[],"class_list":{"0":"post-30786","1":"product","2":"type-product","3":"status-publish","4":"has-post-thumbnail","6":"product_cat-kaciu-maistas","7":"product_cat-kaciu-prekiu-gamintojai","8":"product_cat-katems","9":"product_cat-monge-katems","10":"product_cat-sausas-maistas-kaciu-maistas","11":"pa_pasaro-sudetis-vistiena","12":"pa_prekiu-zenklai-monge-natural-superpremium","14":"first","15":"instock","16":"taxable","17":"shipping-taxable","18":"purchasable","19":"product-type-variable"},"acf":[],"_links":{"self":[{"href":"https:\/\/zooprekes24.lt\/et\/wp-json\/wp\/v2\/product\/30786","targetHints":{"allow":["GET"]}}],"collection":[{"href":"https:\/\/zooprekes24.lt\/et\/wp-json\/wp\/v2\/product"}],"about":[{"href":"https:\/\/zooprekes24.lt\/et\/wp-json\/wp\/v2\/types\/product"}],"replies":[{"embeddable":true,"href":"https:\/\/zooprekes24.lt\/et\/wp-json\/wp\/v2\/comments?post=30786"}],"wp:featuredmedia":[{"embeddable":true,"href":"https:\/\/zooprekes24.lt\/et\/wp-json\/wp\/v2\/media\/30791"}],"wp:attachment":[{"href":"https:\/\/zooprekes24.lt\/et\/wp-json\/wp\/v2\/media?parent=30786"}],"wp:term":[{"taxonomy":"product_brand","embeddable":true,"href":"https:\/\/zooprekes24.lt\/et\/wp-json\/wp\/v2\/product_brand?post=30786"},{"taxonomy":"product_cat","embeddable":true,"href":"https:\/\/zooprekes24.lt\/et\/wp-json\/wp\/v2\/product_cat?post=30786"},{"taxonomy":"product_tag","embeddable":true,"href":"https:\/\/zooprekes24.lt\/et\/wp-json\/wp\/v2\/product_tag?post=30786"}],"curies":[{"name":"wp","href":"https:\/\/api.w.org\/{rel}","templated":true}]}}