{"id":30684,"date":"2024-09-27T15:46:05","date_gmt":"2024-09-27T12:46:05","guid":{"rendered":"https:\/\/zooprekes24.lt\/?post_type=product&#038;p=30684"},"modified":"2025-06-18T18:42:02","modified_gmt":"2025-06-18T16:42:02","slug":"monge-bwild-koik-tougu-kutsikad-juunior-hirvepojad","status":"publish","type":"product","link":"https:\/\/zooprekes24.lt\/et\/produktas\/monge-bwild-all-breeds-puppy-junior-deer\/","title":{"rendered":"Monge BWild All Breeds Puppy &amp; Junior Deer kuivtoit kutsikatele"},"content":{"rendered":"<h3 class=\"MsoNoSpacing\">Monge BWild All Breeds Puppy &amp; Junior Deer on t\u00e4istoit kutsikatele ja noortele koertele k\u00f5ikidest t\u00f5ugudest ja suurustest kuni 1-aastastele koertele. Liha on igas Monge BWildi toidus peamine koostisosa ja valguallikas.<\/h3>\n<ul>\n<li>Valmistatud Itaalias.<\/li>\n<li>Ei ole lisatud v\u00e4rvaineid ega kunstlikke s\u00e4ilitusaineid.<\/li>\n<li>Esimene koostisosa on ulukiliha. S\u00f6\u00f6da retsepti iseloomustab selle seeditavus ja maitse t\u00e4nu v\u00e4rskele lihale.<\/li>\n<li>Retsept on t\u00e4iustatud j\u00e4rgmise p\u00f5lvkonna XOS-ga (ks\u00fcloligosahhariidid), mis on soolestiku tervist toetavad prebiootikumid.<\/li>\n<li>Spetsiaalselt teie koera tervise jaoks koostatud, kasutades k\u00f5rgeima kvaliteediga toitaineid ja testitud Made in Italy testi abil.<\/li>\n<li>See sisaldab ka gl\u00fckosamiini ja kondroitiinsulfaati, et toetada liigeste arengut, ning tasakaalustatud kaltsiumi ja fosfori suhet, mis tagab luude ja liigeste korrap\u00e4rase kasvu.<\/li>\n<\/ul>","protected":false},"excerpt":{"rendered":"<p class=\"MsoNoSpacing\">Kuivtoit kanaga tiinetele ja imetavatele emasloomadele ning kutsikatele.<\/p>","protected":false},"featured_media":30687,"comment_status":"closed","ping_status":"closed","template":"","meta":{"_acf_changed":false,"slim_seo":{"title":"Monge BWild All Breeds Puppy & Junior Deer sausas maistas \u0161uniukams - Zooprekes24","description":"Kuivtoit kanaga tiinetele ja imetavatele emasloomadele ning kutsikatele."},"iawp_total_views":74},"product_brand":[],"product_cat":[9192,9002,8999,29,31],"product_tag":[],"class_list":{"0":"post-30684","1":"product","2":"type-product","3":"status-publish","4":"has-post-thumbnail","6":"product_cat-monge-sunims","7":"product_cat-sausas-maistas","8":"product_cat-sunims","9":"product_cat-sunu-maistas","10":"product_cat-sunu-prekiu-gamintojai","11":"pa_pasaro-sudetis-stirniena-elniena","12":"pa_prekiu-zenklai-monge-bwild","13":"pa_suns-amzius-jauniems","14":"pa_veisles-dydis-didelems-veislems","15":"pa_veisles-dydis-mazoms-veislems","16":"pa_veisles-dydis-vidutinems-veislems","17":"pa_veisles-dydis-visu-dydziu-veislems","19":"first","20":"instock","21":"taxable","22":"shipping-taxable","23":"purchasable","24":"product-type-variable"},"acf":[],"_links":{"self":[{"href":"https:\/\/zooprekes24.lt\/et\/wp-json\/wp\/v2\/product\/30684","targetHints":{"allow":["GET"]}}],"collection":[{"href":"https:\/\/zooprekes24.lt\/et\/wp-json\/wp\/v2\/product"}],"about":[{"href":"https:\/\/zooprekes24.lt\/et\/wp-json\/wp\/v2\/types\/product"}],"replies":[{"embeddable":true,"href":"https:\/\/zooprekes24.lt\/et\/wp-json\/wp\/v2\/comments?post=30684"}],"wp:featuredmedia":[{"embeddable":true,"href":"https:\/\/zooprekes24.lt\/et\/wp-json\/wp\/v2\/media\/30687"}],"wp:attachment":[{"href":"https:\/\/zooprekes24.lt\/et\/wp-json\/wp\/v2\/media?parent=30684"}],"wp:term":[{"taxonomy":"product_brand","embeddable":true,"href":"https:\/\/zooprekes24.lt\/et\/wp-json\/wp\/v2\/product_brand?post=30684"},{"taxonomy":"product_cat","embeddable":true,"href":"https:\/\/zooprekes24.lt\/et\/wp-json\/wp\/v2\/product_cat?post=30684"},{"taxonomy":"product_tag","embeddable":true,"href":"https:\/\/zooprekes24.lt\/et\/wp-json\/wp\/v2\/product_tag?post=30684"}],"curies":[{"name":"wp","href":"https:\/\/api.w.org\/{rel}","templated":true}]}}